{"id":6447,"date":"2023-12-06T18:15:05","date_gmt":"2023-12-06T16:15:05","guid":{"rendered":"https:\/\/prim.io\/prim-io\/"},"modified":"2024-05-09T13:34:14","modified_gmt":"2024-05-09T10:34:14","slug":"prim-io","status":"publish","type":"page","link":"https:\/\/prim.io\/ro\/prim-io\/","title":{"rendered":"Descoper\u0103 Prim.io &#8211; evolu\u021bia SalesRay.com"},"content":{"rendered":"<section id=\"primary\" class=\"fullheight white primary\" style=\"url\">\r\n    <div class=\"overlay\" id=\"pageClass\" value=\"white\"><\/div>\r\n\t<flex class=\"content wide\">\r\n\t\t<div class=\"cnt_float narrow center\">\r\n\t\t\t<header class=\"txt_center\">\r\n\t\t\t\t<h1>Bun venit la <b>Prim.io<\/b><\/h1>\r\n\t\t\t\t<p class=\"x2\"><span style=\"display: none\">ERP, CRM, V\u00e2nz\u0103ri<\/span><\/p>\r\n\t\t\t<\/header>\r\n            <header class=\"txt_center narrow center\">\r\n\t\t\t\t<h2>Descoper\u0103 Prim.io: Evolu\u021bia SalesRay.com<\/h2>\r\n            <\/header>\r\n\t\t\t\t<p class=\"summary\">Suntem bucuro\u0219i s\u0103 v\u0103 \u00eemp\u0103rt\u0103\u0219im o \u0219tire important\u0103 - Viziunea noastr\u0103 se extinde iar, cu Prim.io, facem un salt \u00eendr\u0103zne\u021b \u00een mijlocul pie\u021bei globale. Prim.io are deja v\u00e2nz\u0103ri \u00een mai multe \u021b\u0103ri de pe trei continente.<\/p>\r\n                <p class=\"summary\">Cu Prim.io, ne reafirm\u0103m dedicarea de a crea a solu\u021bie competitiv\u0103 care rezoneaz\u0103 la scar\u0103 interna\u021bional\u0103.<\/p>\r\n                <p class=\"summary\">Sprijinul dumneavoastr\u0103 alimenteaz\u0103 inova\u021bia \u0219i succesul nostru \u0219i suntem recunosc\u0103tori c\u0103 v\u0103 avem al\u0103turi de noi \u00een aceast\u0103 c\u0103l\u0103torie remarcabil\u0103. \u00cempreun\u0103, nu doar cre\u0219tem, ci prosper\u0103m, pretutindeni!<\/p>\r\n                <p class=\"summary\">Cu stim\u0103,<br>Echipa Prim.io<\/p>\r\n\t\t<div class=\"buttons txt_center\">\r\n\t\t\t\t<a href=\"demo\" class=\"btn big\">\u00ceNCEARC\u0102 ACUM<\/a>\r\n\t\t<\/div>\r\n        <\/div>\r\n\t<\/flex>\r\n<\/section>","protected":false},"excerpt":{"rendered":"<p>Bun venit la Prim.io ERP, CRM, V\u00e2nz\u0103ri Descoper\u0103 Prim.io: Evolu\u021bia SalesRay.com Suntem bucuro\u0219i s\u0103 v\u0103 \u00eemp\u0103rt\u0103\u0219im o \u0219tire important\u0103 &#8211; Viziunea noastr\u0103 se extinde iar, cu Prim.io, facem un salt \u00eendr\u0103zne\u021b \u00een mijlocul pie\u021bei globale. Prim.io are deja v\u00e2nz\u0103ri \u00een mai multe \u021b\u0103ri de pe trei continente. Cu Prim.io, ne reafirm\u0103m dedicarea de a crea [&hellip;]<\/p>\n","protected":false},"author":2,"featured_media":0,"parent":0,"menu_order":16,"comment_status":"closed","ping_status":"closed","template":"","meta":{"footnotes":""},"yoast_head":"<!-- This site is optimized with the Yoast SEO plugin v24.5 - https:\/\/yoast.com\/wordpress\/plugins\/seo\/ -->\n<title>Descoper\u0103 Prim.io - evolu\u021bia SalesRay.com - Prim.io<\/title>\n<meta name=\"robots\" content=\"index, nofollow, max-snippet:-1, max-image-preview:large, max-video-preview:-1\" \/>\n<link rel=\"canonical\" href=\"https:\/\/prim.io\/ro\/prim-io\/\" \/>\n<meta property=\"og:locale\" content=\"ro_RO\" \/>\n<meta property=\"og:type\" content=\"article\" \/>\n<meta property=\"og:title\" content=\"Descoper\u0103 Prim.io - evolu\u021bia SalesRay.com - Prim.io\" \/>\n<meta property=\"og:description\" content=\"Bun venit la Prim.io ERP, CRM, V\u00e2nz\u0103ri Descoper\u0103 Prim.io: Evolu\u021bia SalesRay.com Suntem bucuro\u0219i s\u0103 v\u0103 \u00eemp\u0103rt\u0103\u0219im o \u0219tire important\u0103 - Viziunea noastr\u0103 se extinde iar, cu Prim.io, facem un salt \u00eendr\u0103zne\u021b \u00een mijlocul pie\u021bei globale. Prim.io are deja v\u00e2nz\u0103ri \u00een mai multe \u021b\u0103ri de pe trei continente. Cu Prim.io, ne reafirm\u0103m dedicarea de a crea [&hellip;]\" \/>\n<meta property=\"og:url\" content=\"https:\/\/prim.io\/ro\/prim-io\/\" \/>\n<meta property=\"og:site_name\" content=\"PRIM.IO\" \/>\n<meta property=\"article:publisher\" content=\"https:\/\/www.facebook.com\/primioerp\" \/>\n<meta property=\"article:modified_time\" content=\"2024-05-09T10:34:14+00:00\" \/>\n<meta property=\"og:image\" content=\"https:\/\/prim.io\/content\/uploads\/2023\/08\/salesray_working.jpg\" \/>\n\t<meta property=\"og:image:width\" content=\"2500\" \/>\n\t<meta property=\"og:image:height\" content=\"893\" \/>\n\t<meta property=\"og:image:type\" content=\"image\/jpeg\" \/>\n<meta name=\"twitter:card\" content=\"summary_large_image\" \/>\n<meta name=\"twitter:label1\" content=\"Timp estimat pentru citire\" \/>\n\t<meta name=\"twitter:data1\" content=\"1 minut\" \/>\n<script type=\"application\/ld+json\" class=\"yoast-schema-graph\">{\"@context\":\"https:\/\/schema.org\",\"@graph\":[{\"@type\":\"WebPage\",\"@id\":\"https:\/\/prim.io\/ro\/prim-io\/\",\"url\":\"https:\/\/prim.io\/ro\/prim-io\/\",\"name\":\"Descoper\u0103 Prim.io - evolu\u021bia SalesRay.com - Prim.io\",\"isPartOf\":{\"@id\":\"https:\/\/prim.io\/en\/#website\"},\"datePublished\":\"2023-12-06T16:15:05+00:00\",\"dateModified\":\"2024-05-09T10:34:14+00:00\",\"breadcrumb\":{\"@id\":\"https:\/\/prim.io\/ro\/prim-io\/#breadcrumb\"},\"inLanguage\":\"ro-RO\",\"potentialAction\":[{\"@type\":\"ReadAction\",\"target\":[\"https:\/\/prim.io\/ro\/prim-io\/\"]}]},{\"@type\":\"BreadcrumbList\",\"@id\":\"https:\/\/prim.io\/ro\/prim-io\/#breadcrumb\",\"itemListElement\":[{\"@type\":\"ListItem\",\"position\":1,\"name\":\"PRIM.IO\",\"item\":\"https:\/\/prim.io\/ro\/\"},{\"@type\":\"ListItem\",\"position\":2,\"name\":\"Descoper\u0103 Prim.io &#8211; evolu\u021bia SalesRay.com\"}]},{\"@type\":\"WebSite\",\"@id\":\"https:\/\/prim.io\/en\/#website\",\"url\":\"https:\/\/prim.io\/en\/\",\"name\":\"PRIM.IO\",\"description\":\"Cloud based ERP, CRM, Sales, Finances and more\",\"publisher\":{\"@id\":\"https:\/\/prim.io\/en\/#organization\"},\"alternateName\":\"PRIM\",\"potentialAction\":[{\"@type\":\"SearchAction\",\"target\":{\"@type\":\"EntryPoint\",\"urlTemplate\":\"https:\/\/prim.io\/en\/?s={search_term_string}\"},\"query-input\":{\"@type\":\"PropertyValueSpecification\",\"valueRequired\":true,\"valueName\":\"search_term_string\"}}],\"inLanguage\":\"ro-RO\"},{\"@type\":\"Organization\",\"@id\":\"https:\/\/prim.io\/en\/#organization\",\"name\":\"PRIM.IO\",\"alternateName\":\"PRIM\",\"url\":\"https:\/\/prim.io\/en\/\",\"logo\":{\"@type\":\"ImageObject\",\"inLanguage\":\"ro-RO\",\"@id\":\"https:\/\/prim.io\/en\/#\/schema\/logo\/image\/\",\"url\":\"https:\/\/prim.io\/content\/uploads\/2024\/01\/prim_logo_big_icon_transp_256.png\",\"contentUrl\":\"https:\/\/prim.io\/content\/uploads\/2024\/01\/prim_logo_big_icon_transp_256.png\",\"width\":256,\"height\":256,\"caption\":\"PRIM.IO\"},\"image\":{\"@id\":\"https:\/\/prim.io\/en\/#\/schema\/logo\/image\/\"},\"sameAs\":[\"https:\/\/www.facebook.com\/primioerp\",\"https:\/\/www.linkedin.com\/showcase\/primioerp\"]}]}<\/script>\n<!-- \/ Yoast SEO plugin. -->","yoast_head_json":{"title":"Descoper\u0103 Prim.io - evolu\u021bia SalesRay.com - Prim.io","robots":{"index":"index","follow":"nofollow","max-snippet":"max-snippet:-1","max-image-preview":"max-image-preview:large","max-video-preview":"max-video-preview:-1"},"canonical":"https:\/\/prim.io\/ro\/prim-io\/","og_locale":"ro_RO","og_type":"article","og_title":"Descoper\u0103 Prim.io - evolu\u021bia SalesRay.com - Prim.io","og_description":"Bun venit la Prim.io ERP, CRM, V\u00e2nz\u0103ri Descoper\u0103 Prim.io: Evolu\u021bia SalesRay.com Suntem bucuro\u0219i s\u0103 v\u0103 \u00eemp\u0103rt\u0103\u0219im o \u0219tire important\u0103 - Viziunea noastr\u0103 se extinde iar, cu Prim.io, facem un salt \u00eendr\u0103zne\u021b \u00een mijlocul pie\u021bei globale. Prim.io are deja v\u00e2nz\u0103ri \u00een mai multe \u021b\u0103ri de pe trei continente. Cu Prim.io, ne reafirm\u0103m dedicarea de a crea [&hellip;]","og_url":"https:\/\/prim.io\/ro\/prim-io\/","og_site_name":"PRIM.IO","article_publisher":"https:\/\/www.facebook.com\/primioerp","article_modified_time":"2024-05-09T10:34:14+00:00","og_image":[{"width":2500,"height":893,"url":"https:\/\/prim.io\/content\/uploads\/2023\/08\/salesray_working.jpg","type":"image\/jpeg"}],"twitter_card":"summary_large_image","twitter_misc":{"Timp estimat pentru citire":"1 minut"},"schema":{"@context":"https:\/\/schema.org","@graph":[{"@type":"WebPage","@id":"https:\/\/prim.io\/ro\/prim-io\/","url":"https:\/\/prim.io\/ro\/prim-io\/","name":"Descoper\u0103 Prim.io - evolu\u021bia SalesRay.com - Prim.io","isPartOf":{"@id":"https:\/\/prim.io\/en\/#website"},"datePublished":"2023-12-06T16:15:05+00:00","dateModified":"2024-05-09T10:34:14+00:00","breadcrumb":{"@id":"https:\/\/prim.io\/ro\/prim-io\/#breadcrumb"},"inLanguage":"ro-RO","potentialAction":[{"@type":"ReadAction","target":["https:\/\/prim.io\/ro\/prim-io\/"]}]},{"@type":"BreadcrumbList","@id":"https:\/\/prim.io\/ro\/prim-io\/#breadcrumb","itemListElement":[{"@type":"ListItem","position":1,"name":"PRIM.IO","item":"https:\/\/prim.io\/ro\/"},{"@type":"ListItem","position":2,"name":"Descoper\u0103 Prim.io &#8211; evolu\u021bia SalesRay.com"}]},{"@type":"WebSite","@id":"https:\/\/prim.io\/en\/#website","url":"https:\/\/prim.io\/en\/","name":"PRIM.IO","description":"Cloud based ERP, CRM, Sales, Finances and more","publisher":{"@id":"https:\/\/prim.io\/en\/#organization"},"alternateName":"PRIM","potentialAction":[{"@type":"SearchAction","target":{"@type":"EntryPoint","urlTemplate":"https:\/\/prim.io\/en\/?s={search_term_string}"},"query-input":{"@type":"PropertyValueSpecification","valueRequired":true,"valueName":"search_term_string"}}],"inLanguage":"ro-RO"},{"@type":"Organization","@id":"https:\/\/prim.io\/en\/#organization","name":"PRIM.IO","alternateName":"PRIM","url":"https:\/\/prim.io\/en\/","logo":{"@type":"ImageObject","inLanguage":"ro-RO","@id":"https:\/\/prim.io\/en\/#\/schema\/logo\/image\/","url":"https:\/\/prim.io\/content\/uploads\/2024\/01\/prim_logo_big_icon_transp_256.png","contentUrl":"https:\/\/prim.io\/content\/uploads\/2024\/01\/prim_logo_big_icon_transp_256.png","width":256,"height":256,"caption":"PRIM.IO"},"image":{"@id":"https:\/\/prim.io\/en\/#\/schema\/logo\/image\/"},"sameAs":["https:\/\/www.facebook.com\/primioerp","https:\/\/www.linkedin.com\/showcase\/primioerp"]}]}},"_links":{"self":[{"href":"https:\/\/prim.io\/ro\/wp-json\/wp\/v2\/pages\/6447"}],"collection":[{"href":"https:\/\/prim.io\/ro\/wp-json\/wp\/v2\/pages"}],"about":[{"href":"https:\/\/prim.io\/ro\/wp-json\/wp\/v2\/types\/page"}],"author":[{"embeddable":true,"href":"https:\/\/prim.io\/ro\/wp-json\/wp\/v2\/users\/2"}],"replies":[{"embeddable":true,"href":"https:\/\/prim.io\/ro\/wp-json\/wp\/v2\/comments?post=6447"}],"version-history":[{"count":9,"href":"https:\/\/prim.io\/ro\/wp-json\/wp\/v2\/pages\/6447\/revisions"}],"predecessor-version":[{"id":6643,"href":"https:\/\/prim.io\/ro\/wp-json\/wp\/v2\/pages\/6447\/revisions\/6643"}],"wp:attachment":[{"href":"https:\/\/prim.io\/ro\/wp-json\/wp\/v2\/media?parent=6447"}],"curies":[{"name":"wp","href":"https:\/\/api.w.org\/{rel}","templated":true}]}}