{"id":5493,"date":"2022-12-23T11:55:32","date_gmt":"2022-12-23T09:55:32","guid":{"rendered":"https:\/\/www-dev.salesray.com\/boarding_support\/"},"modified":"2024-08-09T16:06:08","modified_gmt":"2024-08-09T13:06:08","slug":"implementare-si-suport","status":"publish","type":"page","link":"https:\/\/prim.io\/ro\/implementare-si-suport\/","title":{"rendered":"Implementare \u0219i Suport Clien\u021bi"},"content":{"rendered":"<section id=\"boarding\" class=\"fullheight white primary\" style=\"url\">\r\n\t<div class=\"overlay\" id=\"pageClass\" value=\"white\"><\/div>\r\n\t<flex class=\"content wide\">\r\n\t\t<div class=\"cnt_float\">\r\n\t\t\t<header class=\"txt_center\">\r\n\t\t\t\t<h1 style=\"padding-top: 20%;\">Implementare cu consultan\u021bii no\u0219tri<\/h1>\r\n\t\t\t<\/header>\r\n\t\t\t<div class=\"grid boxes\">\r\n\t\t\t\t<div>\r\n\t\t\t\t\t<h3 class=\"icon-lamp\">Expertiz\u0103 \u0219i consultan\u021b\u0103<\/h3>\r\n\t\t\t\t\t<p>Practica ne arat\u0103 c\u0103 solu\u021biile software e\u0219ueaz\u0103 mai des, nu pentru c\u0103 sunt de proast\u0103 calitate, ci din cauza implement\u0103rii neadecvate. C\u00e2nd ne-am configurat serviciile, am vrut s\u0103 permitem companiilor s\u0103 \u00ee\u0219i seteze singure sistemele, a\u0219a c\u0103 am creat mai multe videoclipuri pentru fiecare pas. De-a lungul timpului, ne-am convins c\u0103 cea mai bun\u0103 op\u021biune este s\u0103 particip\u0103m activ la configurarea ini\u021bial\u0103 prin 'implementare'. Scopul nostru principal este s\u0103 folosim experien\u021ba acumulat\u0103 \u0219i bunele practici pentru optimizarea maxim\u0103 a activit\u0103\u021bilor companiei dumneavoastr\u0103.<\/p>\r\n\t\t\t\t<\/div>\r\n\t\t\t\t<div>\r\n\t\t\t\t\t<h3 class=\"icon-sliders\">Set\u0103ri \u0219i onboarding<\/h3>\r\n\t\t\t\t\t<p>Implementarea este un serviciu unic care include consultarea \u0219i configurarea ini\u021bial\u0103 a sistemului. Expertul nostru \u00een implementare trece, al\u0103turi de un utilizator cheie din partea clientului, prin setarea tuturor pa\u0219ilor sistemului dumneavoastr\u0103. Aceasta include toate func\u021bionalit\u0103\u021bile, crearea de roluri \u0219i drepturi \u00een func\u021bie de nevoile companiei, importarea informa\u021biilor despre Parteneri\/Finan\u021be\/Nomenclatur\u0103, precum \u0219i realizarea integr\u0103rilor cu sistemele externe (sisteme de expediere, platforme de e-commerce \u0219i marketplace-uri).<\/p>\r\n\t\t\t\t<\/div>\r\n\t\t\t\t<div>\r\n\t\t\t\t\t<h3 class=\"icon-users\">Instruire \u0219i eficientizare<\/h3>\r\n\t\t\t\t\t<p>Astfel, pe l\u00e2ng\u0103 clarificarea logicii de business, sistemul este adaptat \u0219i modului dumneavoastr\u0103 de lucru. Pentru o eficien\u021b\u0103 maxim\u0103 a procesului, \u00eemp\u0103rt\u0103\u0219im expertiza noastr\u0103 \u0219i ajut\u0103m cu diverse practici ale afacerilor de succes. Pentru aceast\u0103 perioad\u0103 de implementare (de obicei \u00eentre 2 \u0219i 4 s\u0103pt\u0103m\u00e2ni), utilizatorul cheie \u00een\u021belege pe deplin cum func\u021bioneaz\u0103 Prim.io, parcurg\u00e2nd toate procesele \u00een detaliu.<\/p>\r\n\t\t\t\t<\/div>\r\n\t\t\t<\/div>\r\n\t\t<\/div>\r\n\t<\/flex>\r\n<\/section>\r\n\r\n<section id=\"second\" class=\"white\">\r\n\t<div class=\"overlay\"><\/div>\r\n\t<div class=\"content features padded\">\r\n\t\t<header class=\"txt_center\">\r\n\t\t\t<h2>Asisten\u021b\u0103 \u0219i \u00eentre\u021binere<\/h2>\r\n\t\t\t<p>Vom fi al\u0103turi de dumneavoastr\u0103 \u0219i \u00een urm\u0103toarea etap\u0103 a lucrului cu Prim.io, c\u00e2nd to\u021bi utilizatorii au \u00eenceput deja s\u0103 lucreze cu sistemul ERP implementat. Pute\u021bi conta pe servicii de calitate din partea speciali\u0219tilor no\u0219tri de \u00eentre\u021binere \u0219i asisten\u021b\u0103 prin dou\u0103 canale principale:<\/p>\r\n\t\t<\/header>\r\n\t\t<div class=\"grid gx2 padded-bottom\">\r\n\t\t\t<div>\r\n\t\t\t\t<h3 class=\"icon-mail\">Asisten\u021b\u0103 prin e-mail<\/h3>\r\n\t\t\t\t<p>Serviciul \u201eAsisten\u021b\u0103 prin e-mail\u201d este gratuit \u0219i nelimitat pentru to\u021bi clien\u021bii Prim.io. Pute\u021bi trimite \u00eentreb\u0103rile oric\u00e2nd la support@prim.io. Fiecare e-mail primit este \u00eenregistrat cu un num\u0103r de ticket, prin care v\u0103 vom informa despre starea solicit\u0103rii dumneavoastr\u0103.<\/p>\r\n\t\t\t<\/div>\r\n\t\t\t<div>\r\n\t\t\t\t<h3 class=\"icon-phone\">Asisten\u021b\u0103 prin telefon<\/h3>\r\n\t\t\t\t<p>Asisten\u021ba telefonic\u0103 este asigurat\u0103 prin central\u0103 la +40 (31) 631 4371.\r\n\t\t\t\tServiciul este gratuit \u00een primele \u0219ase luni de la \u00eenregistrarea contului de client, iar pentru clien\u021bii Prim.io.Enterprise este gratuit nelimitat. Dup\u0103 expirarea perioadei de \u0219ase luni, pute\u021bi pl\u0103ti pentru asisten\u021b\u0103 telefonic\u0103 conform Planurilor de Pre\u021b.<\/p>\r\n\t\t\t<\/div>\r\n\t\t<\/div>\r\n\t\t<div class=\"buttons txt_center padded-top\">\r\n\t\t\t<div class=\"big btn blue icon-phone\">+40 (31) 631 4371<\/div>\r\n\t\t<\/div>\r\n\t<\/div>\r\n<\/section>\r\n\r\n<section id=\"support\" class=\"\">\r\n\t<div class=\"overlay\">\r\n\t\t<style>\r\n\t\t\t#support .not-incl { padding-top: 5rem; color: coral; }\r\n\t\t<\/style>\r\n\t<\/div>\r\n\t<div class=\"content features padded border-top\">\r\n\t\t<header class=\"txt_center\">\r\n\t\t\t<h2>Ce acoper\u0103 serviciul de \u00eentre\u021binere \u0219i asisten\u021b\u0103?<\/h2>\r\n\t\t\t<p>Serviciile \u201eAsisten\u021b\u0103 telefonic\u0103\u201d \u0219i \u201eAsisten\u021b\u0103 prin e-mail\u201d acoper\u0103 urm\u0103toarele activit\u0103\u021bi:<\/p>\r\n\t\t<\/header>\r\n\t\t<div class=\"grid padded-bottom text-content\">\r\n\t\t\t<div>\r\n\t\t\t\t<h3 class=\"icon-users\">R\u0103spunsuri la \u00eentreb\u0103ri \u0219i probleme frecvente care pot fi \u00eent\u00e2lnite \u00een baza de date standard a Prim.io:<\/h3>\r\n\t\t\t\t<ul>\r\n\t\t\t\t\t<li>Nu m\u0103 pot conecta la sistem. E vreo problem\u0103 cu autentificarea\/parola\/numele de utilizator?<\/li>\r\n\t\t\t\t\t<li>Unde g\u0103sesc un raport pentru articolele v\u00e2ndute ast\u0103zi?<\/li>\r\n\t\t\t\t\t<li>Unde pot g\u0103si o list\u0103 de Comenzi de Achizi\u021bie\/Comenzi de V\u00e2nz\u0103ri?<\/li>\r\n\t\t\t\t\t<li>Cum editez\/\u0219terg\/anulez un document?<\/li>\r\n\t\t\t\t\t<li>De ce nu pot scoate un articol din depozit chiar dac\u0103 am stoc la el?<\/li>\r\n\t\t\t\t<\/ul>\r\n\t\t\t<\/div>\r\n\r\n\t\t\t<div>\r\n\t\t\t\t<h3 class=\"icon-doc-text-inv\">Furnizarea de diverse materiale \u0219i documente interne pentru lucrul cu sistemul ERP, inclusiv:<\/h3>\r\n\t\t\t\t<ul>\r\n\t\t\t\t\t<li>Pagini specifice din Ghidul utilizatorului Prim.io;<\/li>\r\n\t\t\t\t\t<li>Pagini specifice din documenta\u021bia API a Prim.io;<\/li>\r\n\t\t\t\t\t<li>Videoclipuri \/ Youtube Tutorials.<\/li>\r\n\t\t\t\t<\/ul>\r\n\t\t\t<\/div>\r\n\r\n\t\t\t<div>\r\n\t\t\t\t<h3 class=\"icon-cog-alt\">Eliminarea erorilor, a problemelor de func\u021bionare ale software-ului care nu se datoreaz\u0103 unei configur\u0103ri gre\u0219ite:<\/h3>\r\n\t\t\t\t<ul>\r\n\t\t\t\t\t<li>Mesaje de eroare de sistem care \u00eempiedic\u0103 utilizatorii s\u0103 lucreze;<\/li>\r\n\t\t\t\t\t<li>Opera\u021biunile se blocheaz\u0103\/ecranul se blocheaz\u0103.<\/li>\r\n\t\t\t\t<\/ul>\r\n\t\t\t<\/div>\r\n\t\t<\/div>\r\n\t\t\r\n\t\t\r\n\t\t<h3 class=\"not-incl txt_center\">Ce nu este inclus \u00een serviciile de asisten\u021b\u0103 \u0219i \u00eentre\u021binere?<\/h3>\r\n\t\t<p>Departamentul nostru de asisten\u021b\u0103 \u0219i \u00eentre\u021binere nu va putea r\u0103spunde la \u00eentreb\u0103ri \u0219i sugestii legate de configura\u021bia sistemului \u0219i logica de func\u021bionare a clientului. Aceste \u00eentreb\u0103ri ar trebui adresate de c\u0103tre utilizatorii cheie ai sistemului, din partea clientului, consultantului de implementare, din partea Antipodes.<\/p>\r\n\t<\/div>\r\n<\/section>\r\n<section id=\"resources\" class=\"\">\r\n\t<div class=\"overlay\"><\/div>\r\n\t<div class=\"content features padded border-top\">\r\n\t\t<header class=\"txt_center\">\r\n\t\t\t<h2>Resurse<\/h2>\r\n\t\t<\/header>\r\n\t\t<div class=\"grid gx2 padded-bottom\">\r\n\t\t\t<div>\r\n\t\t\t\t<h3 class=\"icon-doc-text-inv\">Documenta\u021bie API<\/h3>\r\n\t\t\t\t<p>Pentru automatizarea unora dintre procese, pentru comunicarea mai u\u0219oar\u0103 cu partenerii \u0219i clien\u021bii no\u0219tri, precum \u0219i pentru integr\u0103ri mai stabile, Prim.io ofer\u0103 tehnologie REST API modern\u0103 \u0219i u\u0219or de utilizat, accesibil\u0103 prin schema GET \u0219i solicit\u0103ri POST cu structuri JSON. Documenta\u021bia detaliat\u0103 API a Prim.io poate fi g\u0103sit\u0103 la <a href=\"https:\/\/api.prim.io\" target=\"_apidoc\" rel=\"noopener\">api.prim.io<\/a>.<\/p>\r\n\t\t\t\t<a href=\"https:\/\/api.prim.io\" target=\"_apidoc\" class=\"btn icon-doc-text-inv\" style=\"display: none;\" rel=\"noopener\">api.prim.io<\/a>\r\n\t\t\t<\/div>\r\n\t\t\t<div>\r\n\t\t\t\t<h3 class=\"icon-play\">Videoclipuri \/ Youtube Tutorials<\/h3>\r\n\t\t\t\t<p>Pentru confortul \u0219i economisirea timpului clien\u021bilor no\u0219tri, am creat un canal Youtube <a href=\"https:\/\/www.youtube.com\/playlist?list=PL3CW26VA6698f5rGKx-jxXIqbGiUZ0A8C\" target=\"_tutorials\" rel=\"noopener\">youtube@primsupport<\/a>. Aici, echipa noastr\u0103 posteaz\u0103 con\u021binut dedicat modului de configurare a sistemului, bunelor practici, precum \u0219i sfaturi interesante \u0219i utile legate de lucrul cu ERP-ul Prim.io.<\/p>\r\n\t\t\t\t<a href=\"https:\/\/www.youtube.com\/playlist?list=PL3CW26VA6698f5rGKx-jxXIqbGiUZ0A8C\" target=\"_tutorials\" class=\"btn icon-play\" style=\"display: none;\" rel=\"noopener\">youtube@primsupport<\/a>\r\n\t\t\t<\/div>\r\n\t\t<\/div>\r\n\t<\/div>\r\n<\/section>\r\n\r\n<section class=\"grey border-top\">\r\n\t<div class=\"overlay\"><\/div>\r\n\t<div class=\"content narrow padded txt_center\">\r\n\t\t<header>\r\n\t\t\t<h2 class=\"icon-clock\">Program de lucru<\/h2>\r\n\t\t<\/header>\r\n\t\t<p>Programul de lucru al departamentului de suport \u0219i \u00eentre\u021binere (care asigur\u0103 serviciile \u201eSuport telefonic\u201d \u0219i \u201eSuport prin e-mail\u201d) este de la 09:00 la 18:00, \u00een fiecare zi lucr\u0103toare.<\/p>\r\n\t<\/div>\r\n<\/section>\r\n\r\n\r\n","protected":false},"excerpt":{"rendered":"<p>Implementare cu consultan\u021bii no\u0219tri Expertiz\u0103 \u0219i consultan\u021b\u0103 Practica ne arat\u0103 c\u0103 solu\u021biile software e\u0219ueaz\u0103 mai des, nu pentru c\u0103 sunt de proast\u0103 calitate, ci din cauza implement\u0103rii neadecvate. C\u00e2nd ne-am configurat serviciile, am vrut s\u0103 permitem companiilor s\u0103 \u00ee\u0219i seteze singure sistemele, a\u0219a c\u0103 am creat mai multe videoclipuri pentru fiecare pas. De-a lungul timpului, [&hellip;]<\/p>\n","protected":false},"author":2,"featured_media":0,"parent":0,"menu_order":3,"comment_status":"closed","ping_status":"closed","template":"","meta":{"footnotes":""},"yoast_head":"<!-- This site is optimized with the Yoast SEO plugin v24.5 - https:\/\/yoast.com\/wordpress\/plugins\/seo\/ -->\n<title>Implementare \u0219i Suport Clien\u021bi - Prim.io<\/title>\n<meta name=\"robots\" content=\"index, follow, max-snippet:-1, max-image-preview:large, max-video-preview:-1\" \/>\n<link rel=\"canonical\" href=\"https:\/\/prim.io\/ro\/implementare-si-suport\/\" \/>\n<meta property=\"og:locale\" content=\"ro_RO\" \/>\n<meta property=\"og:type\" content=\"article\" \/>\n<meta property=\"og:title\" content=\"Implementare \u0219i Suport Clien\u021bi - Prim.io\" \/>\n<meta property=\"og:description\" content=\"Implementare cu consultan\u021bii no\u0219tri Expertiz\u0103 \u0219i consultan\u021b\u0103 Practica ne arat\u0103 c\u0103 solu\u021biile software e\u0219ueaz\u0103 mai des, nu pentru c\u0103 sunt de proast\u0103 calitate, ci din cauza implement\u0103rii neadecvate. C\u00e2nd ne-am configurat serviciile, am vrut s\u0103 permitem companiilor s\u0103 \u00ee\u0219i seteze singure sistemele, a\u0219a c\u0103 am creat mai multe videoclipuri pentru fiecare pas. De-a lungul timpului, [&hellip;]\" \/>\n<meta property=\"og:url\" content=\"https:\/\/prim.io\/ro\/implementare-si-suport\/\" \/>\n<meta property=\"og:site_name\" content=\"PRIM.IO\" \/>\n<meta property=\"article:publisher\" content=\"https:\/\/www.facebook.com\/primioerp\" \/>\n<meta property=\"article:modified_time\" content=\"2024-08-09T13:06:08+00:00\" \/>\n<meta property=\"og:image\" content=\"https:\/\/prim.io\/content\/uploads\/2023\/08\/salesray_working.jpg\" \/>\n\t<meta property=\"og:image:width\" content=\"2500\" \/>\n\t<meta property=\"og:image:height\" content=\"893\" \/>\n\t<meta property=\"og:image:type\" content=\"image\/jpeg\" \/>\n<meta name=\"twitter:card\" content=\"summary_large_image\" \/>\n<meta name=\"twitter:label1\" content=\"Timp estimat pentru citire\" \/>\n\t<meta name=\"twitter:data1\" content=\"3 minute\" \/>\n<script type=\"application\/ld+json\" class=\"yoast-schema-graph\">{\"@context\":\"https:\/\/schema.org\",\"@graph\":[{\"@type\":\"WebPage\",\"@id\":\"https:\/\/prim.io\/ro\/implementare-si-suport\/\",\"url\":\"https:\/\/prim.io\/ro\/implementare-si-suport\/\",\"name\":\"Implementare \u0219i Suport Clien\u021bi - Prim.io\",\"isPartOf\":{\"@id\":\"https:\/\/prim.io\/en\/#website\"},\"datePublished\":\"2022-12-23T09:55:32+00:00\",\"dateModified\":\"2024-08-09T13:06:08+00:00\",\"breadcrumb\":{\"@id\":\"https:\/\/prim.io\/ro\/implementare-si-suport\/#breadcrumb\"},\"inLanguage\":\"ro-RO\",\"potentialAction\":[{\"@type\":\"ReadAction\",\"target\":[\"https:\/\/prim.io\/ro\/implementare-si-suport\/\"]}]},{\"@type\":\"BreadcrumbList\",\"@id\":\"https:\/\/prim.io\/ro\/implementare-si-suport\/#breadcrumb\",\"itemListElement\":[{\"@type\":\"ListItem\",\"position\":1,\"name\":\"PRIM.IO\",\"item\":\"https:\/\/prim.io\/ro\/\"},{\"@type\":\"ListItem\",\"position\":2,\"name\":\"Implementare \u0219i Suport Clien\u021bi\"}]},{\"@type\":\"WebSite\",\"@id\":\"https:\/\/prim.io\/en\/#website\",\"url\":\"https:\/\/prim.io\/en\/\",\"name\":\"PRIM.IO\",\"description\":\"Cloud based ERP, CRM, Sales, Finances and more\",\"publisher\":{\"@id\":\"https:\/\/prim.io\/en\/#organization\"},\"alternateName\":\"PRIM\",\"potentialAction\":[{\"@type\":\"SearchAction\",\"target\":{\"@type\":\"EntryPoint\",\"urlTemplate\":\"https:\/\/prim.io\/en\/?s={search_term_string}\"},\"query-input\":{\"@type\":\"PropertyValueSpecification\",\"valueRequired\":true,\"valueName\":\"search_term_string\"}}],\"inLanguage\":\"ro-RO\"},{\"@type\":\"Organization\",\"@id\":\"https:\/\/prim.io\/en\/#organization\",\"name\":\"PRIM.IO\",\"alternateName\":\"PRIM\",\"url\":\"https:\/\/prim.io\/en\/\",\"logo\":{\"@type\":\"ImageObject\",\"inLanguage\":\"ro-RO\",\"@id\":\"https:\/\/prim.io\/en\/#\/schema\/logo\/image\/\",\"url\":\"https:\/\/prim.io\/content\/uploads\/2024\/01\/prim_logo_big_icon_transp_256.png\",\"contentUrl\":\"https:\/\/prim.io\/content\/uploads\/2024\/01\/prim_logo_big_icon_transp_256.png\",\"width\":256,\"height\":256,\"caption\":\"PRIM.IO\"},\"image\":{\"@id\":\"https:\/\/prim.io\/en\/#\/schema\/logo\/image\/\"},\"sameAs\":[\"https:\/\/www.facebook.com\/primioerp\",\"https:\/\/www.linkedin.com\/showcase\/primioerp\"]}]}<\/script>\n<!-- \/ Yoast SEO plugin. -->","yoast_head_json":{"title":"Implementare \u0219i Suport Clien\u021bi - Prim.io","robots":{"index":"index","follow":"follow","max-snippet":"max-snippet:-1","max-image-preview":"max-image-preview:large","max-video-preview":"max-video-preview:-1"},"canonical":"https:\/\/prim.io\/ro\/implementare-si-suport\/","og_locale":"ro_RO","og_type":"article","og_title":"Implementare \u0219i Suport Clien\u021bi - Prim.io","og_description":"Implementare cu consultan\u021bii no\u0219tri Expertiz\u0103 \u0219i consultan\u021b\u0103 Practica ne arat\u0103 c\u0103 solu\u021biile software e\u0219ueaz\u0103 mai des, nu pentru c\u0103 sunt de proast\u0103 calitate, ci din cauza implement\u0103rii neadecvate. C\u00e2nd ne-am configurat serviciile, am vrut s\u0103 permitem companiilor s\u0103 \u00ee\u0219i seteze singure sistemele, a\u0219a c\u0103 am creat mai multe videoclipuri pentru fiecare pas. De-a lungul timpului, [&hellip;]","og_url":"https:\/\/prim.io\/ro\/implementare-si-suport\/","og_site_name":"PRIM.IO","article_publisher":"https:\/\/www.facebook.com\/primioerp","article_modified_time":"2024-08-09T13:06:08+00:00","og_image":[{"width":2500,"height":893,"url":"https:\/\/prim.io\/content\/uploads\/2023\/08\/salesray_working.jpg","type":"image\/jpeg"}],"twitter_card":"summary_large_image","twitter_misc":{"Timp estimat pentru citire":"3 minute"},"schema":{"@context":"https:\/\/schema.org","@graph":[{"@type":"WebPage","@id":"https:\/\/prim.io\/ro\/implementare-si-suport\/","url":"https:\/\/prim.io\/ro\/implementare-si-suport\/","name":"Implementare \u0219i Suport Clien\u021bi - Prim.io","isPartOf":{"@id":"https:\/\/prim.io\/en\/#website"},"datePublished":"2022-12-23T09:55:32+00:00","dateModified":"2024-08-09T13:06:08+00:00","breadcrumb":{"@id":"https:\/\/prim.io\/ro\/implementare-si-suport\/#breadcrumb"},"inLanguage":"ro-RO","potentialAction":[{"@type":"ReadAction","target":["https:\/\/prim.io\/ro\/implementare-si-suport\/"]}]},{"@type":"BreadcrumbList","@id":"https:\/\/prim.io\/ro\/implementare-si-suport\/#breadcrumb","itemListElement":[{"@type":"ListItem","position":1,"name":"PRIM.IO","item":"https:\/\/prim.io\/ro\/"},{"@type":"ListItem","position":2,"name":"Implementare \u0219i Suport Clien\u021bi"}]},{"@type":"WebSite","@id":"https:\/\/prim.io\/en\/#website","url":"https:\/\/prim.io\/en\/","name":"PRIM.IO","description":"Cloud based ERP, CRM, Sales, Finances and more","publisher":{"@id":"https:\/\/prim.io\/en\/#organization"},"alternateName":"PRIM","potentialAction":[{"@type":"SearchAction","target":{"@type":"EntryPoint","urlTemplate":"https:\/\/prim.io\/en\/?s={search_term_string}"},"query-input":{"@type":"PropertyValueSpecification","valueRequired":true,"valueName":"search_term_string"}}],"inLanguage":"ro-RO"},{"@type":"Organization","@id":"https:\/\/prim.io\/en\/#organization","name":"PRIM.IO","alternateName":"PRIM","url":"https:\/\/prim.io\/en\/","logo":{"@type":"ImageObject","inLanguage":"ro-RO","@id":"https:\/\/prim.io\/en\/#\/schema\/logo\/image\/","url":"https:\/\/prim.io\/content\/uploads\/2024\/01\/prim_logo_big_icon_transp_256.png","contentUrl":"https:\/\/prim.io\/content\/uploads\/2024\/01\/prim_logo_big_icon_transp_256.png","width":256,"height":256,"caption":"PRIM.IO"},"image":{"@id":"https:\/\/prim.io\/en\/#\/schema\/logo\/image\/"},"sameAs":["https:\/\/www.facebook.com\/primioerp","https:\/\/www.linkedin.com\/showcase\/primioerp"]}]}},"_links":{"self":[{"href":"https:\/\/prim.io\/ro\/wp-json\/wp\/v2\/pages\/5493"}],"collection":[{"href":"https:\/\/prim.io\/ro\/wp-json\/wp\/v2\/pages"}],"about":[{"href":"https:\/\/prim.io\/ro\/wp-json\/wp\/v2\/types\/page"}],"author":[{"embeddable":true,"href":"https:\/\/prim.io\/ro\/wp-json\/wp\/v2\/users\/2"}],"replies":[{"embeddable":true,"href":"https:\/\/prim.io\/ro\/wp-json\/wp\/v2\/comments?post=5493"}],"version-history":[{"count":27,"href":"https:\/\/prim.io\/ro\/wp-json\/wp\/v2\/pages\/5493\/revisions"}],"predecessor-version":[{"id":5690,"href":"https:\/\/prim.io\/ro\/wp-json\/wp\/v2\/pages\/5493\/revisions\/5690"}],"wp:attachment":[{"href":"https:\/\/prim.io\/ro\/wp-json\/wp\/v2\/media?parent=5493"}],"curies":[{"name":"wp","href":"https:\/\/api.w.org\/{rel}","templated":true}]}}