{"id":2786,"date":"2019-09-30T13:24:16","date_gmt":"2021-09-10T06:49:04","guid":{"rendered":"https:\/\/prim.io\/modules\/bi\/"},"modified":"2024-01-15T17:52:13","modified_gmt":"2024-01-15T15:52:13","slug":"bi","status":"publish","type":"page","link":"https:\/\/prim.io\/ro\/specificatii-functionale\/bi\/","title":{"rendered":"BI, Business Intelligence"},"content":{"rendered":"<section class=\"skew blue\">\r\n\t<div class=\"overlay\"><\/div>\r\n\t<div class=\"content features\">\r\n\t\t<header class=\"txt_center\">\r\n\t\t\t<h1><i class=\"icon big mod_bi\" style=\"margin-bottom: -1.25rem;\"><\/i> BI, business intelligence<\/h1>\r\n\t\t\t<h3>Datorit\u0103 versatilit\u0103\u021bii lor, sistemele de analiz\u0103 a afacerii se bucur\u0103 de recunoa\u0219tere universal\u0103 \u0219i utilizare pe scar\u0103 larg\u0103, iar managerii \u0219i cei implica\u021bi \u00een dezvoltarea strategic\u0103 a afacerilor sunt printre utilizatorii lor cei mai activi.<\/h3>\r\n\t\t<\/header>\r\n\t<\/div>\r\n<\/section>\r\n<section id=\"\" class=\"\">\r\n\t<div class=\"overlay\"><\/div>\r\n\t<div class=\"content\">\r\n\t<\/div>\r\n<\/section>\r\n<section id=\"\" class=\"sidemenu\">\r\n\t<menu>\r\n\t\t<menuitem><a href=\"..\/crm\" class=\"icon big mod_crm\" title=\"Modul CRM, Prim.io\">CRM<\/a><\/menuitem>\r\n\t\t<menuitem><a href=\"..\/vanzari\" class=\"icon big mod_sales\" title=\"Modul V\u00e2nz\u0103ri, Prim.io\">V\u00e2nz\u0103ri<\/a><\/menuitem>\r\n\t\t<menuitem><a href=\"..\/depozit\" class=\"icon big mod_store\" title=\"Modul Depozite \u0219i Logistic\u0103, Prim.io\">Depozite \u0219i Logistic\u0103<\/a><\/menuitem>\r\n\t\t<menuitem><a href=\"..\/finante\" class=\"icon big mod_fin\" title=\"Modul Finan\u021be, Prim.io\">Finan\u021be<\/a><\/menuitem>\r\n\t\t<menuitem><a href=\"..\/bi\" class=\"icon big mod_bi\" title=\"Modul BI, Prim.io\">BI<\/a><\/menuitem>\r\n\t<\/menu>\r\n<\/section>\r\n\r\n<section id=\"\" class=\"mods\">\r\n\t<div class=\"content features narrow\">\r\n\t\t<h2>Qlik BI<\/h2>\r\n\t\t<p>Odat\u0103 cu dezvoltarea Prim.io ERP am realizat rapoarte opera\u021bionale \u0219i analitice extraordinare. \u00cens\u0103, la un moment dat, a trebuit s\u0103 recunoa\u0219tem c\u0103 regulile standard pentru efectuarea anchetelor de afacere \u00ee\u0219i au limitele. A\u0219adar am decis c\u0103, pentru a oferi clien\u021bilor no\u0219tri un set complet de instrumente, ar fi bine s\u0103 facem integrarea cu un program BI.<\/p>\r\n\t\t<p>Datorit\u0103 versatilit\u0103\u021bii lor, sistemele de analiz\u0103 a afacerii se bucur\u0103 de recunoa\u0219tere universal\u0103 \u0219i distribu\u021bie la scar\u0103 larg\u0103, iar managerii \u0219i cei implica\u021bi \u00een dezvoltarea strategic\u0103 a afacerilor sunt printre cei mai activi utilizatori. \u00cen prezent, \u00eens\u0103, capacit\u0103\u021bile \u0219i bugetele companiilor r\u0103m\u00e2n limitate \u0219i nu toat\u0103 lumea \u00ee\u0219i poate permite software-ul BI de calitate.<\/p>\r\n\t\t<p>Acesta a fost principalul motiv pentru alegerea Qlik ca partener pentru integrarea BI a Prim.io. Cu Prim.io ave\u021bi acces la o solu\u021bie BI recunoscut\u0103 la nivel mondial, f\u0103r\u0103 a fi nevoie s\u0103 pl\u0103ti\u021bi suplimentar pentru aceasta. Credem c\u0103 fiecare dintre clien\u021bii no\u0219tri ar trebui s\u0103 primeasc\u0103 cel mai bun instrument de dezvoltare a afacerii.<\/p>\r\n\t\t<p>\u00cen multiple Dashbord-uri ve\u021bi putea vedea informa\u021bii detaliate despre cei mai importan\u021bi indicatori (KPI) ai companiei, analize complexe ale v\u00e2nz\u0103rilor \u0219i informa\u021bii financiare.<\/p>\r\n\t<\/div>\r\n<\/section>\r\n\r\n<section id=\"\" class=\"mods\">\r\n\t<div class=\"overlay\"><\/div>\r\n\t<div class=\"content features narrow\">\r\n\t\t<h3>KPI-uri financiare<\/h3>\r\n\t\t<p><\/p>\r\n\t<\/div>\r\n<\/section>\r\n<section id=\"\" class=\"mods\">\r\n\t<div class=\"overlay\"><\/div>\r\n\t<div class=\"content features narrow\">\r\n\t\t<h3>KPI-uri de v\u00e2nz\u0103ri<\/h3>\r\n\t\t<p><\/p>\r\n\t<\/div>\r\n<\/section>\r\n<section id=\"\" class=\"mods\">\r\n\t<div class=\"overlay\"><\/div>\r\n\t<div class=\"content features narrow\">\r\n\t\t<h3>Analiza v\u00e2nz\u0103rilor<\/h3>\r\n\t\t<p><\/p>\r\n\t<\/div>\r\n<\/section>\r\n<section id=\"\" class=\"mods\">\r\n\t<div class=\"overlay\"><\/div>\r\n\t<div class=\"content features narrow\">\r\n\t\t<h3>Analiza veniturilor \u0219i profitului<\/h3>\r\n\t\t<p><\/p>\r\n\t<\/div>\r\n<\/section>\r\n<section id=\"\" class=\"mods\">\r\n\t<div class=\"overlay\"><\/div>\r\n\t<div class=\"content features narrow\">\r\n\t\t<h3>Analiza comportamentului partenerului<\/h3>\r\n\t\t<p><\/p>\r\n\t<\/div>\r\n<\/section>\r\n<section id=\"\" class=\"mods\">\r\n\t<div class=\"overlay\"><\/div>\r\n\t<div class=\"content features narrow\">\r\n\t\t<h3>Analiza dinamicii \u0219i st\u0103rii depozitului<\/h3>\r\n\t\t<p><\/p>\r\n\t<\/div>\r\n<\/section>\r\n\r\n<section id=\"gallery\" class=\"fullwidth screens\">\r\n\t<div class=\"content\">\r\n\t\t<div id='gallery-1' class='gallery galleryid-2786 gallery-columns-5 gallery-size-medium'><figure class='gallery-item'>\n\t\t\t<div class='gallery-icon landscape'>\n\t\t\t\t<a href='https:\/\/prim.io\/content\/uploads\/2019\/10\/erp_salesray_finances_exchange_rates.png'><img decoding=\"async\" width=\"300\" height=\"186\" data-src=\"https:\/\/prim.io\/content\/uploads\/2019\/10\/erp_salesray_finances_exchange_rates-300x186.png\" class=\"attachment-medium size-medium lazyload\" alt=\"\" data-srcset=\"https:\/\/prim.io\/content\/uploads\/2019\/10\/erp_salesray_finances_exchange_rates-300x186.png 300w, https:\/\/prim.io\/content\/uploads\/2019\/10\/erp_salesray_finances_exchange_rates-768x477.png 768w, https:\/\/prim.io\/content\/uploads\/2019\/10\/erp_salesray_finances_exchange_rates-1024x637.png 1024w\" data-sizes=\"(max-width: 300px) 100vw, 300px\" src=\"data:image\/svg+xml;base64,PHN2ZyB3aWR0aD0iMSIgaGVpZ2h0PSIxIiB4bWxucz0iaHR0cDovL3d3dy53My5vcmcvMjAwMC9zdmciPjwvc3ZnPg==\" style=\"--smush-placeholder-width: 300px; --smush-placeholder-aspect-ratio: 300\/186;\" \/><\/a>\n\t\t\t<\/div><\/figure><figure class='gallery-item'>\n\t\t\t<div class='gallery-icon landscape'>\n\t\t\t\t<a href='https:\/\/prim.io\/content\/uploads\/2019\/10\/erp_salesray_finances_report_expenses.png'><img decoding=\"async\" width=\"300\" height=\"184\" data-src=\"https:\/\/prim.io\/content\/uploads\/2019\/10\/erp_salesray_finances_report_expenses-300x184.png\" class=\"attachment-medium size-medium lazyload\" alt=\"\" data-srcset=\"https:\/\/prim.io\/content\/uploads\/2019\/10\/erp_salesray_finances_report_expenses-300x184.png 300w, https:\/\/prim.io\/content\/uploads\/2019\/10\/erp_salesray_finances_report_expenses-768x472.png 768w, https:\/\/prim.io\/content\/uploads\/2019\/10\/erp_salesray_finances_report_expenses-1024x630.png 1024w\" data-sizes=\"(max-width: 300px) 100vw, 300px\" src=\"data:image\/svg+xml;base64,PHN2ZyB3aWR0aD0iMSIgaGVpZ2h0PSIxIiB4bWxucz0iaHR0cDovL3d3dy53My5vcmcvMjAwMC9zdmciPjwvc3ZnPg==\" style=\"--smush-placeholder-width: 300px; --smush-placeholder-aspect-ratio: 300\/184;\" \/><\/a>\n\t\t\t<\/div><\/figure><figure class='gallery-item'>\n\t\t\t<div class='gallery-icon landscape'>\n\t\t\t\t<a href='https:\/\/prim.io\/content\/uploads\/2019\/10\/erp_salesray_sales_bi_qlik_finances_dashboard.png'><img decoding=\"async\" width=\"300\" height=\"186\" data-src=\"https:\/\/prim.io\/content\/uploads\/2019\/10\/erp_salesray_sales_bi_qlik_finances_dashboard-300x186.png\" class=\"attachment-medium size-medium lazyload\" alt=\"\" data-srcset=\"https:\/\/prim.io\/content\/uploads\/2019\/10\/erp_salesray_sales_bi_qlik_finances_dashboard-300x186.png 300w, https:\/\/prim.io\/content\/uploads\/2019\/10\/erp_salesray_sales_bi_qlik_finances_dashboard-768x477.png 768w, https:\/\/prim.io\/content\/uploads\/2019\/10\/erp_salesray_sales_bi_qlik_finances_dashboard-1024x637.png 1024w\" data-sizes=\"(max-width: 300px) 100vw, 300px\" src=\"data:image\/svg+xml;base64,PHN2ZyB3aWR0aD0iMSIgaGVpZ2h0PSIxIiB4bWxucz0iaHR0cDovL3d3dy53My5vcmcvMjAwMC9zdmciPjwvc3ZnPg==\" style=\"--smush-placeholder-width: 300px; --smush-placeholder-aspect-ratio: 300\/186;\" \/><\/a>\n\t\t\t<\/div><\/figure><figure class='gallery-item'>\n\t\t\t<div class='gallery-icon landscape'>\n\t\t\t\t<a href='https:\/\/prim.io\/content\/uploads\/2019\/10\/erp_salesray_sales_bi_qlik_sales_dashboard.png'><img decoding=\"async\" width=\"300\" height=\"186\" data-src=\"https:\/\/prim.io\/content\/uploads\/2019\/10\/erp_salesray_sales_bi_qlik_sales_dashboard-300x186.png\" class=\"attachment-medium size-medium lazyload\" alt=\"\" data-srcset=\"https:\/\/prim.io\/content\/uploads\/2019\/10\/erp_salesray_sales_bi_qlik_sales_dashboard-300x186.png 300w, https:\/\/prim.io\/content\/uploads\/2019\/10\/erp_salesray_sales_bi_qlik_sales_dashboard-768x477.png 768w, https:\/\/prim.io\/content\/uploads\/2019\/10\/erp_salesray_sales_bi_qlik_sales_dashboard-1024x637.png 1024w\" data-sizes=\"(max-width: 300px) 100vw, 300px\" src=\"data:image\/svg+xml;base64,PHN2ZyB3aWR0aD0iMSIgaGVpZ2h0PSIxIiB4bWxucz0iaHR0cDovL3d3dy53My5vcmcvMjAwMC9zdmciPjwvc3ZnPg==\" style=\"--smush-placeholder-width: 300px; --smush-placeholder-aspect-ratio: 300\/186;\" \/><\/a>\n\t\t\t<\/div><\/figure><figure class='gallery-item'>\n\t\t\t<div class='gallery-icon landscape'>\n\t\t\t\t<a href='https:\/\/prim.io\/content\/uploads\/2019\/10\/erp_salesray_sales_bi_qlik_sales_kpi.png'><img decoding=\"async\" width=\"300\" height=\"186\" data-src=\"https:\/\/prim.io\/content\/uploads\/2019\/10\/erp_salesray_sales_bi_qlik_sales_kpi-300x186.png\" class=\"attachment-medium size-medium lazyload\" alt=\"\" data-srcset=\"https:\/\/prim.io\/content\/uploads\/2019\/10\/erp_salesray_sales_bi_qlik_sales_kpi-300x186.png 300w, https:\/\/prim.io\/content\/uploads\/2019\/10\/erp_salesray_sales_bi_qlik_sales_kpi-768x477.png 768w, https:\/\/prim.io\/content\/uploads\/2019\/10\/erp_salesray_sales_bi_qlik_sales_kpi-1024x637.png 1024w\" data-sizes=\"(max-width: 300px) 100vw, 300px\" src=\"data:image\/svg+xml;base64,PHN2ZyB3aWR0aD0iMSIgaGVpZ2h0PSIxIiB4bWxucz0iaHR0cDovL3d3dy53My5vcmcvMjAwMC9zdmciPjwvc3ZnPg==\" style=\"--smush-placeholder-width: 300px; --smush-placeholder-aspect-ratio: 300\/186;\" \/><\/a>\n\t\t\t<\/div><\/figure><figure class='gallery-item'>\n\t\t\t<div class='gallery-icon landscape'>\n\t\t\t\t<a href='https:\/\/prim.io\/content\/uploads\/2019\/10\/erp_salesray_sales_crm_account_record.png'><img decoding=\"async\" width=\"300\" height=\"184\" data-src=\"https:\/\/prim.io\/content\/uploads\/2019\/10\/erp_salesray_sales_crm_account_record-300x184.png\" class=\"attachment-medium size-medium lazyload\" alt=\"\" data-srcset=\"https:\/\/prim.io\/content\/uploads\/2019\/10\/erp_salesray_sales_crm_account_record-300x184.png 300w, https:\/\/prim.io\/content\/uploads\/2019\/10\/erp_salesray_sales_crm_account_record-768x472.png 768w, https:\/\/prim.io\/content\/uploads\/2019\/10\/erp_salesray_sales_crm_account_record-1024x630.png 1024w\" data-sizes=\"(max-width: 300px) 100vw, 300px\" src=\"data:image\/svg+xml;base64,PHN2ZyB3aWR0aD0iMSIgaGVpZ2h0PSIxIiB4bWxucz0iaHR0cDovL3d3dy53My5vcmcvMjAwMC9zdmciPjwvc3ZnPg==\" style=\"--smush-placeholder-width: 300px; --smush-placeholder-aspect-ratio: 300\/184;\" \/><\/a>\n\t\t\t<\/div><\/figure>\n\t\t<\/div>\n\r\n\t<\/div>\r\n<\/section>\r\n\r\n<section id=\"\" class=\"mod demo\">\r\n\t<div class=\"overlay\"><\/div>\r\n\t<flex class=\"content txt_center padded narrow\">\r\n\t\t<div>\r\n\t\t\t<header>\r\n\t\t\t\t<h2>Demo Prim.io<\/h2>\r\n\t\t\t<\/header>\r\n\t\t\t<p class=\"x2\">Cel mai bun mod de a vedea Prim.io \u00een ac\u021biune este s\u0103-l \u00eencerca\u021bi chiar acum! Este un sistem integral cu toate dot\u0103rile necesare, special creat pentru afacerea dumneavoastr\u0103. Noi am completat deja demo-ul cu date e\u0219antion.<\/p>\r\n\t\t\t<div class=\"buttons\">\r\n\t\t\t\t<a href=\"\/sr\/demo\" class=\"btn big\">\u00ceNCERCA\u021aI ACUM GRATUIT!<\/a>\r\n\t\t\t<\/div>\r\n\t\t<\/div>\r\n\t<\/flex>\r\n<\/section>","protected":false},"excerpt":{"rendered":"<p>BI, business intelligence Datorit\u0103 versatilit\u0103\u021bii lor, sistemele de analiz\u0103 a afacerii se bucur\u0103 de recunoa\u0219tere universal\u0103 \u0219i utilizare pe scar\u0103 larg\u0103, iar managerii \u0219i cei implica\u021bi \u00een dezvoltarea strategic\u0103 a afacerilor sunt printre utilizatorii lor cei mai activi. CRM V\u00e2nz\u0103ri Depozite \u0219i Logistic\u0103 Finan\u021be BI Qlik BI Odat\u0103 cu dezvoltarea Prim.io ERP am realizat rapoarte [&hellip;]<\/p>\n","protected":false},"author":3,"featured_media":0,"parent":1192,"menu_order":4,"comment_status":"closed","ping_status":"closed","template":"","meta":{"footnotes":""},"yoast_head":"<!-- This site is optimized with the Yoast SEO plugin v24.5 - https:\/\/yoast.com\/wordpress\/plugins\/seo\/ -->\n<title>BI, Business Intelligence - Prim.io<\/title>\n<meta name=\"robots\" content=\"index, follow, max-snippet:-1, max-image-preview:large, max-video-preview:-1\" \/>\n<link rel=\"canonical\" href=\"https:\/\/prim.io\/ro\/specificatii-functionale\/bi\/\" \/>\n<meta property=\"og:locale\" content=\"ro_RO\" \/>\n<meta property=\"og:type\" content=\"article\" \/>\n<meta property=\"og:title\" content=\"BI, Business Intelligence - Prim.io\" \/>\n<meta property=\"og:description\" content=\"BI, business intelligence Datorit\u0103 versatilit\u0103\u021bii lor, sistemele de analiz\u0103 a afacerii se bucur\u0103 de recunoa\u0219tere universal\u0103 \u0219i utilizare pe scar\u0103 larg\u0103, iar managerii \u0219i cei implica\u021bi \u00een dezvoltarea strategic\u0103 a afacerilor sunt printre utilizatorii lor cei mai activi. CRM V\u00e2nz\u0103ri Depozite \u0219i Logistic\u0103 Finan\u021be BI Qlik BI Odat\u0103 cu dezvoltarea Prim.io ERP am realizat rapoarte [&hellip;]\" \/>\n<meta property=\"og:url\" content=\"https:\/\/prim.io\/ro\/specificatii-functionale\/bi\/\" \/>\n<meta property=\"og:site_name\" content=\"PRIM.IO\" \/>\n<meta property=\"article:publisher\" content=\"https:\/\/www.facebook.com\/primioerp\" \/>\n<meta property=\"article:modified_time\" content=\"2024-01-15T15:52:13+00:00\" \/>\n<meta property=\"og:image\" content=\"https:\/\/prim.io\/content\/uploads\/2019\/10\/erp_salesray_finances_exchange_rates-300x186.png\" \/>\n<meta name=\"twitter:card\" content=\"summary_large_image\" \/>\n<meta name=\"twitter:label1\" content=\"Timp estimat pentru citire\" \/>\n\t<meta name=\"twitter:data1\" content=\"2 minute\" \/>\n<script type=\"application\/ld+json\" class=\"yoast-schema-graph\">{\"@context\":\"https:\/\/schema.org\",\"@graph\":[{\"@type\":\"WebPage\",\"@id\":\"https:\/\/prim.io\/ro\/specificatii-functionale\/bi\/\",\"url\":\"https:\/\/prim.io\/ro\/specificatii-functionale\/bi\/\",\"name\":\"BI, Business Intelligence - Prim.io\",\"isPartOf\":{\"@id\":\"https:\/\/prim.io\/en\/#website\"},\"datePublished\":\"2021-09-10T06:49:04+00:00\",\"dateModified\":\"2024-01-15T15:52:13+00:00\",\"breadcrumb\":{\"@id\":\"https:\/\/prim.io\/ro\/specificatii-functionale\/bi\/#breadcrumb\"},\"inLanguage\":\"ro-RO\",\"potentialAction\":[{\"@type\":\"ReadAction\",\"target\":[\"https:\/\/prim.io\/ro\/specificatii-functionale\/bi\/\"]}]},{\"@type\":\"BreadcrumbList\",\"@id\":\"https:\/\/prim.io\/ro\/specificatii-functionale\/bi\/#breadcrumb\",\"itemListElement\":[{\"@type\":\"ListItem\",\"position\":1,\"name\":\"PRIM.IO\",\"item\":\"https:\/\/prim.io\/ro\/\"},{\"@type\":\"ListItem\",\"position\":2,\"name\":\"Specifica\u021bii func\u021bionale\",\"item\":\"https:\/\/prim.io\/ro\/specificatii-functionale\/\"},{\"@type\":\"ListItem\",\"position\":3,\"name\":\"BI, Business Intelligence\"}]},{\"@type\":\"WebSite\",\"@id\":\"https:\/\/prim.io\/en\/#website\",\"url\":\"https:\/\/prim.io\/en\/\",\"name\":\"PRIM.IO\",\"description\":\"Cloud based ERP, CRM, Sales, Finances and more\",\"publisher\":{\"@id\":\"https:\/\/prim.io\/en\/#organization\"},\"alternateName\":\"PRIM\",\"potentialAction\":[{\"@type\":\"SearchAction\",\"target\":{\"@type\":\"EntryPoint\",\"urlTemplate\":\"https:\/\/prim.io\/en\/?s={search_term_string}\"},\"query-input\":{\"@type\":\"PropertyValueSpecification\",\"valueRequired\":true,\"valueName\":\"search_term_string\"}}],\"inLanguage\":\"ro-RO\"},{\"@type\":\"Organization\",\"@id\":\"https:\/\/prim.io\/en\/#organization\",\"name\":\"PRIM.IO\",\"alternateName\":\"PRIM\",\"url\":\"https:\/\/prim.io\/en\/\",\"logo\":{\"@type\":\"ImageObject\",\"inLanguage\":\"ro-RO\",\"@id\":\"https:\/\/prim.io\/en\/#\/schema\/logo\/image\/\",\"url\":\"https:\/\/prim.io\/content\/uploads\/2024\/01\/prim_logo_big_icon_transp_256.png\",\"contentUrl\":\"https:\/\/prim.io\/content\/uploads\/2024\/01\/prim_logo_big_icon_transp_256.png\",\"width\":256,\"height\":256,\"caption\":\"PRIM.IO\"},\"image\":{\"@id\":\"https:\/\/prim.io\/en\/#\/schema\/logo\/image\/\"},\"sameAs\":[\"https:\/\/www.facebook.com\/primioerp\",\"https:\/\/www.linkedin.com\/showcase\/primioerp\"]}]}<\/script>\n<!-- \/ Yoast SEO plugin. -->","yoast_head_json":{"title":"BI, Business Intelligence - Prim.io","robots":{"index":"index","follow":"follow","max-snippet":"max-snippet:-1","max-image-preview":"max-image-preview:large","max-video-preview":"max-video-preview:-1"},"canonical":"https:\/\/prim.io\/ro\/specificatii-functionale\/bi\/","og_locale":"ro_RO","og_type":"article","og_title":"BI, Business Intelligence - Prim.io","og_description":"BI, business intelligence Datorit\u0103 versatilit\u0103\u021bii lor, sistemele de analiz\u0103 a afacerii se bucur\u0103 de recunoa\u0219tere universal\u0103 \u0219i utilizare pe scar\u0103 larg\u0103, iar managerii \u0219i cei implica\u021bi \u00een dezvoltarea strategic\u0103 a afacerilor sunt printre utilizatorii lor cei mai activi. CRM V\u00e2nz\u0103ri Depozite \u0219i Logistic\u0103 Finan\u021be BI Qlik BI Odat\u0103 cu dezvoltarea Prim.io ERP am realizat rapoarte [&hellip;]","og_url":"https:\/\/prim.io\/ro\/specificatii-functionale\/bi\/","og_site_name":"PRIM.IO","article_publisher":"https:\/\/www.facebook.com\/primioerp","article_modified_time":"2024-01-15T15:52:13+00:00","og_image":[{"url":"https:\/\/prim.io\/content\/uploads\/2019\/10\/erp_salesray_finances_exchange_rates-300x186.png","type":"","width":"","height":""}],"twitter_card":"summary_large_image","twitter_misc":{"Timp estimat pentru citire":"2 minute"},"schema":{"@context":"https:\/\/schema.org","@graph":[{"@type":"WebPage","@id":"https:\/\/prim.io\/ro\/specificatii-functionale\/bi\/","url":"https:\/\/prim.io\/ro\/specificatii-functionale\/bi\/","name":"BI, Business Intelligence - Prim.io","isPartOf":{"@id":"https:\/\/prim.io\/en\/#website"},"datePublished":"2021-09-10T06:49:04+00:00","dateModified":"2024-01-15T15:52:13+00:00","breadcrumb":{"@id":"https:\/\/prim.io\/ro\/specificatii-functionale\/bi\/#breadcrumb"},"inLanguage":"ro-RO","potentialAction":[{"@type":"ReadAction","target":["https:\/\/prim.io\/ro\/specificatii-functionale\/bi\/"]}]},{"@type":"BreadcrumbList","@id":"https:\/\/prim.io\/ro\/specificatii-functionale\/bi\/#breadcrumb","itemListElement":[{"@type":"ListItem","position":1,"name":"PRIM.IO","item":"https:\/\/prim.io\/ro\/"},{"@type":"ListItem","position":2,"name":"Specifica\u021bii func\u021bionale","item":"https:\/\/prim.io\/ro\/specificatii-functionale\/"},{"@type":"ListItem","position":3,"name":"BI, Business Intelligence"}]},{"@type":"WebSite","@id":"https:\/\/prim.io\/en\/#website","url":"https:\/\/prim.io\/en\/","name":"PRIM.IO","description":"Cloud based ERP, CRM, Sales, Finances and more","publisher":{"@id":"https:\/\/prim.io\/en\/#organization"},"alternateName":"PRIM","potentialAction":[{"@type":"SearchAction","target":{"@type":"EntryPoint","urlTemplate":"https:\/\/prim.io\/en\/?s={search_term_string}"},"query-input":{"@type":"PropertyValueSpecification","valueRequired":true,"valueName":"search_term_string"}}],"inLanguage":"ro-RO"},{"@type":"Organization","@id":"https:\/\/prim.io\/en\/#organization","name":"PRIM.IO","alternateName":"PRIM","url":"https:\/\/prim.io\/en\/","logo":{"@type":"ImageObject","inLanguage":"ro-RO","@id":"https:\/\/prim.io\/en\/#\/schema\/logo\/image\/","url":"https:\/\/prim.io\/content\/uploads\/2024\/01\/prim_logo_big_icon_transp_256.png","contentUrl":"https:\/\/prim.io\/content\/uploads\/2024\/01\/prim_logo_big_icon_transp_256.png","width":256,"height":256,"caption":"PRIM.IO"},"image":{"@id":"https:\/\/prim.io\/en\/#\/schema\/logo\/image\/"},"sameAs":["https:\/\/www.facebook.com\/primioerp","https:\/\/www.linkedin.com\/showcase\/primioerp"]}]}},"_links":{"self":[{"href":"https:\/\/prim.io\/ro\/wp-json\/wp\/v2\/pages\/2786"}],"collection":[{"href":"https:\/\/prim.io\/ro\/wp-json\/wp\/v2\/pages"}],"about":[{"href":"https:\/\/prim.io\/ro\/wp-json\/wp\/v2\/types\/page"}],"author":[{"embeddable":true,"href":"https:\/\/prim.io\/ro\/wp-json\/wp\/v2\/users\/3"}],"replies":[{"embeddable":true,"href":"https:\/\/prim.io\/ro\/wp-json\/wp\/v2\/comments?post=2786"}],"version-history":[{"count":14,"href":"https:\/\/prim.io\/ro\/wp-json\/wp\/v2\/pages\/2786\/revisions"}],"predecessor-version":[{"id":6574,"href":"https:\/\/prim.io\/ro\/wp-json\/wp\/v2\/pages\/2786\/revisions\/6574"}],"up":[{"embeddable":true,"href":"https:\/\/prim.io\/ro\/wp-json\/wp\/v2\/pages\/1192"}],"wp:attachment":[{"href":"https:\/\/prim.io\/ro\/wp-json\/wp\/v2\/media?parent=2786"}],"curies":[{"name":"wp","href":"https:\/\/api.w.org\/{rel}","templated":true}]}}