{"id":2784,"date":"2019-09-30T13:24:16","date_gmt":"2021-09-10T06:48:20","guid":{"rendered":"https:\/\/prim.io\/modules\/supto\/"},"modified":"2024-01-15T17:51:37","modified_gmt":"2024-01-15T15:51:37","slug":"finante","status":"publish","type":"page","link":"https:\/\/prim.io\/ro\/specificatii-functionale\/finante\/","title":{"rendered":"Finan\u021be"},"content":{"rendered":"<section class=\"skew blue\">\r\n\t<div class=\"overlay\"><\/div>\r\n\t<div class=\"content features\">\r\n\t\t<header class=\"txt_center\">\r\n\t\t\t<h1><i class=\"icon big mod_fin\" style=\"margin-bottom: -1.25rem;\"><\/i> Finan\u021be<\/h1>\r\n\t\t\t<h3>Managementul financiar este unul dintre cele mai mari merite ale Prim.io. Acest modul v\u0103 ofer\u0103 o imagine complet\u0103 a fluxurilor de numerar \u0219i a stocurilor din companie \u0219i este un instrument puternic pentru optimizarea costurilor, analiza \u0219i cre\u0219terea veniturilor, precum \u0219i pentru gestionarea crean\u021belor \u0219i a datoriilor.<\/h3>\r\n\t\t<\/header>\r\n\t\t<div class=\"grid gx3\">\r\n\t\t\t<div>\r\n\t\t\t\t<div class=\"icon big opt\"><\/div>\r\n\t\t\t\t<h3>Tranzac\u021bii financiare optimizate<\/h3>\r\n\t\t\t\t<p>Nu permite\u021bi afacerii dumneavoastr\u0103 s\u0103 se \u00eempotmoleasc\u0103 \u00een activit\u0103\u021bi zilnice \u0219i s\u0103 pierde\u021bi zile de munc\u0103 \u00een procesarea manual\u0103 a documentelor financiare. Prim.io ofer\u0103 multe automatiz\u0103ri care economisesc timp (de exemplu, importul extraselor de cont bancare; pl\u0103\u021bi), care v\u0103 vor schimba focalizarea de la activitatea opera\u021bional\u0103 la posibilitatea de analiz\u0103 \u0219i cre\u0219tere.<\/p>\r\n\t\t\t<\/div>\r\n\t\t\t<div>\r\n\t\t\t\t<div class=\"icon big leg\"><\/div>\r\n\t\t\t\t<h3>Compatibilitate deplin\u0103 cu organe de reglementare<\/h3>\r\n\t\t\t\t<p>Reflecta\u021bi \u00een mod adecvat activitatea afacerii dumneavoastr\u0103 cu Prim.io, indiferent de domeniul dvs. de lucru. Sistemul ERP \u00eendepline\u0219te toate cerin\u021bele de reglementare ale autorit\u0103\u021bilor de control financiar. Acesta respect\u0103 legisla\u021bia european\u0103. Actualiz\u0103rile automate v\u0103 asigur\u0103 c\u0103 \u021bine\u021bi pasul cu schimbarea reglement\u0103rilor.<\/p>\r\n\t\t\t<\/div>\r\n\t\t\t<div>\r\n\t\t\t\t<div class=\"icon big rep\"><\/div>\r\n\t\t\t\t<h3>Finan\u021be u\u0219or de \u00een\u021beles \u00een timp real<\/h3>\r\n\t\t\t\t<p>Gestiona\u021bi eficient contabilitatea, numerarul, fluxul de numerar, controla\u021bi activele fixe. Lucra\u021bi cu mai multe valute \u0219i conturi, primi\u021bi \u00eentotdeauna informa\u021bii actualizate despre crean\u021bele \u0219i datoriile dumneavoastr\u0103 Prim.io prezint\u0103 o imagine clar\u0103 a st\u0103rii financiare a companiei atunci c\u00e2nd ave\u021bi nevoie de ea.<\/p>\r\n\t\t\t<\/div>\r\n\t\t<\/div>\r\n\t<\/div>\r\n<\/section>\r\n<section id=\"\" class=\"\">\r\n\t<div class=\"overlay\"><\/div>\r\n\t<div class=\"content\">\r\n\t<\/div>\r\n<\/section>\r\n<section id=\"\" class=\"sidemenu\">\r\n\t<menu>\r\n\t\t<menuitem><a href=\"..\/crm\" class=\"icon big mod_crm\" title=\"Modul CRM, Prim.io\">CRM<\/a><\/menuitem>\r\n\t\t<menuitem><a href=\"..\/vanzari\" class=\"icon big mod_sales\" title=\"Modul V\u00e2nz\u0103ri, Prim.io\">V\u00e2nz\u0103ri<\/a><\/menuitem>\r\n\t\t<menuitem><a href=\"..\/depozit\" class=\"icon big mod_store\" title=\"Modul Depozite \u0219i Logistic\u0103, Prim.io\">Depozite \u0219i Logistic\u0103<\/a><\/menuitem>\r\n\t\t<menuitem><a href=\"..\/finante\" class=\"icon big mod_fin\" title=\"Modul Finan\u021be, Prim.io\">Finan\u021be<\/a><\/menuitem>\r\n\t\t<menuitem><a href=\"..\/bi\" class=\"icon big mod_bi\" title=\"Modul BI, Prim.io\">BI<\/a><\/menuitem>\r\n\t<\/menu>\r\n<\/section>\r\n\r\n<section id=\"\" class=\" mods\">\r\n\t<div class=\"overlay\"><\/div>\r\n\t<div class=\"content features narrow\">\r\n\t\t<h2>Un instrument puternic pentru urm\u0103rirea finan\u021belor corporative<\/h2>\r\n\t\t<p>Modulul financiar este extrem de flexibil \u0219i permite diferite perspective - de la rapoarte detaliate despre fiecare mi\u0219care individual\u0103 a banilor c\u0103tre \u0219i de la companie, p\u00e2n\u0103 la analiza de afaceri pentru diferite perioade de timp, regiuni, unit\u0103\u021bi ale companiei sau tipuri de activit\u0103\u021bi care ofer\u0103 o imagine general\u0103 a tendin\u021belor de afaceri. Dup\u0103 implementarea Prim.io, acest modul va deveni cel mai puternic instrument pentru compararea rezultatelor activit\u0103\u021bilor companiei cu obiectivele dvs. de afaceri pe termen lung, precum \u0219i pentru ajust\u0103ri ale activit\u0103\u021bii, dac\u0103 este necesar.<\/p>\r\n\t\t<div class=\"grid gx2\">\r\n\t\t\t<div>\r\n\t\t\t\t<h3 class=\"icon-search\">Analize detaliate<\/h3>\r\n\t\t\t\t<p>Modulul Finan\u021be ofer\u0103 oportunit\u0103\u021bi pentru analiza afacerii \u0219i v\u0103 permite s\u0103 defini\u021bi \u00een prealabil modalit\u0103\u021bile specifice \u00een care dori\u021bi s\u0103 fie prezentate datele. \u00cen plus fa\u021b\u0103 de parametrii standard, pute\u021bi inventa \u0219i defini orice analiz\u0103 suplimentar\u0103, ajung\u00e2nd la detalii precum venituri de la fiecare stand sau angajat, sau costuri \u00een func\u021bie de tipurile de combustibili utiliza\u021bi \u00een transportul propriu sau \u00een func\u021bie de tipurile de servicii de comunica\u021bii.<\/p>\r\n\t\t\t<\/div>\r\n\t\t\t<div>\r\n\t\t\t\t<h3 class=\"icon-sitemap\">Centre de costuri \u0219i profit<\/h3>\r\n\t\t\t\t<p>Pentru companiile ambi\u021bioase cu resurse pentru introducerea informa\u021biilor financiare detaliate, am oferit o oportunitate de a gestiona veniturile \u0219i cheltuielile \u00een centrele COST. Acest lucru v\u0103 va ajuta s\u0103 v\u0103 planifica\u021bi \u0219i s\u0103 v\u0103 controla\u021bi mai bine afacerea \u0219i s\u0103 rezolva\u021bi din timp orice \u201edefec\u021biuni\u201d care ar putea exista \u00een finan\u021bele dumneavoastr\u0103.<\/p>\r\n\t\t\t<\/div>\r\n\t\t<\/div>\r\n\t<\/div>\r\n<\/section>\r\n<section id=\"\" class=\"mods\">\r\n\t<div class=\"overlay\"><\/div>\r\n\t<div class=\"content features narrow\">\r\n\t\t<h2>Documente financiare<\/h2>\r\n\t\t<p>Modulul gestioneaz\u0103 \u00eentreaga mi\u0219care a documentelor financiare create de angaja\u021bi - proforme, chitan\u021be, facturi etc., precum \u0219i mi\u0219carea conturilor bancare ale companiei, impozite, avansuri pl\u0103tite, etc.<\/p>\r\n\t\t<p>Cu diverse op\u021biuni pentru generarea automat\u0103 de documente financiare, acesta devine o parte indispensabil\u0103 a afacerii, economisind timp pre\u021bios pentru angaja\u021bi \u0219i fiind o condi\u021bie prealabil\u0103 pentru o cre\u0219tere rapid\u0103 \u0219i controlat\u0103 a activit\u0103\u021bii.<\/p>\r\n\t\t<div class=\"grid gx2\">\r\n\t\t\t<div>\r\n\t\t\t\t<h3 class=\"icon-shuffle\">Flux de numerar<\/h3>\r\n\t\t\t\t<p>Modulul gestioneaz\u0103 pe deplin fluxurile financiare din companie. Acest lucru v\u0103 permite s\u0103 v\u0103 ajusta\u021bi afacerea pentru a cre\u0219te lichiditatea companiei zilnic. Informa\u021biile analitice ale fluxului de numerar sunt disponibile managementului din orice punct de vedere, oferind informa\u021bii exacte despre stoc \u00een orice moment \u0219i este un ajutor valoros \u00een luarea deciziilor rapide, indiferent c\u00e2t de departe de birou v-a\u021bi afla.<\/p>\r\n\t\t\t<\/div>\r\n\t\t\t<div>\r\n\t\t\t\t<h3 class=\"icon-chart-pie\">Gestionarea crean\u021belor<\/h3>\r\n\t\t\t\t<p>Gestionarea crean\u021belor este de asemenea reprezentat\u0103, f\u0103c\u00e2nd o distinc\u021bie clar\u0103 \u00eentre crean\u021bele a c\u0103ror plat\u0103 nu a expirat \u00eenc\u0103 \u0219i cele restante \u0219i crean\u021bele dificil de colectat, unde \u00eent\u00e2rzierea este semnificativ\u0103. De asemenea, pute\u021bi vedea istoricul crean\u021belor \u0219i datoriilor.<\/p>\r\n\t\t\t<\/div>\r\n\t\t<\/div>\r\n\t<\/div>\r\n<\/section>\r\n\r\n<section id=\"\" class=\"mods\">\r\n\t<div class=\"overlay\"><\/div>\r\n\t<div class=\"content features narrow\">\r\n\t\t<h2>Finan\u021be integrate<\/h2>\r\n\t\t<div class=\"grid gx2\">\r\n\t\t\t<div>\r\n\t\t\t\t<h3 class=\"icon-bank\">Importul extraselor bancare<\/h3>\r\n\t\t\t\t<p>Importul extraselor de cont poate salva eforturile unor \u00eentregi departamente de angaja\u021bi. Un algoritm special de auto-\u00eenv\u0103\u021bare face ca importul extraselor de cont bancare s\u0103 fie mai precis \u0219i mai eficient \u00een timp.<\/p>\r\n\t\t\t<\/div>\r\n\t\t\t<div>\r\n\t\t\t\t<h3 class=\"icon-credit-card\">Integr\u0103ri cu sisteme de plat\u0103<\/h3>\r\n\t\t\t\t<p>\u00cen Prim.io avem integrare cu diverse metode de plat\u0103 interna\u021bionale - ePay, PayPal, Paysera, Braintree, Mollie, pl\u0103\u021bi am\u00e2nate ale companiilor de transport \u0219i altele. Unele dintre integr\u0103ri permit verificarea automat\u0103 a pl\u0103\u021bii (cu sau f\u0103r\u0103 succes), ceea ce economise\u0219te for\u021ba de munc\u0103 a multor angaja\u021bi \u0219i v\u0103 asigur\u0103 tranzac\u021biile.<\/p>\r\n\t\t\t<\/div>\r\n\t\t<\/div>\r\n\t\t<div>\r\n\t\t\t<h3 class=\"icon-briefcase\">Integrare cu sisteme de contabilitate<\/h3>\r\n\t\t\t<p>\u00cen Prim.io am implementat integrarea cu sisteme de contabilitate populare pentru a preveni introducerea dublat\u0103 a informa\u021biilor. \u00cen solu\u021biile Prim.io.Enterprise oferim, de asemenea, oportunitatea de a lucra \u00een propriul nostru modul de contabilitate, \u00een care toate activit\u0103\u021bile de contabilitate opera\u021bional\u0103 sunt automatizate la maximum.<\/p>\r\n\t\t<\/div>\r\n\t<\/div>\r\n<\/section>\r\n\r\n<section id=\"gallery\" class=\"fullwidth screens\">\r\n\t<div class=\"content\">\r\n\t\t<div id='gallery-1' class='gallery galleryid-2784 gallery-columns-5 gallery-size-medium'><figure class='gallery-item'>\n\t\t\t<div class='gallery-icon landscape'>\n\t\t\t\t<a href='https:\/\/prim.io\/content\/uploads\/2019\/10\/erp_salesray_finances_exchange_rates.png'><img decoding=\"async\" width=\"300\" height=\"186\" data-src=\"https:\/\/prim.io\/content\/uploads\/2019\/10\/erp_salesray_finances_exchange_rates-300x186.png\" class=\"attachment-medium size-medium lazyload\" alt=\"\" data-srcset=\"https:\/\/prim.io\/content\/uploads\/2019\/10\/erp_salesray_finances_exchange_rates-300x186.png 300w, https:\/\/prim.io\/content\/uploads\/2019\/10\/erp_salesray_finances_exchange_rates-768x477.png 768w, https:\/\/prim.io\/content\/uploads\/2019\/10\/erp_salesray_finances_exchange_rates-1024x637.png 1024w\" data-sizes=\"(max-width: 300px) 100vw, 300px\" src=\"data:image\/svg+xml;base64,PHN2ZyB3aWR0aD0iMSIgaGVpZ2h0PSIxIiB4bWxucz0iaHR0cDovL3d3dy53My5vcmcvMjAwMC9zdmciPjwvc3ZnPg==\" style=\"--smush-placeholder-width: 300px; --smush-placeholder-aspect-ratio: 300\/186;\" \/><\/a>\n\t\t\t<\/div><\/figure><figure class='gallery-item'>\n\t\t\t<div class='gallery-icon landscape'>\n\t\t\t\t<a href='https:\/\/prim.io\/content\/uploads\/2019\/10\/erp_salesray_finances_report_expenses.png'><img decoding=\"async\" width=\"300\" height=\"184\" data-src=\"https:\/\/prim.io\/content\/uploads\/2019\/10\/erp_salesray_finances_report_expenses-300x184.png\" class=\"attachment-medium size-medium lazyload\" alt=\"\" data-srcset=\"https:\/\/prim.io\/content\/uploads\/2019\/10\/erp_salesray_finances_report_expenses-300x184.png 300w, https:\/\/prim.io\/content\/uploads\/2019\/10\/erp_salesray_finances_report_expenses-768x472.png 768w, https:\/\/prim.io\/content\/uploads\/2019\/10\/erp_salesray_finances_report_expenses-1024x630.png 1024w\" data-sizes=\"(max-width: 300px) 100vw, 300px\" src=\"data:image\/svg+xml;base64,PHN2ZyB3aWR0aD0iMSIgaGVpZ2h0PSIxIiB4bWxucz0iaHR0cDovL3d3dy53My5vcmcvMjAwMC9zdmciPjwvc3ZnPg==\" style=\"--smush-placeholder-width: 300px; --smush-placeholder-aspect-ratio: 300\/184;\" \/><\/a>\n\t\t\t<\/div><\/figure><figure class='gallery-item'>\n\t\t\t<div class='gallery-icon landscape'>\n\t\t\t\t<a href='https:\/\/prim.io\/content\/uploads\/2019\/10\/erp_salesray_sales_bi_qlik_finances_dashboard.png'><img decoding=\"async\" width=\"300\" height=\"186\" data-src=\"https:\/\/prim.io\/content\/uploads\/2019\/10\/erp_salesray_sales_bi_qlik_finances_dashboard-300x186.png\" class=\"attachment-medium size-medium lazyload\" alt=\"\" data-srcset=\"https:\/\/prim.io\/content\/uploads\/2019\/10\/erp_salesray_sales_bi_qlik_finances_dashboard-300x186.png 300w, https:\/\/prim.io\/content\/uploads\/2019\/10\/erp_salesray_sales_bi_qlik_finances_dashboard-768x477.png 768w, https:\/\/prim.io\/content\/uploads\/2019\/10\/erp_salesray_sales_bi_qlik_finances_dashboard-1024x637.png 1024w\" data-sizes=\"(max-width: 300px) 100vw, 300px\" src=\"data:image\/svg+xml;base64,PHN2ZyB3aWR0aD0iMSIgaGVpZ2h0PSIxIiB4bWxucz0iaHR0cDovL3d3dy53My5vcmcvMjAwMC9zdmciPjwvc3ZnPg==\" style=\"--smush-placeholder-width: 300px; --smush-placeholder-aspect-ratio: 300\/186;\" \/><\/a>\n\t\t\t<\/div><\/figure><figure class='gallery-item'>\n\t\t\t<div class='gallery-icon landscape'>\n\t\t\t\t<a href='https:\/\/prim.io\/content\/uploads\/2019\/10\/erp_salesray_sales_bi_qlik_sales_dashboard.png'><img decoding=\"async\" width=\"300\" height=\"186\" data-src=\"https:\/\/prim.io\/content\/uploads\/2019\/10\/erp_salesray_sales_bi_qlik_sales_dashboard-300x186.png\" class=\"attachment-medium size-medium lazyload\" alt=\"\" data-srcset=\"https:\/\/prim.io\/content\/uploads\/2019\/10\/erp_salesray_sales_bi_qlik_sales_dashboard-300x186.png 300w, https:\/\/prim.io\/content\/uploads\/2019\/10\/erp_salesray_sales_bi_qlik_sales_dashboard-768x477.png 768w, https:\/\/prim.io\/content\/uploads\/2019\/10\/erp_salesray_sales_bi_qlik_sales_dashboard-1024x637.png 1024w\" data-sizes=\"(max-width: 300px) 100vw, 300px\" src=\"data:image\/svg+xml;base64,PHN2ZyB3aWR0aD0iMSIgaGVpZ2h0PSIxIiB4bWxucz0iaHR0cDovL3d3dy53My5vcmcvMjAwMC9zdmciPjwvc3ZnPg==\" style=\"--smush-placeholder-width: 300px; --smush-placeholder-aspect-ratio: 300\/186;\" \/><\/a>\n\t\t\t<\/div><\/figure><figure class='gallery-item'>\n\t\t\t<div class='gallery-icon landscape'>\n\t\t\t\t<a href='https:\/\/prim.io\/content\/uploads\/2019\/10\/erp_salesray_sales_bi_qlik_sales_kpi.png'><img decoding=\"async\" width=\"300\" height=\"186\" data-src=\"https:\/\/prim.io\/content\/uploads\/2019\/10\/erp_salesray_sales_bi_qlik_sales_kpi-300x186.png\" class=\"attachment-medium size-medium lazyload\" alt=\"\" data-srcset=\"https:\/\/prim.io\/content\/uploads\/2019\/10\/erp_salesray_sales_bi_qlik_sales_kpi-300x186.png 300w, https:\/\/prim.io\/content\/uploads\/2019\/10\/erp_salesray_sales_bi_qlik_sales_kpi-768x477.png 768w, https:\/\/prim.io\/content\/uploads\/2019\/10\/erp_salesray_sales_bi_qlik_sales_kpi-1024x637.png 1024w\" data-sizes=\"(max-width: 300px) 100vw, 300px\" src=\"data:image\/svg+xml;base64,PHN2ZyB3aWR0aD0iMSIgaGVpZ2h0PSIxIiB4bWxucz0iaHR0cDovL3d3dy53My5vcmcvMjAwMC9zdmciPjwvc3ZnPg==\" style=\"--smush-placeholder-width: 300px; --smush-placeholder-aspect-ratio: 300\/186;\" \/><\/a>\n\t\t\t<\/div><\/figure><figure class='gallery-item'>\n\t\t\t<div class='gallery-icon landscape'>\n\t\t\t\t<a href='https:\/\/prim.io\/content\/uploads\/2019\/10\/erp_salesray_sales_crm_account_record.png'><img decoding=\"async\" width=\"300\" height=\"184\" data-src=\"https:\/\/prim.io\/content\/uploads\/2019\/10\/erp_salesray_sales_crm_account_record-300x184.png\" class=\"attachment-medium size-medium lazyload\" alt=\"\" data-srcset=\"https:\/\/prim.io\/content\/uploads\/2019\/10\/erp_salesray_sales_crm_account_record-300x184.png 300w, https:\/\/prim.io\/content\/uploads\/2019\/10\/erp_salesray_sales_crm_account_record-768x472.png 768w, https:\/\/prim.io\/content\/uploads\/2019\/10\/erp_salesray_sales_crm_account_record-1024x630.png 1024w\" data-sizes=\"(max-width: 300px) 100vw, 300px\" src=\"data:image\/svg+xml;base64,PHN2ZyB3aWR0aD0iMSIgaGVpZ2h0PSIxIiB4bWxucz0iaHR0cDovL3d3dy53My5vcmcvMjAwMC9zdmciPjwvc3ZnPg==\" style=\"--smush-placeholder-width: 300px; --smush-placeholder-aspect-ratio: 300\/184;\" \/><\/a>\n\t\t\t<\/div><\/figure>\n\t\t<\/div>\n\r\n\t<\/div>\r\n<\/section>\r\n\r\n<section id=\"\" class=\"mod demo\">\r\n\t<div class=\"overlay\"><\/div>\r\n\t<flex class=\"content txt_center padded narrow\">\r\n\t\t<div>\r\n\t\t\t<header>\r\n\t\t\t\t<h2>Demo Prim.io<\/h2>\r\n\t\t\t<\/header>\r\n\t\t\t<p class=\"x2\">Cel mai bun mod de a vedea Prim.io \u00een ac\u021biune este s\u0103-l \u00eencerca\u021bi chiar acum! Este un sistem integral cu toate dot\u0103rile necesare, special creat pentru afacerea dumneavoastr\u0103. Noi am completat deja demo-ul cu date e\u0219antion.<\/p>\r\n\t\t\t<div class=\"buttons\">\r\n\t\t\t\t<a href=\"\/sr\/demo\" class=\"btn big\">\u00ceNCERCA\u021aI ACUM GRATUIT!<\/a>\r\n\t\t\t<\/div>\r\n\t\t<\/div>\r\n\t<\/flex>\r\n<\/section>","protected":false},"excerpt":{"rendered":"<p>Finan\u021be Managementul financiar este unul dintre cele mai mari merite ale Prim.io. Acest modul v\u0103 ofer\u0103 o imagine complet\u0103 a fluxurilor de numerar \u0219i a stocurilor din companie \u0219i este un instrument puternic pentru optimizarea costurilor, analiza \u0219i cre\u0219terea veniturilor, precum \u0219i pentru gestionarea crean\u021belor \u0219i a datoriilor. Tranzac\u021bii financiare optimizate Nu permite\u021bi afacerii dumneavoastr\u0103 [&hellip;]<\/p>\n","protected":false},"author":3,"featured_media":0,"parent":1192,"menu_order":3,"comment_status":"closed","ping_status":"closed","template":"","meta":{"footnotes":""},"yoast_head":"<!-- This site is optimized with the Yoast SEO plugin v24.5 - https:\/\/yoast.com\/wordpress\/plugins\/seo\/ -->\n<title>Finan\u021be - Prim.io<\/title>\n<meta name=\"robots\" content=\"index, follow, max-snippet:-1, max-image-preview:large, max-video-preview:-1\" \/>\n<link rel=\"canonical\" href=\"https:\/\/prim.io\/ro\/specificatii-functionale\/finante\/\" \/>\n<meta property=\"og:locale\" content=\"ro_RO\" \/>\n<meta property=\"og:type\" content=\"article\" \/>\n<meta property=\"og:title\" content=\"Finan\u021be - Prim.io\" \/>\n<meta property=\"og:description\" content=\"Finan\u021be Managementul financiar este unul dintre cele mai mari merite ale Prim.io. Acest modul v\u0103 ofer\u0103 o imagine complet\u0103 a fluxurilor de numerar \u0219i a stocurilor din companie \u0219i este un instrument puternic pentru optimizarea costurilor, analiza \u0219i cre\u0219terea veniturilor, precum \u0219i pentru gestionarea crean\u021belor \u0219i a datoriilor. Tranzac\u021bii financiare optimizate Nu permite\u021bi afacerii dumneavoastr\u0103 [&hellip;]\" \/>\n<meta property=\"og:url\" content=\"https:\/\/prim.io\/ro\/specificatii-functionale\/finante\/\" \/>\n<meta property=\"og:site_name\" content=\"PRIM.IO\" \/>\n<meta property=\"article:publisher\" content=\"https:\/\/www.facebook.com\/primioerp\" \/>\n<meta property=\"article:modified_time\" content=\"2024-01-15T15:51:37+00:00\" \/>\n<meta property=\"og:image\" content=\"https:\/\/prim.io\/content\/uploads\/2019\/10\/erp_salesray_finances_exchange_rates-300x186.png\" \/>\n<meta name=\"twitter:card\" content=\"summary_large_image\" \/>\n<meta name=\"twitter:label1\" content=\"Timp estimat pentru citire\" \/>\n\t<meta name=\"twitter:data1\" content=\"4 minute\" \/>\n<script type=\"application\/ld+json\" class=\"yoast-schema-graph\">{\"@context\":\"https:\/\/schema.org\",\"@graph\":[{\"@type\":\"WebPage\",\"@id\":\"https:\/\/prim.io\/ro\/specificatii-functionale\/finante\/\",\"url\":\"https:\/\/prim.io\/ro\/specificatii-functionale\/finante\/\",\"name\":\"Finan\u021be - Prim.io\",\"isPartOf\":{\"@id\":\"https:\/\/prim.io\/en\/#website\"},\"datePublished\":\"2021-09-10T06:48:20+00:00\",\"dateModified\":\"2024-01-15T15:51:37+00:00\",\"breadcrumb\":{\"@id\":\"https:\/\/prim.io\/ro\/specificatii-functionale\/finante\/#breadcrumb\"},\"inLanguage\":\"ro-RO\",\"potentialAction\":[{\"@type\":\"ReadAction\",\"target\":[\"https:\/\/prim.io\/ro\/specificatii-functionale\/finante\/\"]}]},{\"@type\":\"BreadcrumbList\",\"@id\":\"https:\/\/prim.io\/ro\/specificatii-functionale\/finante\/#breadcrumb\",\"itemListElement\":[{\"@type\":\"ListItem\",\"position\":1,\"name\":\"PRIM.IO\",\"item\":\"https:\/\/prim.io\/ro\/\"},{\"@type\":\"ListItem\",\"position\":2,\"name\":\"Specifica\u021bii func\u021bionale\",\"item\":\"https:\/\/prim.io\/ro\/specificatii-functionale\/\"},{\"@type\":\"ListItem\",\"position\":3,\"name\":\"Finan\u021be\"}]},{\"@type\":\"WebSite\",\"@id\":\"https:\/\/prim.io\/en\/#website\",\"url\":\"https:\/\/prim.io\/en\/\",\"name\":\"PRIM.IO\",\"description\":\"Cloud based ERP, CRM, Sales, Finances and more\",\"publisher\":{\"@id\":\"https:\/\/prim.io\/en\/#organization\"},\"alternateName\":\"PRIM\",\"potentialAction\":[{\"@type\":\"SearchAction\",\"target\":{\"@type\":\"EntryPoint\",\"urlTemplate\":\"https:\/\/prim.io\/en\/?s={search_term_string}\"},\"query-input\":{\"@type\":\"PropertyValueSpecification\",\"valueRequired\":true,\"valueName\":\"search_term_string\"}}],\"inLanguage\":\"ro-RO\"},{\"@type\":\"Organization\",\"@id\":\"https:\/\/prim.io\/en\/#organization\",\"name\":\"PRIM.IO\",\"alternateName\":\"PRIM\",\"url\":\"https:\/\/prim.io\/en\/\",\"logo\":{\"@type\":\"ImageObject\",\"inLanguage\":\"ro-RO\",\"@id\":\"https:\/\/prim.io\/en\/#\/schema\/logo\/image\/\",\"url\":\"https:\/\/prim.io\/content\/uploads\/2024\/01\/prim_logo_big_icon_transp_256.png\",\"contentUrl\":\"https:\/\/prim.io\/content\/uploads\/2024\/01\/prim_logo_big_icon_transp_256.png\",\"width\":256,\"height\":256,\"caption\":\"PRIM.IO\"},\"image\":{\"@id\":\"https:\/\/prim.io\/en\/#\/schema\/logo\/image\/\"},\"sameAs\":[\"https:\/\/www.facebook.com\/primioerp\",\"https:\/\/www.linkedin.com\/showcase\/primioerp\"]}]}<\/script>\n<!-- \/ Yoast SEO plugin. -->","yoast_head_json":{"title":"Finan\u021be - Prim.io","robots":{"index":"index","follow":"follow","max-snippet":"max-snippet:-1","max-image-preview":"max-image-preview:large","max-video-preview":"max-video-preview:-1"},"canonical":"https:\/\/prim.io\/ro\/specificatii-functionale\/finante\/","og_locale":"ro_RO","og_type":"article","og_title":"Finan\u021be - Prim.io","og_description":"Finan\u021be Managementul financiar este unul dintre cele mai mari merite ale Prim.io. Acest modul v\u0103 ofer\u0103 o imagine complet\u0103 a fluxurilor de numerar \u0219i a stocurilor din companie \u0219i este un instrument puternic pentru optimizarea costurilor, analiza \u0219i cre\u0219terea veniturilor, precum \u0219i pentru gestionarea crean\u021belor \u0219i a datoriilor. Tranzac\u021bii financiare optimizate Nu permite\u021bi afacerii dumneavoastr\u0103 [&hellip;]","og_url":"https:\/\/prim.io\/ro\/specificatii-functionale\/finante\/","og_site_name":"PRIM.IO","article_publisher":"https:\/\/www.facebook.com\/primioerp","article_modified_time":"2024-01-15T15:51:37+00:00","og_image":[{"url":"https:\/\/prim.io\/content\/uploads\/2019\/10\/erp_salesray_finances_exchange_rates-300x186.png","type":"","width":"","height":""}],"twitter_card":"summary_large_image","twitter_misc":{"Timp estimat pentru citire":"4 minute"},"schema":{"@context":"https:\/\/schema.org","@graph":[{"@type":"WebPage","@id":"https:\/\/prim.io\/ro\/specificatii-functionale\/finante\/","url":"https:\/\/prim.io\/ro\/specificatii-functionale\/finante\/","name":"Finan\u021be - Prim.io","isPartOf":{"@id":"https:\/\/prim.io\/en\/#website"},"datePublished":"2021-09-10T06:48:20+00:00","dateModified":"2024-01-15T15:51:37+00:00","breadcrumb":{"@id":"https:\/\/prim.io\/ro\/specificatii-functionale\/finante\/#breadcrumb"},"inLanguage":"ro-RO","potentialAction":[{"@type":"ReadAction","target":["https:\/\/prim.io\/ro\/specificatii-functionale\/finante\/"]}]},{"@type":"BreadcrumbList","@id":"https:\/\/prim.io\/ro\/specificatii-functionale\/finante\/#breadcrumb","itemListElement":[{"@type":"ListItem","position":1,"name":"PRIM.IO","item":"https:\/\/prim.io\/ro\/"},{"@type":"ListItem","position":2,"name":"Specifica\u021bii func\u021bionale","item":"https:\/\/prim.io\/ro\/specificatii-functionale\/"},{"@type":"ListItem","position":3,"name":"Finan\u021be"}]},{"@type":"WebSite","@id":"https:\/\/prim.io\/en\/#website","url":"https:\/\/prim.io\/en\/","name":"PRIM.IO","description":"Cloud based ERP, CRM, Sales, Finances and more","publisher":{"@id":"https:\/\/prim.io\/en\/#organization"},"alternateName":"PRIM","potentialAction":[{"@type":"SearchAction","target":{"@type":"EntryPoint","urlTemplate":"https:\/\/prim.io\/en\/?s={search_term_string}"},"query-input":{"@type":"PropertyValueSpecification","valueRequired":true,"valueName":"search_term_string"}}],"inLanguage":"ro-RO"},{"@type":"Organization","@id":"https:\/\/prim.io\/en\/#organization","name":"PRIM.IO","alternateName":"PRIM","url":"https:\/\/prim.io\/en\/","logo":{"@type":"ImageObject","inLanguage":"ro-RO","@id":"https:\/\/prim.io\/en\/#\/schema\/logo\/image\/","url":"https:\/\/prim.io\/content\/uploads\/2024\/01\/prim_logo_big_icon_transp_256.png","contentUrl":"https:\/\/prim.io\/content\/uploads\/2024\/01\/prim_logo_big_icon_transp_256.png","width":256,"height":256,"caption":"PRIM.IO"},"image":{"@id":"https:\/\/prim.io\/en\/#\/schema\/logo\/image\/"},"sameAs":["https:\/\/www.facebook.com\/primioerp","https:\/\/www.linkedin.com\/showcase\/primioerp"]}]}},"_links":{"self":[{"href":"https:\/\/prim.io\/ro\/wp-json\/wp\/v2\/pages\/2784"}],"collection":[{"href":"https:\/\/prim.io\/ro\/wp-json\/wp\/v2\/pages"}],"about":[{"href":"https:\/\/prim.io\/ro\/wp-json\/wp\/v2\/types\/page"}],"author":[{"embeddable":true,"href":"https:\/\/prim.io\/ro\/wp-json\/wp\/v2\/users\/3"}],"replies":[{"embeddable":true,"href":"https:\/\/prim.io\/ro\/wp-json\/wp\/v2\/comments?post=2784"}],"version-history":[{"count":13,"href":"https:\/\/prim.io\/ro\/wp-json\/wp\/v2\/pages\/2784\/revisions"}],"predecessor-version":[{"id":6573,"href":"https:\/\/prim.io\/ro\/wp-json\/wp\/v2\/pages\/2784\/revisions\/6573"}],"up":[{"embeddable":true,"href":"https:\/\/prim.io\/ro\/wp-json\/wp\/v2\/pages\/1192"}],"wp:attachment":[{"href":"https:\/\/prim.io\/ro\/wp-json\/wp\/v2\/media?parent=2784"}],"curies":[{"name":"wp","href":"https:\/\/api.w.org\/{rel}","templated":true}]}}