{"id":2780,"date":"2019-09-30T13:24:16","date_gmt":"2021-09-10T06:43:43","guid":{"rendered":"https:\/\/prim.io\/modules\/prodazhbi\/"},"modified":"2024-01-15T17:49:49","modified_gmt":"2024-01-15T15:49:49","slug":"vanzari","status":"publish","type":"page","link":"https:\/\/prim.io\/ro\/specificatii-functionale\/vanzari\/","title":{"rendered":"V\u00e2nz\u0103ri"},"content":{"rendered":"<section class=\"skew blue\">\r\n\t<div class=\"overlay\"><\/div>\r\n\t<div class=\"content features\">\r\n\t\t<header class=\"txt_center\">\r\n\t\t\t<h1><i class=\"icon big mod_sales\" style=\"margin-bottom: -1.25rem;\"><\/i> Managementul v\u00e2nz\u0103rilor<\/h1>\r\n\t\t\t<h3>V\u00e2nz\u0103rile sunt f\u0103r\u0103 \u00eendoial\u0103 cel mai important lucru pentru existen\u021ba unei companii. F\u0103r\u0103 v\u00e2nz\u0103ri care s\u0103 alimenteze afacerea, orice altceva \u00ee\u0219i pierde rostul. De aceea, am acordat o aten\u021bie deosebit\u0103 pentru a v\u0103 oferi toate instrumentele posibile de a v\u0103 gestiona eficient v\u00e2nz\u0103rile, inclusiv toate automatiz\u0103rile posibile - acest lucru urm\u00e2nd s\u0103 se \u00eent\u00e2mple rapid \u00een diferite canale - precum \u0219i un model flexibil pentru a acoperi orice situa\u021bie \u0219i tranzac\u021bie complex\u0103.<\/h3>\r\n\t\t<\/header>\r\n\t\t<div class=\"grid gx3\">\r\n\t\t\t<div>\r\n\t\t\t\t<div class=\"icon big grow\"><\/div>\r\n\t\t\t\t<h3>Eficien\u021b\u0103 \u0219i cre\u0219tere rapid\u0103 a v\u00e2nz\u0103rilor<\/h3>\r\n\t\t\t\t<p>Indiferent de c\u00e2te bunuri ave\u021bi spre v\u00e2nzare, dac\u0103 departamentul dvs. de v\u00e2nz\u0103ri nu face fa\u021b\u0103 proces\u0103rii v\u00e2nz\u0103rilor, profitul dvs. nu va cre\u0219te. Prim.io este un software eficient pentru gestionarea v\u00e2nz\u0103rilor, cu care ve\u021bi ob\u021bine aceast\u0103 cre\u0219tere prin implementarea capacit\u0103\u021bii maxime a atuurilor dumneavoastr\u0103 parcurg\u00e2nd rapid diferitele etape ale tranzac\u021biilor clien\u021bilor! Maximiza\u021bi satisfac\u021bia clien\u021bilor!<\/p>\r\n\t\t\t<\/div>\r\n\t\t\t<div>\r\n\t\t\t\t<div class=\"icon big div\"><\/div>\r\n\t\t\t\t<h3>Varietate care corespunde realit\u0103\u021bii<\/h3>\r\n\t\t\t\t<p>V\u00e2nz\u0103rile nu urmeaz\u0103 un singur model de execu\u021bie - clientul vine, ia bunurile \u0219i factura \u0219i pl\u0103te\u0219te. De fapt, exist\u0103 multe op\u021biuni pentru executarea unei v\u00e2nz\u0103ri - par\u021bial scris\u0103 \u0219i \/ sau facturat\u0103, numai cu cantit\u0103\u021bi rezervate \u0219i alte cereri specifice ale clien\u021bilor. Reflect\u0103 realitatea cu exactitate \u00een Prim.io, oric\u00e2t de complicat\u0103 ar fi aceasta!<\/p>\r\n\t\t\t<\/div>\r\n\t\t\t<div>\r\n\t\t\t\t<div class=\"icon big int\"><\/div>\r\n\t\t\t\t<h3>Management inteligent al performan\u021bei<\/h3>\r\n\t\t\t\t<p>Prim.io nu este un sistem independent, \u00eenchis. Acesta comunic\u0103 constant cu partenerii dvs. integra\u021bi \u0219i actualizeaz\u0103 st\u0103rile \u0219i pre\u021burile. Fiecare dispozitiv devine un instrument de v\u00e2nz\u0103ri complet \u0219i fiecare proces standardizat \u00een sistem este optimizat \u0219i nu are nevoie de monitorizare constant\u0103 \u00een mai multe site-uri, indiferent dac\u0103 este vorba de execu\u021bie, facturare sau plat\u0103.<\/p>\r\n\t\t\t<\/div>\r\n\t\t<\/div>\r\n\t<\/div>\r\n<\/section>\r\n<section id=\"\" class=\"\">\r\n\t<div class=\"overlay\"><\/div>\r\n\t<div class=\"content\">\r\n\t<\/div>\r\n<\/section>\r\n<section id=\"\" class=\"sidemenu\">\r\n\t<menu>\r\n\t\t<menuitem><a href=\"..\/crm\" class=\"icon big mod_crm\" title=\"Modul CRM, Prim.io\">CRM<\/a><\/menuitem>\r\n\t\t<menuitem><a href=\"..\/vanzari\" class=\"icon big mod_sales\" title=\"Modul V\u00e2nz\u0103ri, Prim.io\">V\u00e2nz\u0103ri<\/a><\/menuitem>\r\n\t\t<menuitem><a href=\"..\/depozit\" class=\"icon big mod_store\" title=\"Modul Depozite \u0219i Logistic\u0103, Prim.io\">Depozite \u0219i Logistic\u0103<\/a><\/menuitem>\r\n\t\t<menuitem><a href=\"..\/finante\" class=\"icon big mod_fin\" title=\"Modul Finan\u021be, Prim.io\">Finan\u021be<\/a><\/menuitem>\r\n\t\t<menuitem><a href=\"..\/bi\" class=\"icon big mod_bi\" title=\"Modul BI, Prim.io\">BI<\/a><\/menuitem>\r\n\t<\/menu>\r\n<\/section>\r\n\r\n<section id=\"\" class=\"mods\">\r\n\t<div class=\"overlay\"><\/div>\r\n\t<div class=\"content features narrow\">\r\n\t\t<h2><span style=\"display:none\">V\u00e2nz\u0103ri - <\/span> Implementarea oric\u0103rei politici comerciale<\/h2>\r\n\t\t<p>Odat\u0103 cu cre\u0219terea unei companii \u0219i cre\u0219terea num\u0103rului de persoane implicate \u00een v\u00e2nz\u0103ri, controlul asupra pre\u021bului cu care vinde devine o sarcin\u0103 din ce \u00een ce mai dificil\u0103 de monitorizat \u0219i o condi\u021bie prealabil\u0103, dac\u0103 nu pentru o pierdere, atunci cel pu\u021bin pentru a nu realiza un poten\u021bial profit. \u0218i companiile cu o singur\u0103 persoan\u0103 \u0219i companiile uria\u0219e, cu zeci de magazine \u0219i canale de v\u00e2nzare, pot lucra convenabil cu Prim.io, deoarece ofer\u0103 o gam\u0103 larg\u0103 de diferite modele de gestionare a politicii de pre\u021b \u0219i de stabilire a pre\u021burilor \u00een sistem.<\/p>\r\n\r\n\t\t<div class=\"grid gx2\">\r\n\t\t\t<div>\r\n\t\t\t\t<h3 class=\"icon-th-list\">Listele de pre\u021buri<\/h3>\r\n\t\t\t\t<p>Listele de pre\u021buri se pot modela dup\u0103 orice model de pre\u021b - dup\u0103 tipuri de clien\u021bi, clien\u021bi specifici, v\u00e2nzare cu am\u0103nuntul sau angro, dup\u0103 bunuri \u0219i \/ sau servicii, grupuri de bunuri \u0219i \/ sau servicii, dup\u0103 locul de v\u00e2nzare, marc\u0103, furnizor etc. Sistemul ofer\u0103, de asemenea, liste de pre\u021b calculate automat \u0219i auto-re\u00eennoite pe baza regulilor.<\/p>\r\n\t\t\t<\/div>\r\n\t\t\t<div>\r\n\t\t\t\t<h3 class=\"icon-rocket\">Promo\u021bii<\/h3>\r\n\t\t\t\t<p>Promo\u021biile sunt un instrument important pentru companiile orientate spre marketing \u0219i o component\u0103 indispensabil\u0103 pentru implicarea clien\u021bilor pe tot parcursul anului, a\u0219adar Prim.io v\u0103 permite s\u0103 grupa\u021bi politicile de pre\u021buri \u00een scenarii, cu posibilitatea de a specifica promo\u021bii care se exclud reciproc \u0219i care pot fi aplicate \u00eempreun\u0103. \u00cen plus, Prim.io men\u021bine valabilitatea unei promo\u021bii, ceea ce face posibil\u0103 planificarea campaniilor dvs. pentru viitorul apropiat.<\/p>\r\n\t\t\t<\/div>\r\n\t\t\t<div>\r\n\t\t\t\t<h3 class=\"icon-bag\">Puncte de v\u00e2nzare<\/h3>\r\n\t\t\t\t<p>Automatizarea condi\u021biilor de v\u00e2nzare \u0219i a pre\u021burilor la punctul de v\u00e2nzare - cu Prim.io v\u0103 pute\u021bi conforma listei de pre\u021buri pentru pre\u021burile minime de v\u00e2nzare, dar pute\u021bi \u0219i controla cine folose\u0219te listele de pre\u021buri \u0219i pute\u021bi stabili drepturi speciale pentru pre\u021burile editabile manual.<\/p>\r\n\t\t\t<\/div>\r\n\t\t\t<div>\r\n\t\t\t\t<h3 class=\"icon-sliders\">Limite \u0219i asigurare<\/h3>\r\n\t\t\t\t<p>Modulul de v\u00e2nz\u0103ri Prim.io ofer\u0103, de asemenea, gestionarea limitelor de v\u00e2nzare clien\u021bilor dvs., dac\u0103 ave\u021bi o astfel de politic\u0103. Se poate seta o limit\u0103 pentru bunurile \u0219i \/ sau serviciile facturate sau v\u00e2ndute, \u00een orice moned\u0103 cu care o lucra\u021bi, \u00eentruc\u00e2t consider\u0103m extrem de util\u0103 posibilitatea ca la atingerea limitei, opera\u021biunea (de v\u00e2nzare sau facturare) s\u0103 fie blocat\u0103 \u0219i s\u0103 nu poat\u0103 fi realizat\u0103. \u00cen plus, tranzac\u021biile pot fi blocate \u00een cazul prea multor tranzac\u021bii nepl\u0103tite ale clien\u021bilor.<\/p>\r\n\t\t\t<\/div>\r\n\t\t<\/div>\r\n\t<\/div>\r\n<\/section>\r\n\r\n<section id=\"\" class=\"mods\">\r\n\t<div class=\"overlay\"><\/div>\r\n\t<div class=\"content features narrow\">\r\n\t\t<h2><span style=\"display:none\">V\u00e2nz\u0103ri - <\/span> Model flexibil de v\u00e2nzare<\/h2>\r\n\t\t<p>Software-ul obi\u0219nuit v\u0103 permite s\u0103 crea\u021bi o v\u00e2nzare> o ie\u0219ire din depozit> o factur\u0103. \u00cen Prim.io fiecare v\u00e2nzare poate fi efectuat\u0103 cu livr\u0103ri multiple din diferite depozite. Schema de plat\u0103 are, de asemenea, toate op\u021biunile posibile, deoarece \u00een orice moment ave\u021bi informa\u021bii exacte despre fiecare tranzac\u021bie - ce procentaj este executat, ce procentaj este facturat \u0219i ce procentaj este pl\u0103tit.<\/p>\r\n\t\t\r\n\t\t::schema::\r\n\t\t\r\n\t\t<p>Pentru a face lucrurile mai interesante, oferim, de asemenea, opera\u021biuni complexe, cum ar fi stornarea automat\u0103, anularea automat\u0103, divizarea v\u00e2nz\u0103rilor, crearea v\u00e2nz\u0103rilor prin mai multe desc\u0103rc\u0103ri \u0219i multe alte op\u021biuni pentru a lucra \u00een mod eficient.<\/p>\r\n\t\t<p>Orice a\u021bi negocia cu clientul dvs., noi v\u0103 oferim func\u021bia!<\/p>\r\n\t<\/div>\r\n<\/section>\r\n\r\n\r\n<section id=\"\" class=\"mods\">\r\n\t<div class=\"overlay\"><\/div>\r\n\t<div class=\"content features narrow\">\r\n\t\t<h2><span style=\"display:none\">V\u00e2nz\u0103ri - <\/span> Integr\u0103ri pentru mai multe v\u00e2nz\u0103ri<\/h2>\r\n\t\t<p>Integr\u0103rile nu numai c\u0103 fac posibil\u0103 procesarea unei cantit\u0103\u021bi uria\u0219e de v\u00e2nz\u0103ri, dar sunt \u0219i o oportunitate de a ad\u0103uga rapid \u0219i u\u0219or canale de v\u00e2nzare suplimentare, lucru f\u0103r\u0103 de care nu ve\u021bi fi competitiv \u00een viitor.<\/p>\r\n\t\t<div class=\"grid gx2\">\r\n\t\t\t<div>\r\n\t\t\t\t<h3 class=\"icon-network\">Integrarea cu platformele de pia\u021b\u0103<\/h3>\r\n\t\t\t\t<p>Amazon, eBay, eMag <\/p>\r\n\t\t\t<\/div>\r\n\t\t\t<div>\r\n\t\t\t\t<h3 class=\"icon-globe\">Integrare cu magazinele WEB<\/h3>\r\n\t\t\t\t<p>WooCommerce, Shopify, Opencart, Cloudcart, Magento<\/p>\r\n\t\t\t<\/div>\r\n\t\t\t<div>\r\n\t\t\t\t<h3 class=\"icon-credit-card\">Integrarea cu sistemele de plat\u0103<\/h3>\r\n\t\t\t\t<p>PayPal, ePay, Braintree, Mollie <\/p>\r\n\t\t\t<\/div>\r\n\t\t\t<div>\r\n\t\t\t\t<h3 class=\"icon-truck\">Integrare cu expeditori<\/h3>\r\n\t\t\t\t<p> FAN COURIER, SPEEDY, ECONT, Rapido (inclusiv primirea automat\u0103 a num\u0103rului conosamentului, precum \u0219i raportarea pl\u0103\u021bilor la livrare).<\/p>\r\n\t\t\t<\/div>\r\n\t\t<\/div>\r\n\r\n\t\t<p>Pentru toate celelalte cazuri, oferim o gam\u0103 larg\u0103 de func\u021bii standard API \u00eencorporate, cu care v\u0103 pute\u021bi conecta cu u\u0219urin\u021b\u0103 software-ul la Prim.io.<\/p>\r\n\t\t<p>Prim.io ofer\u0103, de asemenea, operare f\u0103r\u0103 probleme cu cititoare de coduri de bare, imprimante fiscale \u0219i dispozitive de imprimare specializate.<\/p>\r\n\r\n\t<\/div>\r\n<\/section>\r\n\r\n<section id=\"gallery\" class=\"fullwidth screens\">\r\n\t<div class=\"content\">\r\n\t\t<div id='gallery-1' class='gallery galleryid-2780 gallery-columns-5 gallery-size-medium'><figure class='gallery-item'>\n\t\t\t<div class='gallery-icon landscape'>\n\t\t\t\t<a href='https:\/\/prim.io\/content\/uploads\/2019\/10\/erp_salesray_finances_exchange_rates.png'><img decoding=\"async\" width=\"300\" height=\"186\" data-src=\"https:\/\/prim.io\/content\/uploads\/2019\/10\/erp_salesray_finances_exchange_rates-300x186.png\" class=\"attachment-medium size-medium lazyload\" alt=\"\" data-srcset=\"https:\/\/prim.io\/content\/uploads\/2019\/10\/erp_salesray_finances_exchange_rates-300x186.png 300w, https:\/\/prim.io\/content\/uploads\/2019\/10\/erp_salesray_finances_exchange_rates-768x477.png 768w, https:\/\/prim.io\/content\/uploads\/2019\/10\/erp_salesray_finances_exchange_rates-1024x637.png 1024w\" data-sizes=\"(max-width: 300px) 100vw, 300px\" src=\"data:image\/svg+xml;base64,PHN2ZyB3aWR0aD0iMSIgaGVpZ2h0PSIxIiB4bWxucz0iaHR0cDovL3d3dy53My5vcmcvMjAwMC9zdmciPjwvc3ZnPg==\" style=\"--smush-placeholder-width: 300px; --smush-placeholder-aspect-ratio: 300\/186;\" \/><\/a>\n\t\t\t<\/div><\/figure><figure class='gallery-item'>\n\t\t\t<div class='gallery-icon landscape'>\n\t\t\t\t<a href='https:\/\/prim.io\/content\/uploads\/2019\/10\/erp_salesray_finances_report_expenses.png'><img decoding=\"async\" width=\"300\" height=\"184\" data-src=\"https:\/\/prim.io\/content\/uploads\/2019\/10\/erp_salesray_finances_report_expenses-300x184.png\" class=\"attachment-medium size-medium lazyload\" alt=\"\" data-srcset=\"https:\/\/prim.io\/content\/uploads\/2019\/10\/erp_salesray_finances_report_expenses-300x184.png 300w, https:\/\/prim.io\/content\/uploads\/2019\/10\/erp_salesray_finances_report_expenses-768x472.png 768w, https:\/\/prim.io\/content\/uploads\/2019\/10\/erp_salesray_finances_report_expenses-1024x630.png 1024w\" data-sizes=\"(max-width: 300px) 100vw, 300px\" src=\"data:image\/svg+xml;base64,PHN2ZyB3aWR0aD0iMSIgaGVpZ2h0PSIxIiB4bWxucz0iaHR0cDovL3d3dy53My5vcmcvMjAwMC9zdmciPjwvc3ZnPg==\" style=\"--smush-placeholder-width: 300px; --smush-placeholder-aspect-ratio: 300\/184;\" \/><\/a>\n\t\t\t<\/div><\/figure><figure class='gallery-item'>\n\t\t\t<div class='gallery-icon landscape'>\n\t\t\t\t<a href='https:\/\/prim.io\/content\/uploads\/2019\/10\/erp_salesray_sales_bi_qlik_finances_dashboard.png'><img decoding=\"async\" width=\"300\" height=\"186\" data-src=\"https:\/\/prim.io\/content\/uploads\/2019\/10\/erp_salesray_sales_bi_qlik_finances_dashboard-300x186.png\" class=\"attachment-medium size-medium lazyload\" alt=\"\" data-srcset=\"https:\/\/prim.io\/content\/uploads\/2019\/10\/erp_salesray_sales_bi_qlik_finances_dashboard-300x186.png 300w, https:\/\/prim.io\/content\/uploads\/2019\/10\/erp_salesray_sales_bi_qlik_finances_dashboard-768x477.png 768w, https:\/\/prim.io\/content\/uploads\/2019\/10\/erp_salesray_sales_bi_qlik_finances_dashboard-1024x637.png 1024w\" data-sizes=\"(max-width: 300px) 100vw, 300px\" src=\"data:image\/svg+xml;base64,PHN2ZyB3aWR0aD0iMSIgaGVpZ2h0PSIxIiB4bWxucz0iaHR0cDovL3d3dy53My5vcmcvMjAwMC9zdmciPjwvc3ZnPg==\" style=\"--smush-placeholder-width: 300px; --smush-placeholder-aspect-ratio: 300\/186;\" \/><\/a>\n\t\t\t<\/div><\/figure><figure class='gallery-item'>\n\t\t\t<div class='gallery-icon landscape'>\n\t\t\t\t<a href='https:\/\/prim.io\/content\/uploads\/2019\/10\/erp_salesray_sales_bi_qlik_sales_dashboard.png'><img decoding=\"async\" width=\"300\" height=\"186\" data-src=\"https:\/\/prim.io\/content\/uploads\/2019\/10\/erp_salesray_sales_bi_qlik_sales_dashboard-300x186.png\" class=\"attachment-medium size-medium lazyload\" alt=\"\" data-srcset=\"https:\/\/prim.io\/content\/uploads\/2019\/10\/erp_salesray_sales_bi_qlik_sales_dashboard-300x186.png 300w, https:\/\/prim.io\/content\/uploads\/2019\/10\/erp_salesray_sales_bi_qlik_sales_dashboard-768x477.png 768w, https:\/\/prim.io\/content\/uploads\/2019\/10\/erp_salesray_sales_bi_qlik_sales_dashboard-1024x637.png 1024w\" data-sizes=\"(max-width: 300px) 100vw, 300px\" src=\"data:image\/svg+xml;base64,PHN2ZyB3aWR0aD0iMSIgaGVpZ2h0PSIxIiB4bWxucz0iaHR0cDovL3d3dy53My5vcmcvMjAwMC9zdmciPjwvc3ZnPg==\" style=\"--smush-placeholder-width: 300px; --smush-placeholder-aspect-ratio: 300\/186;\" \/><\/a>\n\t\t\t<\/div><\/figure><figure class='gallery-item'>\n\t\t\t<div class='gallery-icon landscape'>\n\t\t\t\t<a href='https:\/\/prim.io\/content\/uploads\/2019\/10\/erp_salesray_sales_bi_qlik_sales_kpi.png'><img decoding=\"async\" width=\"300\" height=\"186\" data-src=\"https:\/\/prim.io\/content\/uploads\/2019\/10\/erp_salesray_sales_bi_qlik_sales_kpi-300x186.png\" class=\"attachment-medium size-medium lazyload\" alt=\"\" data-srcset=\"https:\/\/prim.io\/content\/uploads\/2019\/10\/erp_salesray_sales_bi_qlik_sales_kpi-300x186.png 300w, https:\/\/prim.io\/content\/uploads\/2019\/10\/erp_salesray_sales_bi_qlik_sales_kpi-768x477.png 768w, https:\/\/prim.io\/content\/uploads\/2019\/10\/erp_salesray_sales_bi_qlik_sales_kpi-1024x637.png 1024w\" data-sizes=\"(max-width: 300px) 100vw, 300px\" src=\"data:image\/svg+xml;base64,PHN2ZyB3aWR0aD0iMSIgaGVpZ2h0PSIxIiB4bWxucz0iaHR0cDovL3d3dy53My5vcmcvMjAwMC9zdmciPjwvc3ZnPg==\" style=\"--smush-placeholder-width: 300px; --smush-placeholder-aspect-ratio: 300\/186;\" \/><\/a>\n\t\t\t<\/div><\/figure><figure class='gallery-item'>\n\t\t\t<div class='gallery-icon landscape'>\n\t\t\t\t<a href='https:\/\/prim.io\/content\/uploads\/2019\/10\/erp_salesray_sales_crm_account_record.png'><img decoding=\"async\" width=\"300\" height=\"184\" data-src=\"https:\/\/prim.io\/content\/uploads\/2019\/10\/erp_salesray_sales_crm_account_record-300x184.png\" class=\"attachment-medium size-medium lazyload\" alt=\"\" data-srcset=\"https:\/\/prim.io\/content\/uploads\/2019\/10\/erp_salesray_sales_crm_account_record-300x184.png 300w, https:\/\/prim.io\/content\/uploads\/2019\/10\/erp_salesray_sales_crm_account_record-768x472.png 768w, https:\/\/prim.io\/content\/uploads\/2019\/10\/erp_salesray_sales_crm_account_record-1024x630.png 1024w\" data-sizes=\"(max-width: 300px) 100vw, 300px\" src=\"data:image\/svg+xml;base64,PHN2ZyB3aWR0aD0iMSIgaGVpZ2h0PSIxIiB4bWxucz0iaHR0cDovL3d3dy53My5vcmcvMjAwMC9zdmciPjwvc3ZnPg==\" style=\"--smush-placeholder-width: 300px; --smush-placeholder-aspect-ratio: 300\/184;\" \/><\/a>\n\t\t\t<\/div><\/figure>\n\t\t<\/div>\n\r\n\t<\/div>\r\n<\/section>\r\n\r\n<section id=\"\" class=\"mod demo\">\r\n\t<div class=\"overlay\"><\/div>\r\n\t<flex class=\"content txt_center padded narrow\">\r\n\t\t<div>\r\n\t\t\t<header>\r\n\t\t\t\t<h2>Demo Prim.io<\/h2>\r\n\t\t\t<\/header>\r\n\t\t\t<p class=\"x2\">Cel mai bun mod de a vedea Prim.io \u00een ac\u021biune este s\u0103-l \u00eencerca\u021bi chiar acum! Este un sistem integral cu toate dot\u0103rile necesare, special creat pentru afacerea dumneavoastr\u0103. Noi am completat deja demo-ul cu date e\u0219antion.<\/p>\r\n\t\t\t<div class=\"buttons\">\r\n\t\t\t\t<a href=\"\/sr\/demo\" class=\"btn big\">\u00ceNCERCA\u021aI ACUM GRATUIT!<\/a>\r\n\t\t\t<\/div>\r\n\t\t<\/div>\r\n\t<\/flex>\r\n<\/section>","protected":false},"excerpt":{"rendered":"<p>Managementul v\u00e2nz\u0103rilor V\u00e2nz\u0103rile sunt f\u0103r\u0103 \u00eendoial\u0103 cel mai important lucru pentru existen\u021ba unei companii. F\u0103r\u0103 v\u00e2nz\u0103ri care s\u0103 alimenteze afacerea, orice altceva \u00ee\u0219i pierde rostul. De aceea, am acordat o aten\u021bie deosebit\u0103 pentru a v\u0103 oferi toate instrumentele posibile de a v\u0103 gestiona eficient v\u00e2nz\u0103rile, inclusiv toate automatiz\u0103rile posibile &#8211; acest lucru urm\u00e2nd s\u0103 se [&hellip;]<\/p>\n","protected":false},"author":3,"featured_media":0,"parent":1192,"menu_order":1,"comment_status":"closed","ping_status":"closed","template":"","meta":{"footnotes":""},"yoast_head":"<!-- This site is optimized with the Yoast SEO plugin v24.5 - https:\/\/yoast.com\/wordpress\/plugins\/seo\/ -->\n<title>V\u00e2nz\u0103ri - Prim.io<\/title>\n<meta name=\"robots\" content=\"index, follow, max-snippet:-1, max-image-preview:large, max-video-preview:-1\" \/>\n<link rel=\"canonical\" href=\"https:\/\/prim.io\/ro\/specificatii-functionale\/vanzari\/\" \/>\n<meta property=\"og:locale\" content=\"ro_RO\" \/>\n<meta property=\"og:type\" content=\"article\" \/>\n<meta property=\"og:title\" content=\"V\u00e2nz\u0103ri - Prim.io\" \/>\n<meta property=\"og:description\" content=\"Managementul v\u00e2nz\u0103rilor V\u00e2nz\u0103rile sunt f\u0103r\u0103 \u00eendoial\u0103 cel mai important lucru pentru existen\u021ba unei companii. F\u0103r\u0103 v\u00e2nz\u0103ri care s\u0103 alimenteze afacerea, orice altceva \u00ee\u0219i pierde rostul. De aceea, am acordat o aten\u021bie deosebit\u0103 pentru a v\u0103 oferi toate instrumentele posibile de a v\u0103 gestiona eficient v\u00e2nz\u0103rile, inclusiv toate automatiz\u0103rile posibile - acest lucru urm\u00e2nd s\u0103 se [&hellip;]\" \/>\n<meta property=\"og:url\" content=\"https:\/\/prim.io\/ro\/specificatii-functionale\/vanzari\/\" \/>\n<meta property=\"og:site_name\" content=\"PRIM.IO\" \/>\n<meta property=\"article:publisher\" content=\"https:\/\/www.facebook.com\/primioerp\" \/>\n<meta property=\"article:modified_time\" content=\"2024-01-15T15:49:49+00:00\" \/>\n<meta property=\"og:image\" content=\"https:\/\/prim.io\/content\/uploads\/2019\/10\/erp_salesray_finances_exchange_rates-300x186.png\" \/>\n<meta name=\"twitter:card\" content=\"summary_large_image\" \/>\n<meta name=\"twitter:label1\" content=\"Timp estimat pentru citire\" \/>\n\t<meta name=\"twitter:data1\" content=\"4 minute\" \/>\n<script type=\"application\/ld+json\" class=\"yoast-schema-graph\">{\"@context\":\"https:\/\/schema.org\",\"@graph\":[{\"@type\":\"WebPage\",\"@id\":\"https:\/\/prim.io\/ro\/specificatii-functionale\/vanzari\/\",\"url\":\"https:\/\/prim.io\/ro\/specificatii-functionale\/vanzari\/\",\"name\":\"V\u00e2nz\u0103ri - Prim.io\",\"isPartOf\":{\"@id\":\"https:\/\/prim.io\/en\/#website\"},\"datePublished\":\"2021-09-10T06:43:43+00:00\",\"dateModified\":\"2024-01-15T15:49:49+00:00\",\"breadcrumb\":{\"@id\":\"https:\/\/prim.io\/ro\/specificatii-functionale\/vanzari\/#breadcrumb\"},\"inLanguage\":\"ro-RO\",\"potentialAction\":[{\"@type\":\"ReadAction\",\"target\":[\"https:\/\/prim.io\/ro\/specificatii-functionale\/vanzari\/\"]}]},{\"@type\":\"BreadcrumbList\",\"@id\":\"https:\/\/prim.io\/ro\/specificatii-functionale\/vanzari\/#breadcrumb\",\"itemListElement\":[{\"@type\":\"ListItem\",\"position\":1,\"name\":\"PRIM.IO\",\"item\":\"https:\/\/prim.io\/ro\/\"},{\"@type\":\"ListItem\",\"position\":2,\"name\":\"Specifica\u021bii func\u021bionale\",\"item\":\"https:\/\/prim.io\/ro\/specificatii-functionale\/\"},{\"@type\":\"ListItem\",\"position\":3,\"name\":\"V\u00e2nz\u0103ri\"}]},{\"@type\":\"WebSite\",\"@id\":\"https:\/\/prim.io\/en\/#website\",\"url\":\"https:\/\/prim.io\/en\/\",\"name\":\"PRIM.IO\",\"description\":\"Cloud based ERP, CRM, Sales, Finances and more\",\"publisher\":{\"@id\":\"https:\/\/prim.io\/en\/#organization\"},\"alternateName\":\"PRIM\",\"potentialAction\":[{\"@type\":\"SearchAction\",\"target\":{\"@type\":\"EntryPoint\",\"urlTemplate\":\"https:\/\/prim.io\/en\/?s={search_term_string}\"},\"query-input\":{\"@type\":\"PropertyValueSpecification\",\"valueRequired\":true,\"valueName\":\"search_term_string\"}}],\"inLanguage\":\"ro-RO\"},{\"@type\":\"Organization\",\"@id\":\"https:\/\/prim.io\/en\/#organization\",\"name\":\"PRIM.IO\",\"alternateName\":\"PRIM\",\"url\":\"https:\/\/prim.io\/en\/\",\"logo\":{\"@type\":\"ImageObject\",\"inLanguage\":\"ro-RO\",\"@id\":\"https:\/\/prim.io\/en\/#\/schema\/logo\/image\/\",\"url\":\"https:\/\/prim.io\/content\/uploads\/2024\/01\/prim_logo_big_icon_transp_256.png\",\"contentUrl\":\"https:\/\/prim.io\/content\/uploads\/2024\/01\/prim_logo_big_icon_transp_256.png\",\"width\":256,\"height\":256,\"caption\":\"PRIM.IO\"},\"image\":{\"@id\":\"https:\/\/prim.io\/en\/#\/schema\/logo\/image\/\"},\"sameAs\":[\"https:\/\/www.facebook.com\/primioerp\",\"https:\/\/www.linkedin.com\/showcase\/primioerp\"]}]}<\/script>\n<!-- \/ Yoast SEO plugin. -->","yoast_head_json":{"title":"V\u00e2nz\u0103ri - Prim.io","robots":{"index":"index","follow":"follow","max-snippet":"max-snippet:-1","max-image-preview":"max-image-preview:large","max-video-preview":"max-video-preview:-1"},"canonical":"https:\/\/prim.io\/ro\/specificatii-functionale\/vanzari\/","og_locale":"ro_RO","og_type":"article","og_title":"V\u00e2nz\u0103ri - Prim.io","og_description":"Managementul v\u00e2nz\u0103rilor V\u00e2nz\u0103rile sunt f\u0103r\u0103 \u00eendoial\u0103 cel mai important lucru pentru existen\u021ba unei companii. F\u0103r\u0103 v\u00e2nz\u0103ri care s\u0103 alimenteze afacerea, orice altceva \u00ee\u0219i pierde rostul. De aceea, am acordat o aten\u021bie deosebit\u0103 pentru a v\u0103 oferi toate instrumentele posibile de a v\u0103 gestiona eficient v\u00e2nz\u0103rile, inclusiv toate automatiz\u0103rile posibile - acest lucru urm\u00e2nd s\u0103 se [&hellip;]","og_url":"https:\/\/prim.io\/ro\/specificatii-functionale\/vanzari\/","og_site_name":"PRIM.IO","article_publisher":"https:\/\/www.facebook.com\/primioerp","article_modified_time":"2024-01-15T15:49:49+00:00","og_image":[{"url":"https:\/\/prim.io\/content\/uploads\/2019\/10\/erp_salesray_finances_exchange_rates-300x186.png","type":"","width":"","height":""}],"twitter_card":"summary_large_image","twitter_misc":{"Timp estimat pentru citire":"4 minute"},"schema":{"@context":"https:\/\/schema.org","@graph":[{"@type":"WebPage","@id":"https:\/\/prim.io\/ro\/specificatii-functionale\/vanzari\/","url":"https:\/\/prim.io\/ro\/specificatii-functionale\/vanzari\/","name":"V\u00e2nz\u0103ri - Prim.io","isPartOf":{"@id":"https:\/\/prim.io\/en\/#website"},"datePublished":"2021-09-10T06:43:43+00:00","dateModified":"2024-01-15T15:49:49+00:00","breadcrumb":{"@id":"https:\/\/prim.io\/ro\/specificatii-functionale\/vanzari\/#breadcrumb"},"inLanguage":"ro-RO","potentialAction":[{"@type":"ReadAction","target":["https:\/\/prim.io\/ro\/specificatii-functionale\/vanzari\/"]}]},{"@type":"BreadcrumbList","@id":"https:\/\/prim.io\/ro\/specificatii-functionale\/vanzari\/#breadcrumb","itemListElement":[{"@type":"ListItem","position":1,"name":"PRIM.IO","item":"https:\/\/prim.io\/ro\/"},{"@type":"ListItem","position":2,"name":"Specifica\u021bii func\u021bionale","item":"https:\/\/prim.io\/ro\/specificatii-functionale\/"},{"@type":"ListItem","position":3,"name":"V\u00e2nz\u0103ri"}]},{"@type":"WebSite","@id":"https:\/\/prim.io\/en\/#website","url":"https:\/\/prim.io\/en\/","name":"PRIM.IO","description":"Cloud based ERP, CRM, Sales, Finances and more","publisher":{"@id":"https:\/\/prim.io\/en\/#organization"},"alternateName":"PRIM","potentialAction":[{"@type":"SearchAction","target":{"@type":"EntryPoint","urlTemplate":"https:\/\/prim.io\/en\/?s={search_term_string}"},"query-input":{"@type":"PropertyValueSpecification","valueRequired":true,"valueName":"search_term_string"}}],"inLanguage":"ro-RO"},{"@type":"Organization","@id":"https:\/\/prim.io\/en\/#organization","name":"PRIM.IO","alternateName":"PRIM","url":"https:\/\/prim.io\/en\/","logo":{"@type":"ImageObject","inLanguage":"ro-RO","@id":"https:\/\/prim.io\/en\/#\/schema\/logo\/image\/","url":"https:\/\/prim.io\/content\/uploads\/2024\/01\/prim_logo_big_icon_transp_256.png","contentUrl":"https:\/\/prim.io\/content\/uploads\/2024\/01\/prim_logo_big_icon_transp_256.png","width":256,"height":256,"caption":"PRIM.IO"},"image":{"@id":"https:\/\/prim.io\/en\/#\/schema\/logo\/image\/"},"sameAs":["https:\/\/www.facebook.com\/primioerp","https:\/\/www.linkedin.com\/showcase\/primioerp"]}]}},"_links":{"self":[{"href":"https:\/\/prim.io\/ro\/wp-json\/wp\/v2\/pages\/2780"}],"collection":[{"href":"https:\/\/prim.io\/ro\/wp-json\/wp\/v2\/pages"}],"about":[{"href":"https:\/\/prim.io\/ro\/wp-json\/wp\/v2\/types\/page"}],"author":[{"embeddable":true,"href":"https:\/\/prim.io\/ro\/wp-json\/wp\/v2\/users\/3"}],"replies":[{"embeddable":true,"href":"https:\/\/prim.io\/ro\/wp-json\/wp\/v2\/comments?post=2780"}],"version-history":[{"count":16,"href":"https:\/\/prim.io\/ro\/wp-json\/wp\/v2\/pages\/2780\/revisions"}],"predecessor-version":[{"id":6571,"href":"https:\/\/prim.io\/ro\/wp-json\/wp\/v2\/pages\/2780\/revisions\/6571"}],"up":[{"embeddable":true,"href":"https:\/\/prim.io\/ro\/wp-json\/wp\/v2\/pages\/1192"}],"wp:attachment":[{"href":"https:\/\/prim.io\/ro\/wp-json\/wp\/v2\/media?parent=2780"}],"curies":[{"name":"wp","href":"https:\/\/api.w.org\/{rel}","templated":true}]}}