{"id":2591,"date":"2018-01-18T13:28:41","date_gmt":"2018-01-18T13:28:41","guid":{"rendered":"https:\/\/prim.io\/demo-2\/"},"modified":"2025-06-17T14:06:10","modified_gmt":"2025-06-17T11:06:10","slug":"demo","status":"publish","type":"page","link":"https:\/\/prim.io\/ro\/demo\/","title":{"rendered":"Versiunea demo"},"content":{"rendered":"<script src=\"https:\/\/www.google.com\/recaptcha\/api.js?render=6LdsV10aAAAAAKuYDjXDpVK6FttQUhjGqpgorWR8\"><\/script>\r\n<section id=\"demoform\" class=\"fullheight dim demoform\">\r\n\t<div class=\"overlay\">\r\n\t\t<style>\r\n\t\t\tbody.demo > header { display: none; }\r\n\t\t\tbody.demo > footer { display: none; }\r\n\t\t\tinput:invalid { color: red; }\r\n\t\t<\/style>\r\n\t<\/div>\r\n\t<flex class=\"content padded\">\r\n\t\t<a class=\"logo prim.io white\"><\/a>\r\n\t\t<div class=\"spot-content\">\r\n\t\t\t<header class=\"txt_center\">\r\n\t\t\t\t<h1>Demo Prim.io<\/h1>\r\n\t\t\t<\/header>\r\n            <span>Numele domeniului Prim.io * (scris f\u0103r\u0103 spa\u021bii sau caractere speciale)<\/span>\r\n\t\t\t<div class=\"domain\">\r\n\t\t\t\t<div class=\"show-mob\"><\/div>\r\n\t\t\t\t<flex>\r\n\t\t\t\t\t<input type=\"text\" placeholder=\"numele companiei aici\" id=\"domain_name\" pattern=\"[a-z,A-Z,0-9,-]{3,40}\" autofocus>\r\n\t\t\t\t\t<div class=\"input\">.demo.prim.io<\/div>\r\n\t\t\t\t<\/flex>\r\n\t\t\t<\/div>\r\n\t\t\t<form name=\"request_form\">\r\n\t\t\t\t<input type=\"hidden\" id=\"origin\" name=\"origin\" value=\"ro\">\r\n\t\t\t\t<input type=\"hidden\" id=\"domain_type\" name=\"domain_type\" value=\"demo\">\r\n\t\t\t\t<input type=\"hidden\" name=\"g-recaptcha-response\" id=\"g-recaptcha-response\">\r\n\t\t\t\t<input type=\"hidden\" name=\"action\" value=\"validate_captcha\">\r\n\t\t\t\t<div id=\"error_message_100\" class=\"error_message icon-attention\">\r\n \t\t\t\t\tNume de cont nevalid - \u00eencerca\u021bi f\u0103r\u0103 caractere speciale sau spa\u021bii.\r\n\t\t\t\t<\/div>\r\n\t\t\t\t<div id=\"error_message_101\" class=\"error_message icon-attention\">\r\n \t\t\t\t\tNu a fost introdus niciun nume de cont.\r\n\t\t\t\t<\/div>\r\n\t\t\t\t<div id=\"error_message_102\" class=\"error_message icon-attention\">\r\n \t\t\t\t\tNumele de cont exist\u0103 deja.\r\n\t\t\t\t<\/div>\r\n\t\t\t\t<div id=\"error_message_103\" class=\"error_message icon-attention\">\r\n \t\t\t\t\tNu exist\u0103 conturi disponibile \u00een acest moment. V\u0103 rug\u0103m s\u0103 \u00eencerca\u021bi mai t\u00e2rziu sau s\u0103 ne contacta\u021bi.\r\n\t\t\t\t<\/div>\r\n\t\t\t\t<div id=\"error_message_104\" class=\"error_message icon-attention\">\r\n \t\t\t\t\tNume de cont nevalid - \u00eencerca\u021bi f\u0103r\u0103 spa\u021bii.\r\n\t\t\t\t<\/div>\r\n\t\t\t\t<div id=\"error_message_105\" class=\"error_message icon-attention\">\r\n \t\t\t\t\tV\u0103 rug\u0103m s\u0103 introduce\u021bi o adres\u0103 de mail valid\u0103 pentru a v\u0103 trimite informa\u021biile de conectare!\r\n\t\t\t\t<\/div>\r\n\t\t\t\t<div id=\"error_message_106\" class=\"error_message icon-attention\">\r\n \t\t\t\t\tV\u0103 rug\u0103m s\u0103 verifica\u021bi din nou datele introduse.\r\n\t\t\t\t<\/div>\r\n\t\t\t\t<div id=\"error_message_107\" class=\"error_message icon-attention\">\r\n \t\t\t\t\tTrebuie s\u0103 fi\u021bi de acord cu \u201eTermenii de utilizare\u201d!\r\n\t\t\t\t<\/div>\r\n\t\t\t\t<div id=\"error_message_108\" class=\"error_message icon-attention\">\r\n \t\t\t\t\tV\u0103 rug\u0103m, introduce\u021bi num\u0103rul de contact!\r\n\t\t\t\t<\/div>\r\n\t\t\t\t<flex>\r\n\t\t\t\t\t<label>\r\n\t\t\t\t\t\t<span>Nume \u0219i Prenume<\/span>\r\n\t\t\t\t\t\t<input type=\"text\" placeholder=\"\" id=\"domain_user\">\r\n\t\t\t\t\t<\/label>\r\n\t\t\t\t\t<label>\r\n\t\t\t\t\t\t<span>E-mail *<\/span>\r\n\t\t\t\t\t\t<input type=\"email\" placeholder=\"\" class=\"required\" id=\"domain_email\" pattern=\"[a-z,A-Z,0-9,@,-,_,.,-]{3,40}\">\r\n\t\t\t\t\t<\/label>\r\n\t\t\t\t\t<label>\r\n\t\t\t\t\t\t<span>Telefon *<\/span>\r\n\t\t\t\t\t\t<input type=\"text\" placeholder=\"\" id=\"domain_phone\">\r\n\t\t\t\t\t<\/label>\r\n\t\t\t\t<\/flex>\r\n\t\t\t\t<p class=\"note\">Nu este necesar\u0103 nicio metod\u0103 de plat\u0103. Numele contului trebuie s\u0103 aib\u0103 cel pu\u021bin trei caractere \u0219i s\u0103 con\u021bin\u0103 doar litere latine \u0219i cifre (f\u0103r\u0103 caractere speciale sau spa\u021bii). Link-ul sistemului gratuit, numele de utilizator \u0219i parola vor fi trimise la adresa de e-mail furnizat\u0103. <br>&nbsp;<\/p>\r\n\t\t\t\t<flex class=\"terms_agreement\">\r\n\t\t\t\t\t<div class=\"hide-mob\">&nbsp;<\/div>\r\n\t\t\t\t\t<label class=\"fA\" onclick=\"getCaptcha()\">\r\n\t\t\t\t\t\t<input type=\"checkbox\" id=\"domain_terms\">\r\n\t\t\t\t\t\t<span>Am citit \u0219i accept <\/span>\r\n\t\t\t\t\t<\/label>\r\n\t\t\t\t\t<label class=\"fA\">\r\n\t\t\t\t\t\t<a href=\"..\/termsofuse\/\" target=\"_blank\" rel=\"noopener noreferrer\">Termenii de utilizare<\/a>\r\n\t\t\t\t\t<\/label>\r\n\t\t\t\t\t<label class=\"fA\">\r\n\t\t\t\t\t\t&nbsp; | &nbsp;\r\n\t\t\t\t\t\t<a href=\"..\/privacypolicy\/\" target=\"_blank\" rel=\"noopener noreferrer\">Politica de confiden\u021bialitate<\/a>\r\n\t\t\t\t\t<\/label>\r\n\t\t\t\t\t<div class=\"hide-mob\">&nbsp;<\/div>\r\n\t\t\t\t<\/flex>\r\n\t\t\t\t<div class=\"txt_center\">\r\n\t\t\t\t\t<button class=\"mid green\" id=\"submit_form\" onclick=\"createDomain(document.getElementById('domain_name').value, document.getElementById('domain_name').value, 'demo'); return false;\">\r\n\t\t\t\t\t\t<span class=\"busy icon-spinner .animate-spin\"><\/span>\r\n \t\t\t\t\t\t\u00ceNCEARC\u0102 ACUM!\r\n\t\t\t\t\t<\/button>\r\n\t\t\t\t\t<div id=\"error_message\" class=\"error_message\">\r\n\t\t\t\t\t\tExist\u0103 erori \u00een formular!\r\n\t\t\t\t\t<\/div>\r\n\t\t\t\t<\/div>\r\n\t\t\t<\/form>\r\n\t\t<\/div>\r\n\t<\/flex>\r\n<\/section>\r\n\r\n<section id=\"\" class=\"grey padded\">\r\n\t<div class=\"overlay\"><\/div>\r\n\t<div class=\"content\">\r\n\t\t<header class=\"txt_center\">\r\n\t\t\t<h2>\u00centreb\u0103ri frecvente<\/h2>\r\n\t\t<\/header>\r\n\r\n\t\t<div class=\"grid\">\r\n<div>\r\n<h3 class=\"icon-help-circled\">Care este diferen\u021ba dintre versiunea demo \u0219i versiunea trial gratuit?<\/h3>\r\nAm creat versiunea demo \u00een ideea de a v\u0103 ilustra cum ar ar\u0103ta un sistem complet \u0219i real. Astfel este mult mai u\u0219or s\u0103 \u00een\u021belege\u021bi toate func\u021bile software-ului \u0219i s\u0103 vede\u021bi cum ar ar\u0103ta opera\u021biunile dumneavoastr\u0103. Pe de alt\u0103 parte, versiunea de trial gratuit nu con\u021bine informa\u021bii \u00een baza de date, astfel \u00eenc\u00e2t s\u0103 pute\u021bi \u00eencepe s\u0103 lucra\u021bi imediat iar dac\u0103 v\u0103 place serviciul, s\u0103 \u00eel utiliza\u021bi \u00een continuare dup\u0103 perioada de trial.\r\n<\/div>\r\n<div>\r\n<h3 class=\"icon-help-circled\">C\u00e2t timp va fi activ sistemul demo?<\/h3>\r\nSistemul demo este creat doar pentru dumneavoastr\u0103 \u0219i va fi activ timp de 30 de zile. Dup\u0103 aceast\u0103 perioad\u0103, va fi \u0219ters \u00eempreun\u0103 cu toate informa\u021biile din el.\r\n<\/div>\r\n<div>\r\n<h3 class=\"icon-help-circled\">Nu \u00een\u021beleg cum s\u0103 lucrez cu sistemul. Cine m\u0103 poate ajuta?<\/h3>\r\nDac\u0103 nu \u0219titi cum s\u0103 lucra\u021bi cu software-ul, ne pute\u021bi contacta pentru o demonstra\u021bie. De asemenea, pute\u021bi urm\u0103ri canalul nostru de Youtube unde explic\u0103m diferite func\u021bionalit\u0103\u021bi ale software-ului.\r\n<\/div>\r\n\t\t<\/div>\r\n\t<\/div>\r\n<\/section>","protected":false},"excerpt":{"rendered":"<p>Demo Prim.io Numele domeniului Prim.io * (scris f\u0103r\u0103 spa\u021bii sau caractere speciale) .demo.prim.io Nume de cont nevalid &#8211; \u00eencerca\u021bi f\u0103r\u0103 caractere speciale sau spa\u021bii. Nu a fost introdus niciun nume de cont. Numele de cont exist\u0103 deja. Nu exist\u0103 conturi disponibile \u00een acest moment. V\u0103 rug\u0103m s\u0103 \u00eencerca\u021bi mai t\u00e2rziu sau s\u0103 ne contacta\u021bi. Nume [&hellip;]<\/p>\n","protected":false},"author":2,"featured_media":0,"parent":0,"menu_order":4,"comment_status":"closed","ping_status":"closed","template":"","meta":{"footnotes":""},"yoast_head":"<!-- This site is optimized with the Yoast SEO plugin v24.5 - https:\/\/yoast.com\/wordpress\/plugins\/seo\/ -->\n<title>Versiunea demo - Prim.io<\/title>\n<meta name=\"robots\" content=\"index, follow, max-snippet:-1, max-image-preview:large, max-video-preview:-1\" \/>\n<link rel=\"canonical\" href=\"https:\/\/prim.io\/ro\/demo\/\" \/>\n<meta property=\"og:locale\" content=\"ro_RO\" \/>\n<meta property=\"og:type\" content=\"article\" \/>\n<meta property=\"og:title\" content=\"Versiunea demo - Prim.io\" \/>\n<meta property=\"og:description\" content=\"Demo Prim.io Numele domeniului Prim.io * (scris f\u0103r\u0103 spa\u021bii sau caractere speciale) .demo.prim.io Nume de cont nevalid - \u00eencerca\u021bi f\u0103r\u0103 caractere speciale sau spa\u021bii. Nu a fost introdus niciun nume de cont. Numele de cont exist\u0103 deja. Nu exist\u0103 conturi disponibile \u00een acest moment. V\u0103 rug\u0103m s\u0103 \u00eencerca\u021bi mai t\u00e2rziu sau s\u0103 ne contacta\u021bi. Nume [&hellip;]\" \/>\n<meta property=\"og:url\" content=\"https:\/\/prim.io\/ro\/demo\/\" \/>\n<meta property=\"og:site_name\" content=\"PRIM.IO\" \/>\n<meta property=\"article:publisher\" content=\"https:\/\/www.facebook.com\/primioerp\" \/>\n<meta property=\"article:modified_time\" content=\"2025-06-17T11:06:10+00:00\" \/>\n<meta property=\"og:image\" content=\"https:\/\/prim.io\/content\/uploads\/2023\/08\/salesray_working.jpg\" \/>\n\t<meta property=\"og:image:width\" content=\"2500\" \/>\n\t<meta property=\"og:image:height\" content=\"893\" \/>\n\t<meta property=\"og:image:type\" content=\"image\/jpeg\" \/>\n<meta name=\"twitter:card\" content=\"summary_large_image\" \/>\n<meta name=\"twitter:label1\" content=\"Timp estimat pentru citire\" \/>\n\t<meta name=\"twitter:data1\" content=\"2 minute\" \/>\n<script type=\"application\/ld+json\" class=\"yoast-schema-graph\">{\"@context\":\"https:\/\/schema.org\",\"@graph\":[{\"@type\":\"WebPage\",\"@id\":\"https:\/\/prim.io\/ro\/demo\/\",\"url\":\"https:\/\/prim.io\/ro\/demo\/\",\"name\":\"Versiunea demo - Prim.io\",\"isPartOf\":{\"@id\":\"https:\/\/prim.io\/en\/#website\"},\"datePublished\":\"2018-01-18T13:28:41+00:00\",\"dateModified\":\"2025-06-17T11:06:10+00:00\",\"breadcrumb\":{\"@id\":\"https:\/\/prim.io\/ro\/demo\/#breadcrumb\"},\"inLanguage\":\"ro-RO\",\"potentialAction\":[{\"@type\":\"ReadAction\",\"target\":[\"https:\/\/prim.io\/ro\/demo\/\"]}]},{\"@type\":\"BreadcrumbList\",\"@id\":\"https:\/\/prim.io\/ro\/demo\/#breadcrumb\",\"itemListElement\":[{\"@type\":\"ListItem\",\"position\":1,\"name\":\"PRIM.IO\",\"item\":\"https:\/\/prim.io\/ro\/\"},{\"@type\":\"ListItem\",\"position\":2,\"name\":\"Versiunea demo\"}]},{\"@type\":\"WebSite\",\"@id\":\"https:\/\/prim.io\/en\/#website\",\"url\":\"https:\/\/prim.io\/en\/\",\"name\":\"PRIM.IO\",\"description\":\"Cloud based ERP, CRM, Sales, Finances and more\",\"publisher\":{\"@id\":\"https:\/\/prim.io\/en\/#organization\"},\"alternateName\":\"PRIM\",\"potentialAction\":[{\"@type\":\"SearchAction\",\"target\":{\"@type\":\"EntryPoint\",\"urlTemplate\":\"https:\/\/prim.io\/en\/?s={search_term_string}\"},\"query-input\":{\"@type\":\"PropertyValueSpecification\",\"valueRequired\":true,\"valueName\":\"search_term_string\"}}],\"inLanguage\":\"ro-RO\"},{\"@type\":\"Organization\",\"@id\":\"https:\/\/prim.io\/en\/#organization\",\"name\":\"PRIM.IO\",\"alternateName\":\"PRIM\",\"url\":\"https:\/\/prim.io\/en\/\",\"logo\":{\"@type\":\"ImageObject\",\"inLanguage\":\"ro-RO\",\"@id\":\"https:\/\/prim.io\/en\/#\/schema\/logo\/image\/\",\"url\":\"https:\/\/prim.io\/content\/uploads\/2024\/01\/prim_logo_big_icon_transp_256.png\",\"contentUrl\":\"https:\/\/prim.io\/content\/uploads\/2024\/01\/prim_logo_big_icon_transp_256.png\",\"width\":256,\"height\":256,\"caption\":\"PRIM.IO\"},\"image\":{\"@id\":\"https:\/\/prim.io\/en\/#\/schema\/logo\/image\/\"},\"sameAs\":[\"https:\/\/www.facebook.com\/primioerp\",\"https:\/\/www.linkedin.com\/showcase\/primioerp\"]}]}<\/script>\n<!-- \/ Yoast SEO plugin. -->","yoast_head_json":{"title":"Versiunea demo - Prim.io","robots":{"index":"index","follow":"follow","max-snippet":"max-snippet:-1","max-image-preview":"max-image-preview:large","max-video-preview":"max-video-preview:-1"},"canonical":"https:\/\/prim.io\/ro\/demo\/","og_locale":"ro_RO","og_type":"article","og_title":"Versiunea demo - Prim.io","og_description":"Demo Prim.io Numele domeniului Prim.io * (scris f\u0103r\u0103 spa\u021bii sau caractere speciale) .demo.prim.io Nume de cont nevalid - \u00eencerca\u021bi f\u0103r\u0103 caractere speciale sau spa\u021bii. Nu a fost introdus niciun nume de cont. Numele de cont exist\u0103 deja. Nu exist\u0103 conturi disponibile \u00een acest moment. V\u0103 rug\u0103m s\u0103 \u00eencerca\u021bi mai t\u00e2rziu sau s\u0103 ne contacta\u021bi. Nume [&hellip;]","og_url":"https:\/\/prim.io\/ro\/demo\/","og_site_name":"PRIM.IO","article_publisher":"https:\/\/www.facebook.com\/primioerp","article_modified_time":"2025-06-17T11:06:10+00:00","og_image":[{"width":2500,"height":893,"url":"https:\/\/prim.io\/content\/uploads\/2023\/08\/salesray_working.jpg","type":"image\/jpeg"}],"twitter_card":"summary_large_image","twitter_misc":{"Timp estimat pentru citire":"2 minute"},"schema":{"@context":"https:\/\/schema.org","@graph":[{"@type":"WebPage","@id":"https:\/\/prim.io\/ro\/demo\/","url":"https:\/\/prim.io\/ro\/demo\/","name":"Versiunea demo - Prim.io","isPartOf":{"@id":"https:\/\/prim.io\/en\/#website"},"datePublished":"2018-01-18T13:28:41+00:00","dateModified":"2025-06-17T11:06:10+00:00","breadcrumb":{"@id":"https:\/\/prim.io\/ro\/demo\/#breadcrumb"},"inLanguage":"ro-RO","potentialAction":[{"@type":"ReadAction","target":["https:\/\/prim.io\/ro\/demo\/"]}]},{"@type":"BreadcrumbList","@id":"https:\/\/prim.io\/ro\/demo\/#breadcrumb","itemListElement":[{"@type":"ListItem","position":1,"name":"PRIM.IO","item":"https:\/\/prim.io\/ro\/"},{"@type":"ListItem","position":2,"name":"Versiunea demo"}]},{"@type":"WebSite","@id":"https:\/\/prim.io\/en\/#website","url":"https:\/\/prim.io\/en\/","name":"PRIM.IO","description":"Cloud based ERP, CRM, Sales, Finances and more","publisher":{"@id":"https:\/\/prim.io\/en\/#organization"},"alternateName":"PRIM","potentialAction":[{"@type":"SearchAction","target":{"@type":"EntryPoint","urlTemplate":"https:\/\/prim.io\/en\/?s={search_term_string}"},"query-input":{"@type":"PropertyValueSpecification","valueRequired":true,"valueName":"search_term_string"}}],"inLanguage":"ro-RO"},{"@type":"Organization","@id":"https:\/\/prim.io\/en\/#organization","name":"PRIM.IO","alternateName":"PRIM","url":"https:\/\/prim.io\/en\/","logo":{"@type":"ImageObject","inLanguage":"ro-RO","@id":"https:\/\/prim.io\/en\/#\/schema\/logo\/image\/","url":"https:\/\/prim.io\/content\/uploads\/2024\/01\/prim_logo_big_icon_transp_256.png","contentUrl":"https:\/\/prim.io\/content\/uploads\/2024\/01\/prim_logo_big_icon_transp_256.png","width":256,"height":256,"caption":"PRIM.IO"},"image":{"@id":"https:\/\/prim.io\/en\/#\/schema\/logo\/image\/"},"sameAs":["https:\/\/www.facebook.com\/primioerp","https:\/\/www.linkedin.com\/showcase\/primioerp"]}]}},"_links":{"self":[{"href":"https:\/\/prim.io\/ro\/wp-json\/wp\/v2\/pages\/2591"}],"collection":[{"href":"https:\/\/prim.io\/ro\/wp-json\/wp\/v2\/pages"}],"about":[{"href":"https:\/\/prim.io\/ro\/wp-json\/wp\/v2\/types\/page"}],"author":[{"embeddable":true,"href":"https:\/\/prim.io\/ro\/wp-json\/wp\/v2\/users\/2"}],"replies":[{"embeddable":true,"href":"https:\/\/prim.io\/ro\/wp-json\/wp\/v2\/comments?post=2591"}],"version-history":[{"count":39,"href":"https:\/\/prim.io\/ro\/wp-json\/wp\/v2\/pages\/2591\/revisions"}],"predecessor-version":[{"id":7568,"href":"https:\/\/prim.io\/ro\/wp-json\/wp\/v2\/pages\/2591\/revisions\/7568"}],"wp:attachment":[{"href":"https:\/\/prim.io\/ro\/wp-json\/wp\/v2\/media?parent=2591"}],"curies":[{"name":"wp","href":"https:\/\/api.w.org\/{rel}","templated":true}]}}