{"id":2577,"date":"2021-09-14T10:33:16","date_gmt":"2021-09-14T09:33:16","guid":{"rendered":"https:\/\/prim.io\/%d0%b1%d0%bb%d0%be%d0%b3\/"},"modified":"2025-11-21T16:07:21","modified_gmt":"2025-11-21T14:07:21","slug":"blog","status":"publish","type":"page","link":"https:\/\/prim.io\/ro\/blog\/","title":{"rendered":"Pagin\u0103 Blog"},"content":{"rendered":"<section id=\"blog_main\" class=\"dim lazyload\" style=\"background-image:inherit; background-size: cover; margin-bottom: 2rem; \" data-bg-image=\"url(https:\/\/prim.io\/content\/uploads\/2025\/11\/drr-1.png)\">\r\n\t<div class=\"overlay\"><\/div>\r\n\t<div class=\"content\" style=\"padding-top: 5rem; padding-bottom: 5rem;\">\r\n\t\t<div class=\"grid gx2\">\r\n\t\t\t<div>\r\n\t\t\t\t<h1>Oportunitatea de cre\u0219tere a afacerii dvs: Ob\u021bine\u021bi Prim.io cu finan\u021bare UE<\/h1>\r\n\t\t\t\t<h3>Statisticile sunt gr\u0103itoare: doar 17% dintre IMM-urile din Rom\u00e2nia sunt digitalizate. Acest lucru creeaz\u0103 o oportunitate uria\u0219\u0103 pentru proprietarii de afaceri cu viziune de viitor care ac\u021bioneaz\u0103 acum. \u00centrebarea nu este dac\u0103 v\u0103 pute\u021bi permite s\u0103 digitaliza\u021bi, ci dac\u0103 v\u0103 pute\u021bi permite s\u0103 nu o face\u021bi.<\/h3>\r\n\t\t\t\t<p>&nbsp;<\/p>\r\n\t\t\t\t<p>\r\n\t\t\t\t\t<a class=\"btn white icon-right-open-big\" href=\"https:\/\/prim.io\/ro\/noutati\/oportunitatea-de-crestere-a-afacerii-dvs-obtineti-prim-io-cu-finantare-ue\/\" title=\"Oportunitatea de cre\u0219tere a afacerii dvs: Ob\u021bine\u021bi Prim.io cu finan\u021bare UE\">Mai multe informa\u021bii<\/a>\r\n\t\t\t\t\t<a href=\"..\/category\/noutati\/\" class=\"btn transp icon-right-open-big\" title=\"Nout\u0103\u021bi\">Nout\u0103\u021bi<\/a>\r\n\t\t\t\t\t<a href=\"..\/category\/publicatii\/\" class=\"btn transp icon-right-open-big\" title=\"Publica\u021bii\">Publica\u021bii<\/a>\r\n\t\t\t\t<\/p>\r\n\t\t\t<\/div>\r\n\t\t\t<div>&nbsp;<\/div>\r\n\t\t<\/div>\r\n\t<\/div>\r\n<\/section>\r\n<section class=\"fullwidth blog\">\r\n\t<div class=\"overlay\"><\/div>\r\n\t<div class=\"content\">\r\n\t\t<div class=\"grid gx2\">\r\n\t\t\t<a class=\"box\" href=\"integrare-software-saga-erp-prim-io-transformarea-operatiunilor-mentinerea-excelentei-contabile\" title=\"Integrare software SAGA + ERP Prim.io: Transformarea opera\u021biunilor, men\u021binerea excelen\u021bei contabile\">\r\n\t\t\t\t<h2>Integrare software SAGA + ERP Prim.io: Transformarea opera\u021biunilor, men\u021binerea excelen\u021bei contabile<\/h2>\r\n\t\t\t\t<p>Utiliza\u021bi software-ul SAGA pentru contabilitate, dar v\u0103 lupta\u021bi s\u0103 v\u0103 gestiona\u021bi opera\u021biunile de comer\u021b electronic \u00een cre\u0219tere, v\u00e2nz\u0103rile de pe pia\u021b\u0103 \u0219i inventarul pe mai multe canale? Cum ar fi dac\u0103 a\u021bi putea p\u0103stra sistemul dvs. de contabilitate SAGA de \u00eencredere, ad\u0103ug\u00e2nd \u00een acela\u0219i timp un strat ERP puternic care gestioneaz\u0103 toate celelalte procese - de la v\u00e2nz\u0103rile Amazon \u0219i eMag la inventar \u0219i logistic\u0103 \u00een timp real?<\/p>\r\n\t\t\t\t<span class=\"more icon-right-open-big\">Mai multe informa\u021bii<\/span>\r\n\t\t\t<\/a>\r\n\t\t\t<a class=\"box\" href=\"https:\/\/prim.io\/ro\/noutati\/prim-io-si-eushipments-com-sporesc-eficienta-magazinului-dvs-online\/?preview_id=7746&preview_nonce=01fc255624&_thumbnail_id=-1&preview=true\" title=\"Prim.io \u0219i euShipments.com\">\r\n\t\t\t\t<h2>Prim.io \u0219i euShipments.com se asociaz\u0103 pentru a cre\u0219te competitivitatea comercian\u021bilor cu am\u0103nuntul online<\/h2>\r\n\t\t\t\t<p>CGestiona\u021bi-v\u0103 v\u00e2nz\u0103rile online cu Prim.bg, \u00een timp ce euShipments se ocup\u0103 de livr\u0103rile dumneavoastr\u0103 interna\u021bionale <\/p>\r\n\t\t\t\t<span class=\"more icon-right-open-big\">Mai multe informa\u021bii<\/span>\r\n\t\t\t<\/a>\r\n\t\t<\/div>\r\n\t\t<div class=\"grid gx4\">\r\n\t\t    <a class=\"box\" href=\"https:\/\/prim.io\/ro\/publicatii\/sisteme-erp-aplicatie\/\" title=\"Sistem ERP \u2013 esen\u021b\u0103 \u0219i aplica\u021bie\">\r\n\t\t\t\t<h3>Sistemul ERP \u2013 utilitate \u0219i func\u021bionalitate<\/h3>\r\n\t\t\t\t<p>Sistemul ERP Prim.io este din ce \u00een ce mai utilizat \u0219i func\u021bioneaz\u0103 cu succes \u00een companii din ce \u00een ce mai diverse. \u00cen ciuda acestor diferen\u021be, am identificat o asem\u0103nare major\u0103 - \u00een spatele oric\u0103rei organiza\u021bii de succes, exist\u0103 o bun\u0103 con\u0219tientizare. Vom r\u0103spunde la unele dintre cele mai frecvente \u00eentreb\u0103ri despre natura muncii noastre \u2013 \u0219i anume crearea, implementarea \u0219i \u00eentre\u021binerea sistemului ERP.<\/p>\r\n\t\t\t\t<span class=\"more icon-right-open-big\">Mai multe informa\u021bii<\/span>\r\n\t\t\t<\/a>\r\n\t\t\t<a class=\"box\" href=\"https:\/\/prim.io\/ro\/altele\/crm\/\" title=\"Avantajele cheie ale sistemului ERP pentru afacerea dvs.\">\r\n\t\t\t\t<h3>CRM \u2013 ce este \u0219i cum v\u0103 poate ajuta afacerea ast\u0103zi<\/h3>\r\n\t\t\t\t<p>Chiar dac\u0103 ave\u021bi o baz\u0103 uria\u0219\u0103 de date cu clien\u021bi, mii de contacte, v\u00e2nz\u0103tori buni \u0219i un produs perfect, niciunul dintre acestea nu v\u0103 va garanta un succes constant \u0219i de calitate. Software-ul CRM este instrumentul care le face s\u0103 func\u021bioneze \u00eempreun\u0103.<\/p>\r\n\t\t\t\t<span class=\"more icon-right-open-big\">Mai multe informa\u021bii<\/span>\r\n\t\t\t<\/a>\r\n\t\t\t<a class=\"box\" href=\"https:\/\/prim.io\/ro\/noutati\/bi-analize-cu-salesray\/\" title=\"BI Business Inteligence \u00een Prim.io\">\r\n\t\t\t\t<h3>BI Business Inteligence - Analize \u00een Prim.io<\/h3>\r\n\t\t\t\t<p>Odat\u0103 cu dezvoltarea sistemului ERP Prim.io am realizat numeroase rapoarte opera\u021bionale \u0219i analitice de calitate. La un moment dat, \u00eens\u0103, a trebuit s\u0103 recunoa\u0219tem c\u0103 regulile standard pentru efectuarea anchetelor \u00ee\u0219i au limitele. Pentru a oferi clien\u021bilor no\u0219tri un set complet de instrumente, am decis c\u0103 ar fi bine s\u0103 ne integr\u0103m \u0219i cu un instrument BI.<\/p>\r\n\t\t\t\t<span class=\"more icon-right-open-big\">Mai multe informa\u021bii<\/span>\r\n\t\t\t<\/a>\r\n\t\t\t\r\n\t\t\t<a class=\"box\" href=\"https:\/\/prim.io\/ro\/noutati\/vanzari-multi-canal\" title=\"V\u00e2nz\u0103ri multi-canal prin raza de ac\u021biune Prim.io\">\r\n\t\t\t\t<h3>V\u00e2nz\u0103ri multi-canal prin raza de ac\u021biune Prim.io<\/h3>\r\n\t\t\t\t<p>Pentru mul\u021bi oameni, ultima perioad\u0103 a fost o lec\u021bie. Pentru oamenii de afaceri, aceast\u0103 lec\u021bie s-a dovedit foarte dificil\u0103 iar unii \u0219i-au \u00eenchis complet activitatea. Al\u021bii s-au panicat \u0219i au \u00eenceput s\u0103 caute noi modalit\u0103\u021bi de supravie\u021buire pentru afacerile lor, a\u0219adar au \u00eenceput s\u0103 v\u00e2nd\u0103 de la distan\u021b\u0103. A devenit mai mult dec\u00e2t evident pentru toat\u0103 lumea c\u0103 v\u00e2nz\u0103rile nu sunt doar din spatele tejghelei - mai ales \u00een momente ca acestea - \u0219i c\u0103 vor fi necesare mai multe platforme pentru a avea mai multe v\u00e2nz\u0103ri. <\/p>\r\n\t\t\t\t<span class=\"more icon-right-open-big\">Mai multe informa\u021bii<\/span>\r\n\t\t\t<\/a>\r\n\t\t<\/div>\r\n\t<\/div>\r\n<\/section>","protected":false},"excerpt":{"rendered":"<p>Oportunitatea de cre\u0219tere a afacerii dvs: Ob\u021bine\u021bi Prim.io cu finan\u021bare UE Statisticile sunt gr\u0103itoare: doar 17% dintre IMM-urile din Rom\u00e2nia sunt digitalizate. Acest lucru creeaz\u0103 o oportunitate uria\u0219\u0103 pentru proprietarii de afaceri cu viziune de viitor care ac\u021bioneaz\u0103 acum. \u00centrebarea nu este dac\u0103 v\u0103 pute\u021bi permite s\u0103 digitaliza\u021bi, ci dac\u0103 v\u0103 pute\u021bi permite s\u0103 nu [&hellip;]<\/p>\n","protected":false},"author":3,"featured_media":0,"parent":0,"menu_order":10,"comment_status":"closed","ping_status":"closed","template":"","meta":{"footnotes":""},"yoast_head":"<!-- This site is optimized with the Yoast SEO plugin v24.5 - https:\/\/yoast.com\/wordpress\/plugins\/seo\/ -->\n<title>Pagin\u0103 Blog - Prim.io<\/title>\n<meta name=\"robots\" content=\"index, follow, max-snippet:-1, max-image-preview:large, max-video-preview:-1\" \/>\n<link rel=\"canonical\" href=\"https:\/\/prim.io\/ro\/blog\/\" \/>\n<meta property=\"og:locale\" content=\"ro_RO\" \/>\n<meta property=\"og:type\" content=\"article\" \/>\n<meta property=\"og:title\" content=\"Pagin\u0103 Blog - Prim.io\" \/>\n<meta property=\"og:description\" content=\"Oportunitatea de cre\u0219tere a afacerii dvs: Ob\u021bine\u021bi Prim.io cu finan\u021bare UE Statisticile sunt gr\u0103itoare: doar 17% dintre IMM-urile din Rom\u00e2nia sunt digitalizate. Acest lucru creeaz\u0103 o oportunitate uria\u0219\u0103 pentru proprietarii de afaceri cu viziune de viitor care ac\u021bioneaz\u0103 acum. \u00centrebarea nu este dac\u0103 v\u0103 pute\u021bi permite s\u0103 digitaliza\u021bi, ci dac\u0103 v\u0103 pute\u021bi permite s\u0103 nu [&hellip;]\" \/>\n<meta property=\"og:url\" content=\"https:\/\/prim.io\/ro\/blog\/\" \/>\n<meta property=\"og:site_name\" content=\"PRIM.IO\" \/>\n<meta property=\"article:publisher\" content=\"https:\/\/www.facebook.com\/primioerp\" \/>\n<meta property=\"article:modified_time\" content=\"2025-11-21T14:07:21+00:00\" \/>\n<meta property=\"og:image\" content=\"https:\/\/prim.io\/content\/uploads\/2023\/08\/salesray_working.jpg\" \/>\n\t<meta property=\"og:image:width\" content=\"2500\" \/>\n\t<meta property=\"og:image:height\" content=\"893\" \/>\n\t<meta property=\"og:image:type\" content=\"image\/jpeg\" \/>\n<meta name=\"twitter:card\" content=\"summary_large_image\" \/>\n<meta name=\"twitter:label1\" content=\"Timp estimat pentru citire\" \/>\n\t<meta name=\"twitter:data1\" content=\"3 minute\" \/>\n<script type=\"application\/ld+json\" class=\"yoast-schema-graph\">{\"@context\":\"https:\/\/schema.org\",\"@graph\":[{\"@type\":\"WebPage\",\"@id\":\"https:\/\/prim.io\/ro\/blog\/\",\"url\":\"https:\/\/prim.io\/ro\/blog\/\",\"name\":\"Pagin\u0103 Blog - Prim.io\",\"isPartOf\":{\"@id\":\"https:\/\/prim.io\/en\/#website\"},\"datePublished\":\"2021-09-14T09:33:16+00:00\",\"dateModified\":\"2025-11-21T14:07:21+00:00\",\"breadcrumb\":{\"@id\":\"https:\/\/prim.io\/ro\/blog\/#breadcrumb\"},\"inLanguage\":\"ro-RO\",\"potentialAction\":[{\"@type\":\"ReadAction\",\"target\":[\"https:\/\/prim.io\/ro\/blog\/\"]}]},{\"@type\":\"BreadcrumbList\",\"@id\":\"https:\/\/prim.io\/ro\/blog\/#breadcrumb\",\"itemListElement\":[{\"@type\":\"ListItem\",\"position\":1,\"name\":\"PRIM.IO\",\"item\":\"https:\/\/prim.io\/ro\/\"},{\"@type\":\"ListItem\",\"position\":2,\"name\":\"Pagin\u0103 Blog\"}]},{\"@type\":\"WebSite\",\"@id\":\"https:\/\/prim.io\/en\/#website\",\"url\":\"https:\/\/prim.io\/en\/\",\"name\":\"PRIM.IO\",\"description\":\"Cloud based ERP, CRM, Sales, Finances and more\",\"publisher\":{\"@id\":\"https:\/\/prim.io\/en\/#organization\"},\"alternateName\":\"PRIM\",\"potentialAction\":[{\"@type\":\"SearchAction\",\"target\":{\"@type\":\"EntryPoint\",\"urlTemplate\":\"https:\/\/prim.io\/en\/?s={search_term_string}\"},\"query-input\":{\"@type\":\"PropertyValueSpecification\",\"valueRequired\":true,\"valueName\":\"search_term_string\"}}],\"inLanguage\":\"ro-RO\"},{\"@type\":\"Organization\",\"@id\":\"https:\/\/prim.io\/en\/#organization\",\"name\":\"PRIM.IO\",\"alternateName\":\"PRIM\",\"url\":\"https:\/\/prim.io\/en\/\",\"logo\":{\"@type\":\"ImageObject\",\"inLanguage\":\"ro-RO\",\"@id\":\"https:\/\/prim.io\/en\/#\/schema\/logo\/image\/\",\"url\":\"https:\/\/prim.io\/content\/uploads\/2024\/01\/prim_logo_big_icon_transp_256.png\",\"contentUrl\":\"https:\/\/prim.io\/content\/uploads\/2024\/01\/prim_logo_big_icon_transp_256.png\",\"width\":256,\"height\":256,\"caption\":\"PRIM.IO\"},\"image\":{\"@id\":\"https:\/\/prim.io\/en\/#\/schema\/logo\/image\/\"},\"sameAs\":[\"https:\/\/www.facebook.com\/primioerp\",\"https:\/\/www.linkedin.com\/showcase\/primioerp\"]}]}<\/script>\n<!-- \/ Yoast SEO plugin. -->","yoast_head_json":{"title":"Pagin\u0103 Blog - Prim.io","robots":{"index":"index","follow":"follow","max-snippet":"max-snippet:-1","max-image-preview":"max-image-preview:large","max-video-preview":"max-video-preview:-1"},"canonical":"https:\/\/prim.io\/ro\/blog\/","og_locale":"ro_RO","og_type":"article","og_title":"Pagin\u0103 Blog - Prim.io","og_description":"Oportunitatea de cre\u0219tere a afacerii dvs: Ob\u021bine\u021bi Prim.io cu finan\u021bare UE Statisticile sunt gr\u0103itoare: doar 17% dintre IMM-urile din Rom\u00e2nia sunt digitalizate. Acest lucru creeaz\u0103 o oportunitate uria\u0219\u0103 pentru proprietarii de afaceri cu viziune de viitor care ac\u021bioneaz\u0103 acum. \u00centrebarea nu este dac\u0103 v\u0103 pute\u021bi permite s\u0103 digitaliza\u021bi, ci dac\u0103 v\u0103 pute\u021bi permite s\u0103 nu [&hellip;]","og_url":"https:\/\/prim.io\/ro\/blog\/","og_site_name":"PRIM.IO","article_publisher":"https:\/\/www.facebook.com\/primioerp","article_modified_time":"2025-11-21T14:07:21+00:00","og_image":[{"width":2500,"height":893,"url":"https:\/\/prim.io\/content\/uploads\/2023\/08\/salesray_working.jpg","type":"image\/jpeg"}],"twitter_card":"summary_large_image","twitter_misc":{"Timp estimat pentru citire":"3 minute"},"schema":{"@context":"https:\/\/schema.org","@graph":[{"@type":"WebPage","@id":"https:\/\/prim.io\/ro\/blog\/","url":"https:\/\/prim.io\/ro\/blog\/","name":"Pagin\u0103 Blog - Prim.io","isPartOf":{"@id":"https:\/\/prim.io\/en\/#website"},"datePublished":"2021-09-14T09:33:16+00:00","dateModified":"2025-11-21T14:07:21+00:00","breadcrumb":{"@id":"https:\/\/prim.io\/ro\/blog\/#breadcrumb"},"inLanguage":"ro-RO","potentialAction":[{"@type":"ReadAction","target":["https:\/\/prim.io\/ro\/blog\/"]}]},{"@type":"BreadcrumbList","@id":"https:\/\/prim.io\/ro\/blog\/#breadcrumb","itemListElement":[{"@type":"ListItem","position":1,"name":"PRIM.IO","item":"https:\/\/prim.io\/ro\/"},{"@type":"ListItem","position":2,"name":"Pagin\u0103 Blog"}]},{"@type":"WebSite","@id":"https:\/\/prim.io\/en\/#website","url":"https:\/\/prim.io\/en\/","name":"PRIM.IO","description":"Cloud based ERP, CRM, Sales, Finances and more","publisher":{"@id":"https:\/\/prim.io\/en\/#organization"},"alternateName":"PRIM","potentialAction":[{"@type":"SearchAction","target":{"@type":"EntryPoint","urlTemplate":"https:\/\/prim.io\/en\/?s={search_term_string}"},"query-input":{"@type":"PropertyValueSpecification","valueRequired":true,"valueName":"search_term_string"}}],"inLanguage":"ro-RO"},{"@type":"Organization","@id":"https:\/\/prim.io\/en\/#organization","name":"PRIM.IO","alternateName":"PRIM","url":"https:\/\/prim.io\/en\/","logo":{"@type":"ImageObject","inLanguage":"ro-RO","@id":"https:\/\/prim.io\/en\/#\/schema\/logo\/image\/","url":"https:\/\/prim.io\/content\/uploads\/2024\/01\/prim_logo_big_icon_transp_256.png","contentUrl":"https:\/\/prim.io\/content\/uploads\/2024\/01\/prim_logo_big_icon_transp_256.png","width":256,"height":256,"caption":"PRIM.IO"},"image":{"@id":"https:\/\/prim.io\/en\/#\/schema\/logo\/image\/"},"sameAs":["https:\/\/www.facebook.com\/primioerp","https:\/\/www.linkedin.com\/showcase\/primioerp"]}]}},"_links":{"self":[{"href":"https:\/\/prim.io\/ro\/wp-json\/wp\/v2\/pages\/2577"}],"collection":[{"href":"https:\/\/prim.io\/ro\/wp-json\/wp\/v2\/pages"}],"about":[{"href":"https:\/\/prim.io\/ro\/wp-json\/wp\/v2\/types\/page"}],"author":[{"embeddable":true,"href":"https:\/\/prim.io\/ro\/wp-json\/wp\/v2\/users\/3"}],"replies":[{"embeddable":true,"href":"https:\/\/prim.io\/ro\/wp-json\/wp\/v2\/comments?post=2577"}],"version-history":[{"count":55,"href":"https:\/\/prim.io\/ro\/wp-json\/wp\/v2\/pages\/2577\/revisions"}],"predecessor-version":[{"id":7960,"href":"https:\/\/prim.io\/ro\/wp-json\/wp\/v2\/pages\/2577\/revisions\/7960"}],"wp:attachment":[{"href":"https:\/\/prim.io\/ro\/wp-json\/wp\/v2\/media?parent=2577"}],"curies":[{"name":"wp","href":"https:\/\/api.w.org\/{rel}","templated":true}]}}