{"id":1221,"date":"2019-09-30T13:24:16","date_gmt":"2017-11-14T13:49:03","guid":{"rendered":"https:\/\/prim.io\/partnership-2\/"},"modified":"2023-09-07T13:11:37","modified_gmt":"2023-09-07T10:11:37","slug":"parteneriat","status":"publish","type":"page","link":"https:\/\/prim.io\/ro\/parteneriat\/","title":{"rendered":"Programul partenerilor"},"content":{"rendered":"<script src=\"https:\/\/www.google.com\/recaptcha\/api.js?render=6LdsV10aAAAAAKuYDjXDpVK6FttQUhjGqpgorWR8\"><\/script>\r\n<section id=\"partnership\" class=\"fullheight primary demoform dim\">\r\n\t<div class=\"overlay\"><\/div>\r\n\t<flex class=\"content padded-top\">\r\n\t\t<div class=\"spot-content\">\r\n\t\t\t<header class=\"txt_center\">\r\n\t\t\t\t<h1>C\u00e2\u0219tig\u0103m \u00eempreun\u0103!<\/h1>\r\n\t\t\t<\/header>\r\n\t\t\t<flex class=\"flex-start\">\r\n\t\t\t\t<div>\r\n\t\t\t\t\t<h2>Beneficia\u021bi de cuno\u0219tin\u021bele \u0219i experien\u021ba noastr\u0103 prin v\u00e2nzarea software-ului nostru clien\u021bilor dumneavoastr\u0103!<\/h2>\r\n\t\t\t\t\t<p>Programul nostru de parteneri v\u0103 permite s\u0103 \u00eencepe\u021bi s\u0103 lucra\u021bi cu noi chiar de ast\u0103zi, f\u0103r\u0103 investi\u021bii serioase!<\/p>\r\n\t\t\t\t\t<p>Ca partener, ve\u021bi lucra cu echipa din spatele unuia dintre cele mai bune sisteme ERP de pe pia\u021ba interna\u021bional\u0103. Suntem aici pentru a v\u0103 ajuta s\u0103 v\u0103 familiariza\u021bi cu toate detaliile sistemului \u0219i pentru a v\u0103 oferi asisten\u021b\u0103 tehnic\u0103 \u0219i de v\u00e2nz\u0103ri!<\/p>\r\n\t\t\t\t<\/div>\r\n\t\t\t\t<div class=\"separator\">\r\n\t\t\t\t\t&nbsp;\r\n\t\t\t\t<\/div>\r\n\t\t\t\t<form>\r\n\t\t\t\t\t<input type=\"hidden\" name=\"g-recaptcha-response\" id=\"g-recaptcha-response\">\r\n\t\t\t\t\t<input type=\"hidden\" name=\"action\" value=\"validate_captcha\">\r\n\t\t\t\t\t<input type=\"hidden\" name=\"is_partnership\" id=\"is_partnership\" value=\"1\">\r\n\t\t\t\t\t<div id=\"error_message_100\" class=\"error_message icon-attention\">\r\n \t\t\t\t\t\tV\u0103 rug\u0103m s\u0103 completa\u021bi toate c\u00e2mpurile * obligatorii!\r\n\t\t\t\t\t<\/div>\r\n\t\t\t\t\t<label>\r\n\t\t\t\t\t\t<span>Nume*<\/span>\r\n\t\t\t\t\t\t<input type=\"text\" id=\"partner_name\">\r\n\t\t\t\t\t<\/label>\r\n\t\t\t\t\t<flex>\r\n\t\t\t\t\t\t<label>\r\n\t\t\t\t\t\t\t<span>Companie<\/span>\r\n\t\t\t\t\t\t\t<input type=\"text\" id=\"partner_company\">\r\n\t\t\t\t\t\t<\/label>\r\n\t\t\t\t\t\t<label>\r\n\t\t\t\t\t\t\t<span>Pozi\u0163ie<\/span>\r\n\t\t\t\t\t\t\t<input type=\"text\" id=\"partner_position\">\r\n\t\t\t\t\t\t<\/label>\r\n\t\t\t\t\t<\/flex>\r\n\t\t\t\t\t<flex>\r\n\t\t\t\t\t\t<label onclick=\"getCaptcha()\">\r\n\t\t\t\t\t\t\t<span>Telefon*<\/span>\r\n\t\t\t\t\t\t\t<input type=\"text\" id=\"partner_phone\">\r\n\t\t\t\t\t\t<\/label>\r\n\t\t\t\t\t\t<label onclick=\"getCaptcha()\">\r\n\t\t\t\t\t\t\t<span>E-mail*<\/span>\r\n\t\t\t\t\t\t\t<input type=\"text\" id=\"partner_email\">\r\n\t\t\t\t\t\t<\/label>\r\n\t\t\t\t\t<\/flex>\r\n\t\t\t\t\t<label>\r\n\t\t\t\t\t\t<span>Comentarii \/ \u00centreb\u0103ri<\/span>\r\n\t\t\t\t\t\t<textarea rows=\"6\" id=\"partner_comments\"><\/textarea>\r\n\t\t\t\t\t<\/label>\r\n\t\t\t\t\t\r\n\t\t\t\t\t<button class=\"mid green\" id=\"submit_form\" onclick=\"requestPartnership(); return false;\">\r\n\t\t\t\t\t\t<span class=\"busy icon-spinner .animate-spin\"><\/span>\r\n \t\t\t\t\t\tDEVENI\u021aI PARTENER\r\n\t\t\t\t\t<\/button>\r\n\t\t\t\t<\/form>\r\n\t\t\t<\/flex>\r\n\t\t<\/div>\r\n\t<\/flex>\r\n<\/section>\r\n\r\n<section id=\"\" class=\" black faq\">\r\n\t<div class=\"overlay\"><\/div>\r\n\t<flex class=\"content\">\r\n\t\t<div>\r\n\t\t\t<header class=\"txt_center\">\r\n\t\t\t\t<h2>\u00centreb\u0103ri frecvente<\/h2>\r\n\t\t\t<\/header>\r\n\t\t\t<flex>\r\n\t\t\t\t<div>\r\n\t\t\t\t\t<h3 class=\"icon-help-circled\">Ce tip de programe partenere oferi\u021bi?<\/h3>\r\n\t\t\t\t\t\r\n\t\t\t\t\t<p>Putem negocia termeni specifici cu fiecare poten\u021bial partener pentru beneficiul ambelor p\u0103r\u021bi.<\/p>\r\n\t\t\t\t\t<p>Oferim urm\u0103toarele tipuri de parteneriate: \r\n\t\t\t\t\t<ul>\r\n\t\t\t\t\t\t<li>Distribuitorii recomand\u0103 produsul nostru noilor clien\u021bi f\u0103r\u0103 nicio responsabilitate pentru integrare sau \u00eentre\u021binere. <\/li>\r\n\t\t\t\t\t\t<li>Integratorii recomand\u0103 produsul nostru noilor clien\u021bi, au expertiza necesar\u0103 pentru a integra solu\u021bia \u0219i ofer\u0103 asisten\u021b\u0103 continu\u0103.<\/li> \r\n\t\t\t\t\t\t<li>Consultan\u021bii individuali pot integra produsul nostru cu clien\u021bii \u0219i pot efectua servicii de consultan\u021b\u0103 \u00een sistem.<\/li>\r\n\t\t\t\t\t<\/ul>\r\n\t\t\t\t<\/div>\r\n\t\t\t\t<div>\r\n\t\t\t\t\t<h3 class=\"icon-help-circled\">La ce remunera\u021bie se pot a\u0219tepta diferitele tipuri de parteneri?<\/h3>\r\n\t\t\t\t\t<p>Distribuitorii \u0219i integratorii primesc un comision \u00een fiecare lun\u0103 \u00een timp ce clien\u021bii lor sunt activi. Integratorii sunt implica\u021bi direct \u00een consultarea \u0219i implementarea ini\u021bial\u0103 cu clien\u021bii lor pentru care negociaz\u0103 direct plata. Consultan\u021bii individuali primesc plata pentru consult\u0103rile \u0219i serviciile de onboarding pe care le efectueaz\u0103.<\/p>\r\n\t\t\t\t<\/div>\r\n\t\t\t\t<div>\r\n\t\t\t\t\t<h3 class=\"icon-help-circled\">Vreau s\u0103 devin partener. Exist\u0103 cerin\u021be preliminare?<\/h3>\r\n\t\t\t\t\t<p>Nu exist\u0103 cerin\u021be preliminare pentru distribuitori. Integratorii \u0219i consultan\u021bii individuali au nevoie de instruire pentru a cunoa\u0219te fiecare detaliu al sistemului.<\/p>\r\n\t\t\t\t<\/div>\r\n\t\t\t<\/flex>\r\n\t\t<\/div>\r\n\t<\/flex>\r\n<\/section>","protected":false},"excerpt":{"rendered":"<p>C\u00e2\u0219tig\u0103m \u00eempreun\u0103! Beneficia\u021bi de cuno\u0219tin\u021bele \u0219i experien\u021ba noastr\u0103 prin v\u00e2nzarea software-ului nostru clien\u021bilor dumneavoastr\u0103! Programul nostru de parteneri v\u0103 permite s\u0103 \u00eencepe\u021bi s\u0103 lucra\u021bi cu noi chiar de ast\u0103zi, f\u0103r\u0103 investi\u021bii serioase! Ca partener, ve\u021bi lucra cu echipa din spatele unuia dintre cele mai bune sisteme ERP de pe pia\u021ba interna\u021bional\u0103. Suntem aici pentru a [&hellip;]<\/p>\n","protected":false},"author":3,"featured_media":0,"parent":0,"menu_order":12,"comment_status":"closed","ping_status":"closed","template":"","meta":{"footnotes":""},"yoast_head":"<!-- This site is optimized with the Yoast SEO plugin v24.5 - https:\/\/yoast.com\/wordpress\/plugins\/seo\/ -->\n<title>Programul partenerilor - Prim.io<\/title>\n<meta name=\"robots\" content=\"index, follow, max-snippet:-1, max-image-preview:large, max-video-preview:-1\" \/>\n<link rel=\"canonical\" href=\"https:\/\/prim.io\/ro\/parteneriat\/\" \/>\n<meta property=\"og:locale\" content=\"ro_RO\" \/>\n<meta property=\"og:type\" content=\"article\" \/>\n<meta property=\"og:title\" content=\"Programul partenerilor - Prim.io\" \/>\n<meta property=\"og:description\" content=\"C\u00e2\u0219tig\u0103m \u00eempreun\u0103! Beneficia\u021bi de cuno\u0219tin\u021bele \u0219i experien\u021ba noastr\u0103 prin v\u00e2nzarea software-ului nostru clien\u021bilor dumneavoastr\u0103! Programul nostru de parteneri v\u0103 permite s\u0103 \u00eencepe\u021bi s\u0103 lucra\u021bi cu noi chiar de ast\u0103zi, f\u0103r\u0103 investi\u021bii serioase! Ca partener, ve\u021bi lucra cu echipa din spatele unuia dintre cele mai bune sisteme ERP de pe pia\u021ba interna\u021bional\u0103. Suntem aici pentru a [&hellip;]\" \/>\n<meta property=\"og:url\" content=\"https:\/\/prim.io\/ro\/parteneriat\/\" \/>\n<meta property=\"og:site_name\" content=\"PRIM.IO\" \/>\n<meta property=\"article:publisher\" content=\"https:\/\/www.facebook.com\/primioerp\" \/>\n<meta property=\"article:modified_time\" content=\"2023-09-07T10:11:37+00:00\" \/>\n<meta property=\"og:image\" content=\"https:\/\/prim.io\/content\/uploads\/2023\/08\/salesray_working.jpg\" \/>\n\t<meta property=\"og:image:width\" content=\"2500\" \/>\n\t<meta property=\"og:image:height\" content=\"893\" \/>\n\t<meta property=\"og:image:type\" content=\"image\/jpeg\" \/>\n<meta name=\"twitter:card\" content=\"summary_large_image\" \/>\n<meta name=\"twitter:label1\" content=\"Timp estimat pentru citire\" \/>\n\t<meta name=\"twitter:data1\" content=\"2 minute\" \/>\n<script type=\"application\/ld+json\" class=\"yoast-schema-graph\">{\"@context\":\"https:\/\/schema.org\",\"@graph\":[{\"@type\":\"WebPage\",\"@id\":\"https:\/\/prim.io\/ro\/parteneriat\/\",\"url\":\"https:\/\/prim.io\/ro\/parteneriat\/\",\"name\":\"Programul partenerilor - Prim.io\",\"isPartOf\":{\"@id\":\"https:\/\/prim.io\/en\/#website\"},\"datePublished\":\"2017-11-14T13:49:03+00:00\",\"dateModified\":\"2023-09-07T10:11:37+00:00\",\"breadcrumb\":{\"@id\":\"https:\/\/prim.io\/ro\/parteneriat\/#breadcrumb\"},\"inLanguage\":\"ro-RO\",\"potentialAction\":[{\"@type\":\"ReadAction\",\"target\":[\"https:\/\/prim.io\/ro\/parteneriat\/\"]}]},{\"@type\":\"BreadcrumbList\",\"@id\":\"https:\/\/prim.io\/ro\/parteneriat\/#breadcrumb\",\"itemListElement\":[{\"@type\":\"ListItem\",\"position\":1,\"name\":\"PRIM.IO\",\"item\":\"https:\/\/prim.io\/ro\/\"},{\"@type\":\"ListItem\",\"position\":2,\"name\":\"Programul partenerilor\"}]},{\"@type\":\"WebSite\",\"@id\":\"https:\/\/prim.io\/en\/#website\",\"url\":\"https:\/\/prim.io\/en\/\",\"name\":\"PRIM.IO\",\"description\":\"Cloud based ERP, CRM, Sales, Finances and more\",\"publisher\":{\"@id\":\"https:\/\/prim.io\/en\/#organization\"},\"alternateName\":\"PRIM\",\"potentialAction\":[{\"@type\":\"SearchAction\",\"target\":{\"@type\":\"EntryPoint\",\"urlTemplate\":\"https:\/\/prim.io\/en\/?s={search_term_string}\"},\"query-input\":{\"@type\":\"PropertyValueSpecification\",\"valueRequired\":true,\"valueName\":\"search_term_string\"}}],\"inLanguage\":\"ro-RO\"},{\"@type\":\"Organization\",\"@id\":\"https:\/\/prim.io\/en\/#organization\",\"name\":\"PRIM.IO\",\"alternateName\":\"PRIM\",\"url\":\"https:\/\/prim.io\/en\/\",\"logo\":{\"@type\":\"ImageObject\",\"inLanguage\":\"ro-RO\",\"@id\":\"https:\/\/prim.io\/en\/#\/schema\/logo\/image\/\",\"url\":\"https:\/\/prim.io\/content\/uploads\/2024\/01\/prim_logo_big_icon_transp_256.png\",\"contentUrl\":\"https:\/\/prim.io\/content\/uploads\/2024\/01\/prim_logo_big_icon_transp_256.png\",\"width\":256,\"height\":256,\"caption\":\"PRIM.IO\"},\"image\":{\"@id\":\"https:\/\/prim.io\/en\/#\/schema\/logo\/image\/\"},\"sameAs\":[\"https:\/\/www.facebook.com\/primioerp\",\"https:\/\/www.linkedin.com\/showcase\/primioerp\"]}]}<\/script>\n<!-- \/ Yoast SEO plugin. -->","yoast_head_json":{"title":"Programul partenerilor - Prim.io","robots":{"index":"index","follow":"follow","max-snippet":"max-snippet:-1","max-image-preview":"max-image-preview:large","max-video-preview":"max-video-preview:-1"},"canonical":"https:\/\/prim.io\/ro\/parteneriat\/","og_locale":"ro_RO","og_type":"article","og_title":"Programul partenerilor - Prim.io","og_description":"C\u00e2\u0219tig\u0103m \u00eempreun\u0103! Beneficia\u021bi de cuno\u0219tin\u021bele \u0219i experien\u021ba noastr\u0103 prin v\u00e2nzarea software-ului nostru clien\u021bilor dumneavoastr\u0103! Programul nostru de parteneri v\u0103 permite s\u0103 \u00eencepe\u021bi s\u0103 lucra\u021bi cu noi chiar de ast\u0103zi, f\u0103r\u0103 investi\u021bii serioase! Ca partener, ve\u021bi lucra cu echipa din spatele unuia dintre cele mai bune sisteme ERP de pe pia\u021ba interna\u021bional\u0103. Suntem aici pentru a [&hellip;]","og_url":"https:\/\/prim.io\/ro\/parteneriat\/","og_site_name":"PRIM.IO","article_publisher":"https:\/\/www.facebook.com\/primioerp","article_modified_time":"2023-09-07T10:11:37+00:00","og_image":[{"width":2500,"height":893,"url":"https:\/\/prim.io\/content\/uploads\/2023\/08\/salesray_working.jpg","type":"image\/jpeg"}],"twitter_card":"summary_large_image","twitter_misc":{"Timp estimat pentru citire":"2 minute"},"schema":{"@context":"https:\/\/schema.org","@graph":[{"@type":"WebPage","@id":"https:\/\/prim.io\/ro\/parteneriat\/","url":"https:\/\/prim.io\/ro\/parteneriat\/","name":"Programul partenerilor - Prim.io","isPartOf":{"@id":"https:\/\/prim.io\/en\/#website"},"datePublished":"2017-11-14T13:49:03+00:00","dateModified":"2023-09-07T10:11:37+00:00","breadcrumb":{"@id":"https:\/\/prim.io\/ro\/parteneriat\/#breadcrumb"},"inLanguage":"ro-RO","potentialAction":[{"@type":"ReadAction","target":["https:\/\/prim.io\/ro\/parteneriat\/"]}]},{"@type":"BreadcrumbList","@id":"https:\/\/prim.io\/ro\/parteneriat\/#breadcrumb","itemListElement":[{"@type":"ListItem","position":1,"name":"PRIM.IO","item":"https:\/\/prim.io\/ro\/"},{"@type":"ListItem","position":2,"name":"Programul partenerilor"}]},{"@type":"WebSite","@id":"https:\/\/prim.io\/en\/#website","url":"https:\/\/prim.io\/en\/","name":"PRIM.IO","description":"Cloud based ERP, CRM, Sales, Finances and more","publisher":{"@id":"https:\/\/prim.io\/en\/#organization"},"alternateName":"PRIM","potentialAction":[{"@type":"SearchAction","target":{"@type":"EntryPoint","urlTemplate":"https:\/\/prim.io\/en\/?s={search_term_string}"},"query-input":{"@type":"PropertyValueSpecification","valueRequired":true,"valueName":"search_term_string"}}],"inLanguage":"ro-RO"},{"@type":"Organization","@id":"https:\/\/prim.io\/en\/#organization","name":"PRIM.IO","alternateName":"PRIM","url":"https:\/\/prim.io\/en\/","logo":{"@type":"ImageObject","inLanguage":"ro-RO","@id":"https:\/\/prim.io\/en\/#\/schema\/logo\/image\/","url":"https:\/\/prim.io\/content\/uploads\/2024\/01\/prim_logo_big_icon_transp_256.png","contentUrl":"https:\/\/prim.io\/content\/uploads\/2024\/01\/prim_logo_big_icon_transp_256.png","width":256,"height":256,"caption":"PRIM.IO"},"image":{"@id":"https:\/\/prim.io\/en\/#\/schema\/logo\/image\/"},"sameAs":["https:\/\/www.facebook.com\/primioerp","https:\/\/www.linkedin.com\/showcase\/primioerp"]}]}},"_links":{"self":[{"href":"https:\/\/prim.io\/ro\/wp-json\/wp\/v2\/pages\/1221"}],"collection":[{"href":"https:\/\/prim.io\/ro\/wp-json\/wp\/v2\/pages"}],"about":[{"href":"https:\/\/prim.io\/ro\/wp-json\/wp\/v2\/types\/page"}],"author":[{"embeddable":true,"href":"https:\/\/prim.io\/ro\/wp-json\/wp\/v2\/users\/3"}],"replies":[{"embeddable":true,"href":"https:\/\/prim.io\/ro\/wp-json\/wp\/v2\/comments?post=1221"}],"version-history":[{"count":25,"href":"https:\/\/prim.io\/ro\/wp-json\/wp\/v2\/pages\/1221\/revisions"}],"predecessor-version":[{"id":6334,"href":"https:\/\/prim.io\/ro\/wp-json\/wp\/v2\/pages\/1221\/revisions\/6334"}],"wp:attachment":[{"href":"https:\/\/prim.io\/ro\/wp-json\/wp\/v2\/media?parent=1221"}],"curies":[{"name":"wp","href":"https:\/\/api.w.org\/{rel}","templated":true}]}}