{"id":1205,"date":"2019-09-30T13:24:16","date_gmt":"2018-03-28T11:00:55","guid":{"rendered":"https:\/\/prim.io\/freetrial\/"},"modified":"2025-06-17T14:14:16","modified_gmt":"2025-06-17T11:14:16","slug":"trial-gratuit","status":"publish","type":"page","link":"https:\/\/prim.io\/ro\/trial-gratuit\/","title":{"rendered":"Trial gratuit"},"content":{"rendered":"<script src=\"https:\/\/www.google.com\/recaptcha\/api.js?render=6LdsV10aAAAAAKuYDjXDpVK6FttQUhjGqpgorWR8\"><\/script>\r\n<section id=\"demoform\" class=\"fullheight dim demoform\">\r\n\t<div class=\"overlay\">\r\n\t\t<style>\r\n\t\t\tbody.trial-gratuit > header { display: none; }\r\n\t\t\tbody.trial-gratuit > footer { display: none; }\r\n\t\t\tinput:invalid { color: red; }\r\n\t\t<\/style>\r\n\t<\/div>\r\n\t<flex class=\"content padded\">\r\n\t\t<a class=\"logo prim.io white\"><\/a>\r\n\t\t<div class=\"spot-content\">\r\n\t\t\t<header class=\"txt_center\">\r\n\t\t\t\t<h2><span class=\"type-msg\">30 ZILE TRIAL GRATUIT<\/span> Prim.io.\r\n\t\t\t\t<label class=\"plain\">\r\n\t\t\t\t\t<select id=\"domain_type\" onChange=\"replaceText()\">\r\n\t\t\t\t\t\t<option value=\"plus\">PLUS<\/option>\r\n\t\t\t\t\t\t<option value=\"pro\">PRO<\/option>\r\n\t\t\t\t\t<\/select>\r\n\t\t\t\t<\/label>\r\n\t\t\t\t<\/h2>\r\n\t\t\t<\/header>\r\n            <span>Numele domeniului Prim.io * (scris f\u0103r\u0103 spa\u021bii sau caractere speciale)<\/span>\r\n\t\t\t<div class=\"domain\">\r\n\t\t\t\t<div class=\"show-mob\">Numele domeniului Prim.io * (scris f\u0103r\u0103 spa\u021bii sau caractere speciale)<\/div>\r\n\t\t\t\t<flex>\r\n\t\t\t\t\t<input type=\"text\" placeholder=\"numele companiei aici\" id=\"domain_name\" pattern=\"[a-z,A-Z,0-9,-]{3,40}\" autofocus>\r\n\t\t\t\t\t<div class=\"input\">.prim.io<\/div>\r\n\t\t\t\t<\/flex>\r\n\t\t\t<\/div>\r\n\t\t\t<form name=\"request_form\">\r\n\t\t\t\t<input type=\"hidden\" id=\"origin\" name=\"origin\" value=\"ro\">\r\n\t\t\t\t<input type=\"hidden\" name=\"g-recaptcha-response\" id=\"g-recaptcha-response\">\r\n\t\t\t\t<input type=\"hidden\" name=\"action\" value=\"validate_captcha\">\r\n\t\t\t\t<div id=\"error_message_100\" class=\"error_message icon-attention\">\r\n \t\t\t\t\tNume de cont nevalid - \u00eencerca\u021bi f\u0103r\u0103 caractere speciale sau spa\u021bii.\r\n\t\t\t\t<\/div>\r\n\t\t\t\t<div id=\"error_message_101\" class=\"error_message icon-attention\">\r\n \t\t\t\t\tNu a fost introdus niciun nume de cont.\r\n\t\t\t\t<\/div>\r\n\t\t\t\t<div id=\"error_message_102\" class=\"error_message icon-attention\">\r\n \t\t\t\t\tNumele de cont exist\u0103 deja.\r\n\t\t\t\t<\/div>\r\n\t\t\t\t<div id=\"error_message_103\" class=\"error_message icon-attention\">\r\n \t\t\t\t\tNu exist\u0103 conturi disponibile \u00een acest moment. V\u0103 rug\u0103m s\u0103 \u00eencerca\u021bi mai t\u00e2rziu sau s\u0103 ne contacta\u021bi.\r\n\t\t\t\t<\/div>\r\n\t\t\t\t<div id=\"error_message_104\" class=\"error_message icon-attention\">\r\n \t\t\t\t\tNume de cont nevalid - \u00eencerca\u021bi f\u0103r\u0103 spa\u021bii.\r\n\t\t\t\t<\/div>\r\n\t\t\t\t<div id=\"error_message_105\" class=\"error_message icon-attention\">\r\n \t\t\t\t\tV\u0103 rug\u0103m s\u0103 introduce\u021bi o adres\u0103 de mail valid\u0103 pentru a v\u0103 trimite informa\u021biile de conectare.\r\n\t\t\t\t<\/div>\r\n\t\t\t\t<div id=\"error_message_106\" class=\"error_message icon-attention\">\r\n \t\t\t\t\tV\u0103 rug\u0103m s\u0103 verifica\u021bi din nou datele introduse.\r\n\t\t\t\t<\/div>\r\n\t\t\t\t<div id=\"error_message_107\" class=\"error_message icon-attention\">\r\n \t\t\t\t\tTrebuie s\u0103 fi\u021bi de acord cu \u201eTermenii de utilizare\u201d!\r\n\t\t\t\t<\/div>\r\n\t\t\t\t<div id=\"error_message_108\" class=\"error_message icon-attention\">\r\n \t\t\t\t\tV\u0103 rug\u0103m, introduce\u021bi num\u0103rul de contact!\r\n\t\t\t\t<\/div>\r\n\t\t\t\t<flex>\r\n\t\t\t\t\t<label>\r\n\t\t\t\t\t\t<span>Nume \u0219i Prenume<\/span>\r\n\t\t\t\t\t\t<input type=\"text\" placeholder=\"\" id=\"domain_user\">\r\n\t\t\t\t\t<\/label>\r\n\t\t\t\t\t<label>\r\n\t\t\t\t\t\t<span>E-mail *<\/span>\r\n\t\t\t\t\t\t<input type=\"email\" placeholder=\"\" class=\"required\" id=\"domain_email\" pattern=\"[a-z,A-Z,0-9,@,-,_,.,-]{3,40}\">\r\n\t\t\t\t\t<\/label>\r\n\t\t\t\t\t<label>\r\n\t\t\t\t\t\t<span>Telefon *<\/span>\r\n\t\t\t\t\t\t<input type=\"text\" placeholder=\"\" id=\"domain_phone\">\r\n\t\t\t\t\t<\/label>\r\n\t\t\t\t<\/flex>\r\n\t\t\t\t<p class=\"note\">Nu este necesar\u0103 nicio metod\u0103 de plat\u0103. Numele contului trebuie s\u0103 aib\u0103 cel pu\u021bin trei caractere \u0219i s\u0103 con\u021bin\u0103 doar litere latine \u0219i cifre (f\u0103r\u0103 caractere speciale sau spa\u021bii). Link-ul sistemului gratuit, numele de utilizator \u0219i parola vor fi trimise la adresa de e-mail furnizat\u0103. <br> &nbsp; <\/p>\r\n\t\t\t\t<flex class=\"terms_agreement\">\r\n\t\t\t\t\t<div class=\"hide-mob\">&nbsp;<\/div>\r\n\t\t\t\t\t<label class=\"fA\" onclick=\"getCaptcha()\">\r\n\t\t\t\t\t\t<input type=\"checkbox\" id=\"domain_terms\">\r\n\t\t\t\t\t\t<span>Am citit \u0219i accept <\/span>\r\n\t\t\t\t\t<\/label>\r\n\t\t\t\t\t<label class=\"fA\">\r\n\t\t\t\t\t\t<a href=\"..\/termsofuse\/\" target=\"_blank\" rel=\"noopener noreferrer\">Termenii de utilizare<\/a>\r\n\t\t\t\t\t<\/label>\r\n\t\t\t\t\t<label class=\"fA\">\r\n\t\t\t\t\t\t&nbsp; | &nbsp;\r\n\t\t\t\t\t\t<a href=\"..\/privacypolicy\/\" target=\"_blank\" rel=\"noopener noreferrer\">Politica de Confiden\u021bialitate<\/a>\r\n\t\t\t\t\t<\/label>\r\n\t\t\t\t\t<div class=\"hide-mob\">&nbsp;<\/div>\r\n\t\t\t\t<\/flex>\r\n\t\t\t\t<div class=\"txt_center\">\r\n\t\t\t\t\t<button class=\"mid green\" id=\"submit_form\" onclick=\"createDomain('trial'); return false;\">\r\n\t\t\t\t\t\t<span class=\"busy icon-spinner animate-spin\"><\/span>\r\n \t\t\t\t\t\t<span class=\"type-msg\">30 ZILE TRIAL GRATUIT<\/span>\r\n\t\t\t\t\t<\/button>\r\n\t\t\t\t\t<div id=\"error_message\" class=\"error_message\">\r\n\t\t\t\t\t\tExist\u0103 erori \u00een formular!\r\n\t\t\t\t\t<\/div>\r\n\t\t\t\t<\/div>\r\n\t\t\t<\/form>\r\n\t\t<\/div>\r\n\t<\/flex>\r\n<\/section>\r\n\r\n<section id=\"\" class=\"grey padded\">\r\n\t<div class=\"overlay\"><\/div>\r\n\t<div class=\"content\">\r\n\t\t<header class=\"txt_center\">\r\n\t\t\t<h2>\u00centreb\u0103ri frecvente<\/h2>\r\n\t\t<\/header>\r\n\r\n\t\t<div class=\"grid\">\r\n<div>\r\n<h3 class=\"icon-help-circled\">Ce ob\u021bin cu sistemul de trial gratuit?<\/h3>\r\nCu versiunea de trial gratuit, ve\u021bi ob\u021bine un sistem cu c\u00e2teva set\u0103ri ini\u021biale care v\u0103 vor ajuta s\u0103 \u00eencepe\u021bi lucrul c\u00e2t mai repede. \u00cen func\u021bie de planul ales, vor fi incluse diferite caracteristici \u0219i func\u021bionalit\u0103\u021bi \u00een domeniu dumneavoastr\u0103.\r\n<\/div>\r\n<div>\r\n<h3 class=\"icon-help-circled\">Nu \u00een\u021beleg cum s\u0103 configurez \u0219i cum s\u0103 lucrez cu sistemul. Cine m\u0103 poate ajuta?<\/h3>\r\nSistemul de trial gratuit vine cu o baz\u0103 de date goal\u0103. Dac\u0103 nu v\u0103 pute\u021bi da seama cum s\u0103 \u00eel configura\u021bi \u0219i cum s\u0103 lucra\u021bi cu software-ul, ne pute\u021bi suna la num\u0103rul de telefon +40 (31) 631 4371 \u0219i ve\u021bi putea organiza o demonstra\u021bie cu consultantul nostru. De asemenea, pute\u021bi ob\u021bine \u0219i serviciul de \u201eOnboarding \u0219i importuri ini\u021biale\u201d prin care v\u0103 vom ajuta cu toate set\u0103rile \u0219i importurile necesare. Pentru mai multe informa\u021bii, ne pute\u021bi urm\u0103ri canalul de Youtube, unde explic\u0103m diferite func\u021bionalit\u0103\u021bi ale software-ului.\r\n<\/div>\r\n<div>\r\n<h3 class=\"icon-help-circled\">Ce se \u00eent\u00e2mpl\u0103 dup\u0103 \u00eencheierea perioadei de trial gratuit?<\/h3>\r\nDup\u0103 perioada de trial, ave\u021bi posibilitatea s\u0103 \u00eencepe\u021bi s\u0103 pl\u0103ti\u021bi pentru serviciu. Ve\u021bi primi o factur\u0103 proform\u0103 generat\u0103 automat. V\u0103 vom p\u0103stra informa\u021biile pentru \u00eenc\u0103 30 de zile. Dac\u0103 nu primim plata \u00een aceste 30 de zile, v\u0103 vom \u0219terge contul de trial gratuit \u00eempreun\u0103 cu toate informa\u021biile din acesta.\r\n<\/div>\r\n\t\t<\/div>\r\n\t<\/div>\r\n<\/section>","protected":false},"excerpt":{"rendered":"<p>30 ZILE TRIAL GRATUIT Prim.io. PLUS PRO Numele domeniului Prim.io * (scris f\u0103r\u0103 spa\u021bii sau caractere speciale) Numele domeniului Prim.io * (scris f\u0103r\u0103 spa\u021bii sau caractere speciale) .prim.io Nume de cont nevalid &#8211; \u00eencerca\u021bi f\u0103r\u0103 caractere speciale sau spa\u021bii. Nu a fost introdus niciun nume de cont. Numele de cont exist\u0103 deja. Nu exist\u0103 conturi [&hellip;]<\/p>\n","protected":false},"author":2,"featured_media":0,"parent":0,"menu_order":5,"comment_status":"closed","ping_status":"closed","template":"","meta":{"footnotes":""},"yoast_head":"<!-- This site is optimized with the Yoast SEO plugin v24.5 - https:\/\/yoast.com\/wordpress\/plugins\/seo\/ -->\n<title>Trial gratuit - Prim.io<\/title>\n<meta name=\"robots\" content=\"index, follow, max-snippet:-1, max-image-preview:large, max-video-preview:-1\" \/>\n<link rel=\"canonical\" href=\"https:\/\/prim.io\/ro\/trial-gratuit\/\" \/>\n<meta property=\"og:locale\" content=\"ro_RO\" \/>\n<meta property=\"og:type\" content=\"article\" \/>\n<meta property=\"og:title\" content=\"Trial gratuit - Prim.io\" \/>\n<meta property=\"og:description\" content=\"30 ZILE TRIAL GRATUIT Prim.io. PLUS PRO Numele domeniului Prim.io * (scris f\u0103r\u0103 spa\u021bii sau caractere speciale) Numele domeniului Prim.io * (scris f\u0103r\u0103 spa\u021bii sau caractere speciale) .prim.io Nume de cont nevalid - \u00eencerca\u021bi f\u0103r\u0103 caractere speciale sau spa\u021bii. Nu a fost introdus niciun nume de cont. Numele de cont exist\u0103 deja. Nu exist\u0103 conturi [&hellip;]\" \/>\n<meta property=\"og:url\" content=\"https:\/\/prim.io\/ro\/trial-gratuit\/\" \/>\n<meta property=\"og:site_name\" content=\"PRIM.IO\" \/>\n<meta property=\"article:publisher\" content=\"https:\/\/www.facebook.com\/primioerp\" \/>\n<meta property=\"article:modified_time\" content=\"2025-06-17T11:14:16+00:00\" \/>\n<meta property=\"og:image\" content=\"https:\/\/prim.io\/content\/uploads\/2023\/08\/salesray_working.jpg\" \/>\n\t<meta property=\"og:image:width\" content=\"2500\" \/>\n\t<meta property=\"og:image:height\" content=\"893\" \/>\n\t<meta property=\"og:image:type\" content=\"image\/jpeg\" \/>\n<meta name=\"twitter:card\" content=\"summary_large_image\" \/>\n<meta name=\"twitter:label1\" content=\"Timp estimat pentru citire\" \/>\n\t<meta name=\"twitter:data1\" content=\"2 minute\" \/>\n<script type=\"application\/ld+json\" class=\"yoast-schema-graph\">{\"@context\":\"https:\/\/schema.org\",\"@graph\":[{\"@type\":\"WebPage\",\"@id\":\"https:\/\/prim.io\/ro\/trial-gratuit\/\",\"url\":\"https:\/\/prim.io\/ro\/trial-gratuit\/\",\"name\":\"Trial gratuit - Prim.io\",\"isPartOf\":{\"@id\":\"https:\/\/prim.io\/en\/#website\"},\"datePublished\":\"2018-03-28T11:00:55+00:00\",\"dateModified\":\"2025-06-17T11:14:16+00:00\",\"breadcrumb\":{\"@id\":\"https:\/\/prim.io\/ro\/trial-gratuit\/#breadcrumb\"},\"inLanguage\":\"ro-RO\",\"potentialAction\":[{\"@type\":\"ReadAction\",\"target\":[\"https:\/\/prim.io\/ro\/trial-gratuit\/\"]}]},{\"@type\":\"BreadcrumbList\",\"@id\":\"https:\/\/prim.io\/ro\/trial-gratuit\/#breadcrumb\",\"itemListElement\":[{\"@type\":\"ListItem\",\"position\":1,\"name\":\"PRIM.IO\",\"item\":\"https:\/\/prim.io\/ro\/\"},{\"@type\":\"ListItem\",\"position\":2,\"name\":\"Trial gratuit\"}]},{\"@type\":\"WebSite\",\"@id\":\"https:\/\/prim.io\/en\/#website\",\"url\":\"https:\/\/prim.io\/en\/\",\"name\":\"PRIM.IO\",\"description\":\"Cloud based ERP, CRM, Sales, Finances and more\",\"publisher\":{\"@id\":\"https:\/\/prim.io\/en\/#organization\"},\"alternateName\":\"PRIM\",\"potentialAction\":[{\"@type\":\"SearchAction\",\"target\":{\"@type\":\"EntryPoint\",\"urlTemplate\":\"https:\/\/prim.io\/en\/?s={search_term_string}\"},\"query-input\":{\"@type\":\"PropertyValueSpecification\",\"valueRequired\":true,\"valueName\":\"search_term_string\"}}],\"inLanguage\":\"ro-RO\"},{\"@type\":\"Organization\",\"@id\":\"https:\/\/prim.io\/en\/#organization\",\"name\":\"PRIM.IO\",\"alternateName\":\"PRIM\",\"url\":\"https:\/\/prim.io\/en\/\",\"logo\":{\"@type\":\"ImageObject\",\"inLanguage\":\"ro-RO\",\"@id\":\"https:\/\/prim.io\/en\/#\/schema\/logo\/image\/\",\"url\":\"https:\/\/prim.io\/content\/uploads\/2024\/01\/prim_logo_big_icon_transp_256.png\",\"contentUrl\":\"https:\/\/prim.io\/content\/uploads\/2024\/01\/prim_logo_big_icon_transp_256.png\",\"width\":256,\"height\":256,\"caption\":\"PRIM.IO\"},\"image\":{\"@id\":\"https:\/\/prim.io\/en\/#\/schema\/logo\/image\/\"},\"sameAs\":[\"https:\/\/www.facebook.com\/primioerp\",\"https:\/\/www.linkedin.com\/showcase\/primioerp\"]}]}<\/script>\n<!-- \/ Yoast SEO plugin. -->","yoast_head_json":{"title":"Trial gratuit - Prim.io","robots":{"index":"index","follow":"follow","max-snippet":"max-snippet:-1","max-image-preview":"max-image-preview:large","max-video-preview":"max-video-preview:-1"},"canonical":"https:\/\/prim.io\/ro\/trial-gratuit\/","og_locale":"ro_RO","og_type":"article","og_title":"Trial gratuit - Prim.io","og_description":"30 ZILE TRIAL GRATUIT Prim.io. PLUS PRO Numele domeniului Prim.io * (scris f\u0103r\u0103 spa\u021bii sau caractere speciale) Numele domeniului Prim.io * (scris f\u0103r\u0103 spa\u021bii sau caractere speciale) .prim.io Nume de cont nevalid - \u00eencerca\u021bi f\u0103r\u0103 caractere speciale sau spa\u021bii. Nu a fost introdus niciun nume de cont. Numele de cont exist\u0103 deja. Nu exist\u0103 conturi [&hellip;]","og_url":"https:\/\/prim.io\/ro\/trial-gratuit\/","og_site_name":"PRIM.IO","article_publisher":"https:\/\/www.facebook.com\/primioerp","article_modified_time":"2025-06-17T11:14:16+00:00","og_image":[{"width":2500,"height":893,"url":"https:\/\/prim.io\/content\/uploads\/2023\/08\/salesray_working.jpg","type":"image\/jpeg"}],"twitter_card":"summary_large_image","twitter_misc":{"Timp estimat pentru citire":"2 minute"},"schema":{"@context":"https:\/\/schema.org","@graph":[{"@type":"WebPage","@id":"https:\/\/prim.io\/ro\/trial-gratuit\/","url":"https:\/\/prim.io\/ro\/trial-gratuit\/","name":"Trial gratuit - Prim.io","isPartOf":{"@id":"https:\/\/prim.io\/en\/#website"},"datePublished":"2018-03-28T11:00:55+00:00","dateModified":"2025-06-17T11:14:16+00:00","breadcrumb":{"@id":"https:\/\/prim.io\/ro\/trial-gratuit\/#breadcrumb"},"inLanguage":"ro-RO","potentialAction":[{"@type":"ReadAction","target":["https:\/\/prim.io\/ro\/trial-gratuit\/"]}]},{"@type":"BreadcrumbList","@id":"https:\/\/prim.io\/ro\/trial-gratuit\/#breadcrumb","itemListElement":[{"@type":"ListItem","position":1,"name":"PRIM.IO","item":"https:\/\/prim.io\/ro\/"},{"@type":"ListItem","position":2,"name":"Trial gratuit"}]},{"@type":"WebSite","@id":"https:\/\/prim.io\/en\/#website","url":"https:\/\/prim.io\/en\/","name":"PRIM.IO","description":"Cloud based ERP, CRM, Sales, Finances and more","publisher":{"@id":"https:\/\/prim.io\/en\/#organization"},"alternateName":"PRIM","potentialAction":[{"@type":"SearchAction","target":{"@type":"EntryPoint","urlTemplate":"https:\/\/prim.io\/en\/?s={search_term_string}"},"query-input":{"@type":"PropertyValueSpecification","valueRequired":true,"valueName":"search_term_string"}}],"inLanguage":"ro-RO"},{"@type":"Organization","@id":"https:\/\/prim.io\/en\/#organization","name":"PRIM.IO","alternateName":"PRIM","url":"https:\/\/prim.io\/en\/","logo":{"@type":"ImageObject","inLanguage":"ro-RO","@id":"https:\/\/prim.io\/en\/#\/schema\/logo\/image\/","url":"https:\/\/prim.io\/content\/uploads\/2024\/01\/prim_logo_big_icon_transp_256.png","contentUrl":"https:\/\/prim.io\/content\/uploads\/2024\/01\/prim_logo_big_icon_transp_256.png","width":256,"height":256,"caption":"PRIM.IO"},"image":{"@id":"https:\/\/prim.io\/en\/#\/schema\/logo\/image\/"},"sameAs":["https:\/\/www.facebook.com\/primioerp","https:\/\/www.linkedin.com\/showcase\/primioerp"]}]}},"_links":{"self":[{"href":"https:\/\/prim.io\/ro\/wp-json\/wp\/v2\/pages\/1205"}],"collection":[{"href":"https:\/\/prim.io\/ro\/wp-json\/wp\/v2\/pages"}],"about":[{"href":"https:\/\/prim.io\/ro\/wp-json\/wp\/v2\/types\/page"}],"author":[{"embeddable":true,"href":"https:\/\/prim.io\/ro\/wp-json\/wp\/v2\/users\/2"}],"replies":[{"embeddable":true,"href":"https:\/\/prim.io\/ro\/wp-json\/wp\/v2\/comments?post=1205"}],"version-history":[{"count":64,"href":"https:\/\/prim.io\/ro\/wp-json\/wp\/v2\/pages\/1205\/revisions"}],"predecessor-version":[{"id":7571,"href":"https:\/\/prim.io\/ro\/wp-json\/wp\/v2\/pages\/1205\/revisions\/7571"}],"wp:attachment":[{"href":"https:\/\/prim.io\/ro\/wp-json\/wp\/v2\/media?parent=1205"}],"curies":[{"name":"wp","href":"https:\/\/api.w.org\/{rel}","templated":true}]}}